{"id":50320,"date":"2019-09-26T10:26:38","date_gmt":"2019-09-26T08:26:38","guid":{"rendered":"https:\/\/www.mp-molds.com\/product\/502-385-solid-gas-check-4-cavity-mold\/"},"modified":"2026-03-06T10:16:27","modified_gmt":"2026-03-06T09:16:27","slug":"502-385-controle-des-gaz-solides-moule-a-4-cavites","status":"publish","type":"product","link":"https:\/\/www.mp-molds.com\/fr\/product\/502-385-solid-gas-check-4-cavity-mold\/","title":{"rendered":"502-385 Moule solide \u00e0 3 cavit\u00e9s (multichoix)"},"content":{"rendered":"<ul>\n<li>Calibre .502 coul\u00e9<\/li>\n<li>3 cavit\u00e9<\/li>\n<li>400 grains solides<\/li>\n<li>id\u00e9al pour le Smith et le Beowulf<\/li>\n<li>Plaque de carotte en acier<\/li>\n<li>Goupilles d'alignement en acier tremp\u00e9<\/li>\n<li>Cl\u00e9s Allen incluses<\/li>\n<li>Poin\u00e7on RCBS\/Lyman inclus<\/li>\n<li>Utiliser la poign\u00e9e de la cavit\u00e9 LEE 6 ou les poign\u00e9es du moule MP (NON incluses)<\/li>\n<\/ul>\n<p>Voir les photos de nos produits dans\u00a0<a href=\"https:\/\/www.mp-molds.com\/WooCommerce\/product\/mp-432-hb-wc-2-cav\/index.php\/gallery\">galerie<\/a><\/p>","protected":false},"excerpt":{"rendered":"<ul>\n<li style=\"list-style-type: none;\">\n<ul>\n<li>Calibre .502 coul\u00e9<\/li>\n<li>3 cavit\u00e9<\/li>\n<li>400 grains solides<\/li>\n<li>id\u00e9al pour le Smith et le Beowulf<\/li>\n<li>Plaque de carotte en acier<\/li>\n<li>Goupilles d'alignement en acier tremp\u00e9<\/li>\n<li>Cl\u00e9s Allen incluses<\/li>\n<li>Poin\u00e7on RCBS\/Lyman inclus<\/li>\n<li>Utiliser la poign\u00e9e de la cavit\u00e9 LEE 6 ou les poign\u00e9es du moule MP (NON incluses)<\/li>\n<\/ul>\n<p>Voir les photos de nos produits dans\u00a0<a href=\"https:\/\/www.mp-molds.com\/WooCommerce\/product\/mp-432-hb-wc-2-cav\/index.php\/gallery\">galerie<\/a><\/li>\n<\/ul>","protected":false},"featured_media":49963,"comment_status":"open","ping_status":"open","template":"","meta":[],"product_brand":[],"product_cat":[24,33],"product_tag":[188],"class_list":{"0":"post-50320","1":"product","2":"type-product","3":"status-publish","4":"has-post-thumbnail","6":"product_cat-molds","7":"product_cat-solid-molds","8":"product_tag-500-sw","9":"pa_brand-mp-molds","10":"pa_caliber-as-cast-404","11":"pa_dodatni_opis-brass-mold-for-hobby-hand-casting-set-contains-mold-allen-keys-metal-pin","12":"pa_handles-included-no","13":"pa_manufacturer-mp-molds","14":"pa_material-brass","15":"pa_number-of-cavities-3-cavities","16":"pa_pb-bb-gc-hb-gas-check","17":"pa_pb-bb-gc-hb-plain-base","18":"pa_polica-7-1","20":"first","21":"instock","22":"sale","23":"taxable","24":"shipping-taxable","25":"purchasable","26":"product-type-variable"},"_links":{"self":[{"href":"https:\/\/www.mp-molds.com\/fr\/wp-json\/wp\/v2\/product\/50320","targetHints":{"allow":["GET"]}}],"collection":[{"href":"https:\/\/www.mp-molds.com\/fr\/wp-json\/wp\/v2\/product"}],"about":[{"href":"https:\/\/www.mp-molds.com\/fr\/wp-json\/wp\/v2\/types\/product"}],"replies":[{"embeddable":true,"href":"https:\/\/www.mp-molds.com\/fr\/wp-json\/wp\/v2\/comments?post=50320"}],"wp:featuredmedia":[{"embeddable":true,"href":"https:\/\/www.mp-molds.com\/fr\/wp-json\/wp\/v2\/media\/49963"}],"wp:attachment":[{"href":"https:\/\/www.mp-molds.com\/fr\/wp-json\/wp\/v2\/media?parent=50320"}],"wp:term":[{"taxonomy":"product_brand","embeddable":true,"href":"https:\/\/www.mp-molds.com\/fr\/wp-json\/wp\/v2\/product_brand?post=50320"},{"taxonomy":"product_cat","embeddable":true,"href":"https:\/\/www.mp-molds.com\/fr\/wp-json\/wp\/v2\/product_cat?post=50320"},{"taxonomy":"product_tag","embeddable":true,"href":"https:\/\/www.mp-molds.com\/fr\/wp-json\/wp\/v2\/product_tag?post=50320"}],"curies":[{"name":"wp","href":"https:\/\/api.w.org\/{rel}","templated":true}]}}