{"id":50245,"date":"2019-09-24T12:45:41","date_gmt":"2019-09-24T10:45:41","guid":{"rendered":"https:\/\/www.mp-molds.com\/product\/455-webley-man-stopper-hollow-base-4-cavity-mold\/"},"modified":"2026-03-08T03:09:41","modified_gmt":"2026-03-08T02:09:41","slug":"455-webley-man-stopper-hollow-base-4-cavity-mold","status":"publish","type":"product","link":"https:\/\/www.mp-molds.com\/fr\/product\/455-webley-man-stopper-hollow-base-4-cavity-mold\/","title":{"rendered":"455 Webley (Man stopper), HB, moule \u00e0 4 cavit\u00e9s"},"content":{"rendered":"<ul>\n<li>Calibre .455 coul\u00e9<\/li>\n<li>200 grains base creuse<\/li>\n<li>Plaque de carotte en acier<\/li>\n<li>Goupilles d'alignement en acier tremp\u00e9<\/li>\n<li>Cl\u00e9s Allen incluses<\/li>\n<li>Poin\u00e7on RCBS\/Lyman inclus<\/li>\n<li>Utiliser la poign\u00e9e de la cavit\u00e9 LEE 6 ou les poign\u00e9es du moule MP (NON incluses)<\/li>\n<\/ul>\n<p>Voir les photos de nos produits dans\u00a0<a href=\"https:\/\/www.mp-molds.com\/WooCommerce\/product\/mp-45-ruger-only-gc-hp-4-cav\/index.php\/gallery\">galerie<\/a><\/p>","protected":false},"excerpt":{"rendered":"<ul>\n<li>Calibre .455 coul\u00e9<\/li>\n<li>200 grains base creuse<\/li>\n<li>Plaque de carotte en acier<\/li>\n<li>Goupilles d'alignement en acier tremp\u00e9<\/li>\n<li>Cl\u00e9s Allen incluses<\/li>\n<li>Poin\u00e7on RCBS\/Lyman inclus<\/li>\n<li>Utiliser la poign\u00e9e de la cavit\u00e9 LEE 6 ou les poign\u00e9es du moule MP (NON incluses)<\/li>\n<\/ul>\n<p>Voir les photos de nos produits dans\u00a0<a href=\"https:\/\/www.mp-molds.com\/WooCommerce\/product\/mp-45-ruger-only-gc-hp-4-cav\/index.php\/gallery\">galerie<\/a><\/p>","protected":false},"featured_media":50246,"comment_status":"open","ping_status":"open","template":"","meta":[],"product_brand":[],"product_cat":[25,24],"product_tag":[488],"class_list":{"0":"post-50245","1":"product","2":"type-product","3":"status-publish","4":"has-post-thumbnail","6":"product_cat-hb-hollow-base-molds","7":"product_cat-molds","8":"product_tag-455-webley","9":"pa_brand-mp-molds","10":"pa_caliber-as-cast-385","11":"pa_dodatni_opis-brass-mold-for-hobby-hand-casting-set-contains-mold-allen-keys-metal-pins-e-clips","12":"pa_handles-included-no","13":"pa_manufacturer-mp-molds","14":"pa_material-brass","15":"pa_number-of-cavities-4-cavities","16":"pa_pb-bb-gc-hb-hollow-base","17":"pa_polica-12-6","19":"first","20":"instock","21":"sale","22":"featured","23":"taxable","24":"shipping-taxable","25":"purchasable","26":"product-type-simple"},"_links":{"self":[{"href":"https:\/\/www.mp-molds.com\/fr\/wp-json\/wp\/v2\/product\/50245","targetHints":{"allow":["GET"]}}],"collection":[{"href":"https:\/\/www.mp-molds.com\/fr\/wp-json\/wp\/v2\/product"}],"about":[{"href":"https:\/\/www.mp-molds.com\/fr\/wp-json\/wp\/v2\/types\/product"}],"replies":[{"embeddable":true,"href":"https:\/\/www.mp-molds.com\/fr\/wp-json\/wp\/v2\/comments?post=50245"}],"wp:featuredmedia":[{"embeddable":true,"href":"https:\/\/www.mp-molds.com\/fr\/wp-json\/wp\/v2\/media\/50246"}],"wp:attachment":[{"href":"https:\/\/www.mp-molds.com\/fr\/wp-json\/wp\/v2\/media?parent=50245"}],"wp:term":[{"taxonomy":"product_brand","embeddable":true,"href":"https:\/\/www.mp-molds.com\/fr\/wp-json\/wp\/v2\/product_brand?post=50245"},{"taxonomy":"product_cat","embeddable":true,"href":"https:\/\/www.mp-molds.com\/fr\/wp-json\/wp\/v2\/product_cat?post=50245"},{"taxonomy":"product_tag","embeddable":true,"href":"https:\/\/www.mp-molds.com\/fr\/wp-json\/wp\/v2\/product_tag?post=50245"}],"curies":[{"name":"wp","href":"https:\/\/api.w.org\/{rel}","templated":true}]}}