{"id":50225,"date":"2019-09-24T11:32:50","date_gmt":"2019-09-24T09:32:50","guid":{"rendered":"https:\/\/www.mp-molds.com\/product\/8mm-hunter-gas-check-solid-2-cavity-mold\/"},"modified":"2026-03-06T10:15:22","modified_gmt":"2026-03-06T09:15:22","slug":"8mm-hunter-gas-check-solid-2-cavity-mold","status":"publish","type":"product","link":"https:\/\/www.mp-molds.com\/fr\/product\/8mm-hunter-gas-check-solid-2-cavity-mold\/","title":{"rendered":"8mm Hnt, Gas Check Solid, 2 Cavity Mold"},"content":{"rendered":"<ul>\n<li>Diam. coul\u00e9 .326 avec poids de roue en alliage (peut varier - d\u00e9pend de l'alliage)<\/li>\n<li>183 grains solides<\/li>\n<li>Plaque de carotte en acier<\/li>\n<li>Goupilles d'alignement en acier tremp\u00e9<\/li>\n<li>Cl\u00e9s Allen incluses<\/li>\n<li>Poin\u00e7on RCBS\/Lyman inclus<\/li>\n<li>Utiliser la poign\u00e9e de la cavit\u00e9 LEE 6 ou les poign\u00e9es du moule MP (NON incluses)<\/li>\n<\/ul>\n<p>Voir les photos de nos produits dans\u00a0<a href=\"https:\/\/www.mp-molds.com\/WooCommerce\/product\/9mm-38cal-swc-hg275-clone\/index.php\/gallery\">galerie<\/a><\/p>","protected":false},"excerpt":{"rendered":"<ul>\n<li>Diam. coul\u00e9 .326 avec poids de roue en alliage (peut varier - d\u00e9pend de l'alliage)<\/li>\n<li>183 grains solides<\/li>\n<li>Plaque de carotte en acier<\/li>\n<li>Goupilles d'alignement en acier tremp\u00e9<\/li>\n<li>Cl\u00e9s Allen incluses<\/li>\n<li>Poin\u00e7on RCBS\/Lyman inclus<\/li>\n<li>Utiliser la poign\u00e9e de la cavit\u00e9 LEE 6 ou les poign\u00e9es du moule MP (NON incluses)<\/li>\n<\/ul>\n<p>Voir les photos de nos produits dans\u00a0<a href=\"https:\/\/www.mp-molds.com\/WooCommerce\/product\/9mm-38cal-swc-hg275-clone\/index.php\/gallery\">galerie<\/a><\/p>","protected":false},"featured_media":50224,"comment_status":"open","ping_status":"open","template":"","meta":[],"product_brand":[],"product_cat":[24,33],"product_tag":[465],"class_list":{"0":"post-50225","1":"product","2":"type-product","3":"status-publish","4":"has-post-thumbnail","6":"product_cat-molds","7":"product_cat-solid-molds","8":"product_tag-8mmmauser","9":"pa_brand-mp-molds","10":"pa_caliber-as-cast-408","11":"pa_caliber-as-cast-409","12":"pa_caliber-as-cast-8mm","13":"pa_dodatni_opis-brass-mold-for-hobby-hand-casting-set-contains-mold-allen-keys-metal-pin","14":"pa_handles-included-no","15":"pa_manufacturer-mp-molds","16":"pa_material-brass","17":"pa_number-of-cavities-2-cavites","18":"pa_pb-bb-gc-hb-gas-check","19":"pa_polica-11-4","21":"first","22":"instock","23":"sale","24":"taxable","25":"shipping-taxable","26":"purchasable","27":"product-type-simple"},"_links":{"self":[{"href":"https:\/\/www.mp-molds.com\/fr\/wp-json\/wp\/v2\/product\/50225","targetHints":{"allow":["GET"]}}],"collection":[{"href":"https:\/\/www.mp-molds.com\/fr\/wp-json\/wp\/v2\/product"}],"about":[{"href":"https:\/\/www.mp-molds.com\/fr\/wp-json\/wp\/v2\/types\/product"}],"replies":[{"embeddable":true,"href":"https:\/\/www.mp-molds.com\/fr\/wp-json\/wp\/v2\/comments?post=50225"}],"wp:featuredmedia":[{"embeddable":true,"href":"https:\/\/www.mp-molds.com\/fr\/wp-json\/wp\/v2\/media\/50224"}],"wp:attachment":[{"href":"https:\/\/www.mp-molds.com\/fr\/wp-json\/wp\/v2\/media?parent=50225"}],"wp:term":[{"taxonomy":"product_brand","embeddable":true,"href":"https:\/\/www.mp-molds.com\/fr\/wp-json\/wp\/v2\/product_brand?post=50225"},{"taxonomy":"product_cat","embeddable":true,"href":"https:\/\/www.mp-molds.com\/fr\/wp-json\/wp\/v2\/product_cat?post=50225"},{"taxonomy":"product_tag","embeddable":true,"href":"https:\/\/www.mp-molds.com\/fr\/wp-json\/wp\/v2\/product_tag?post=50225"}],"curies":[{"name":"wp","href":"https:\/\/api.w.org\/{rel}","templated":true}]}}