{"id":50217,"date":"2019-09-24T11:04:52","date_gmt":"2019-09-24T09:04:52","guid":{"rendered":"https:\/\/www.mp-molds.com\/product\/327-joulnir-hollow-point-4-cavity-mold\/"},"modified":"2026-03-28T20:00:48","modified_gmt":"2026-03-28T19:00:48","slug":"327-joulnir-hollow-point-4-cavity-mold","status":"publish","type":"product","link":"https:\/\/www.mp-molds.com\/fr\/product\/327-joulnir-hollow-point-4-cavity-mold\/","title":{"rendered":"327 Joulnir, moule HP (multi-choix)"},"content":{"rendered":"<ul>\n<li>diam .314 avec poids de roue en alliage (peut varier - d\u00e9pend de l'alliage)<\/li>\n<li>HP Cup 126 grains, Large 123 grains<\/li>\n<li>130 grains solides<\/li>\n<li>0.297\u2033 de l'embase \u00e0 la rainure de sertissage<\/li>\n<li>Convient aux armes de poing ou aux carabines 32 H&amp;R ou 327 Fed. Magnum<\/li>\n<li>Plaque de carotte en acier<\/li>\n<li>Goupilles d'alignement en acier tremp\u00e9<\/li>\n<li>Cl\u00e9s Allen incluses<\/li>\n<li>Poin\u00e7on RCBS\/Lyman inclus<\/li>\n<li>Utiliser la poign\u00e9e de la cavit\u00e9 LEE 6 ou les poign\u00e9es du moule MP (NON incluses)<\/li>\n<\/ul>\n<p>Voir les photos de nos produits dans\u00a0<a href=\"https:\/\/www.mp-molds.com\/WooCommerce\/product\/9mm-38cal-swc-hg275-clone\/index.php\/gallery\">galerie<\/a><\/p>","protected":false},"excerpt":{"rendered":"<ul>\n<li>diam .314 avec poids de roue en alliage (peut varier - d\u00e9pend de l'alliage)<\/li>\n<li>HP Cup 126 grains, Large 123 grains<\/li>\n<li>130 grains solides<\/li>\n<li>0.297\u2033 de l'embase \u00e0 la rainure de sertissage<\/li>\n<li>Convient aux armes de poing ou aux carabines 32 H&amp;R ou 327 Fed. Magnum<\/li>\n<li>Plaque de carotte en acier<\/li>\n<li>Goupilles d'alignement en acier tremp\u00e9<\/li>\n<li>Cl\u00e9s Allen incluses<\/li>\n<li>Poin\u00e7on RCBS\/Lyman inclus<\/li>\n<li>Utiliser la poign\u00e9e de la cavit\u00e9 LEE 6 ou les poign\u00e9es du moule MP (NON incluses)<\/li>\n<\/ul>\n<p>Voir les photos de nos produits dans\u00a0<a href=\"https:\/\/www.mp-molds.com\/WooCommerce\/product\/9mm-38cal-swc-hg275-clone\/index.php\/gallery\">galerie<\/a><\/p>","protected":false},"featured_media":50218,"comment_status":"open","ping_status":"open","template":"","meta":[],"product_brand":[],"product_cat":[42,24],"product_tag":[491],"class_list":{"0":"post-50217","1":"product","2":"type-product","3":"status-publish","4":"has-post-thumbnail","6":"product_cat-hp-hollow-points-molds","7":"product_cat-molds","8":"product_tag-327-mag","9":"pa_brand-mp-molds","10":"pa_caliber-as-cast-389","11":"pa_dodatni_opis-brass-mold-for-hobby-hand-casting-set-contains-mold-allen-keys-metal-pins-e-clips","12":"pa_handles-included-no","13":"pa_manufacturer-mp-molds","14":"pa_material-brass","15":"pa_number-of-cavities-2-cavites","16":"pa_number-of-cavities-4-cavities","17":"pa_pb-bb-gc-hb-gas-check","18":"pa_pb-bb-gc-hb-plain-base","19":"pa_polica-1-5","20":"pa_polica-3-1","21":"pa_polica-8-2","23":"first","24":"instock","25":"sale","26":"taxable","27":"shipping-taxable","28":"purchasable","29":"product-type-variable"},"_links":{"self":[{"href":"https:\/\/www.mp-molds.com\/fr\/wp-json\/wp\/v2\/product\/50217","targetHints":{"allow":["GET"]}}],"collection":[{"href":"https:\/\/www.mp-molds.com\/fr\/wp-json\/wp\/v2\/product"}],"about":[{"href":"https:\/\/www.mp-molds.com\/fr\/wp-json\/wp\/v2\/types\/product"}],"replies":[{"embeddable":true,"href":"https:\/\/www.mp-molds.com\/fr\/wp-json\/wp\/v2\/comments?post=50217"}],"wp:featuredmedia":[{"embeddable":true,"href":"https:\/\/www.mp-molds.com\/fr\/wp-json\/wp\/v2\/media\/50218"}],"wp:attachment":[{"href":"https:\/\/www.mp-molds.com\/fr\/wp-json\/wp\/v2\/media?parent=50217"}],"wp:term":[{"taxonomy":"product_brand","embeddable":true,"href":"https:\/\/www.mp-molds.com\/fr\/wp-json\/wp\/v2\/product_brand?post=50217"},{"taxonomy":"product_cat","embeddable":true,"href":"https:\/\/www.mp-molds.com\/fr\/wp-json\/wp\/v2\/product_cat?post=50217"},{"taxonomy":"product_tag","embeddable":true,"href":"https:\/\/www.mp-molds.com\/fr\/wp-json\/wp\/v2\/product_tag?post=50217"}],"curies":[{"name":"wp","href":"https:\/\/api.w.org\/{rel}","templated":true}]}}