{"id":50074,"date":"2019-06-04T14:42:34","date_gmt":"2019-06-04T12:42:34","guid":{"rendered":"https:\/\/www.mp-molds.com\/product\/mp-357-125-hp-pb-4-cav\/"},"modified":"2026-04-14T12:06:55","modified_gmt":"2026-04-14T10:06:55","slug":"mp-357-125-hp-pb-4-cav","status":"publish","type":"product","link":"https:\/\/www.mp-molds.com\/fr\/product\/mp-357-125-hp-pb-4-cav\/","title":{"rendered":"MP 357-125 HP PB 4 Moule \u00e0 cavit\u00e9"},"content":{"rendered":"<ul>\n<li>Calibre 357 - 125 \u00e0 pointe creuse ou 130 grain solide<\/li>\n<li>Utilisable \u00e9galement en 9 mm. Taille facilement jusqu'\u00e0 un diam\u00e8tre de 0,356.<\/li>\n<li>Plaque de carotte en acier<\/li>\n<li>Goupilles d'alignement en acier tremp\u00e9<\/li>\n<li>Cl\u00e9s Allen incluses<\/li>\n<li>Poin\u00e7on RCBS\/Lyman inclus<\/li>\n<li>Utiliser la poign\u00e9e de la cavit\u00e9 LEE 6 ou les poign\u00e9es du moule MP (NON incluses)<\/li>\n<li>pointes creuses et pointes vierges<\/li>\n<\/ul>\n<p>Voir les photos de nos produits dans <a href=\"index.php\/gallery\">galerie<\/a><\/p>","protected":false},"excerpt":{"rendered":"<ul>\n<li>Calibre 357 - 125 \u00e0 pointe creuse ou 130 grain solide<\/li>\n<li>Utilisable \u00e9galement en 9 mm. Taille facilement jusqu'\u00e0 un diam\u00e8tre de 0,356.<\/li>\n<li>Plaque de carotte en acier<\/li>\n<li>Goupilles d'alignement en acier tremp\u00e9<\/li>\n<li>Cl\u00e9s Allen incluses<\/li>\n<li>Poin\u00e7on RCBS\/Lyman inclus<\/li>\n<li>Utiliser la poign\u00e9e de la cavit\u00e9 LEE 6 ou les poign\u00e9es du moule MP (NON incluses)<\/li>\n<li>pointes creuses et pointes vierges<\/li>\n<\/ul>\n<p>Voir les photos de nos produits dans <a href=\"index.php\/gallery\">galerie<\/a><\/p>","protected":false},"featured_media":49920,"comment_status":"open","ping_status":"closed","template":"","meta":[],"product_brand":[],"product_cat":[42,24,43],"product_tag":[443,186,48,444],"class_list":{"0":"post-50074","1":"product","2":"type-product","3":"status-publish","4":"has-post-thumbnail","6":"product_cat-hp-hollow-points-molds","7":"product_cat-molds","8":"product_cat-pistol-hp-molds","9":"product_tag-38super","10":"product_tag-9mm","11":"product_tag-9x17","12":"product_tag-9x21","13":"pa_brand-mp-molds","14":"pa_caliber-as-cast-397","15":"pa_dodatni_opis-brass-mold-for-hobby-hand-casting-set-contains-mold-allen-keys-metal-pins-e-clips","16":"pa_handles-included-no","17":"pa_manufacturer-mp-molds","18":"pa_material-brass","19":"pa_number-of-cavities-4-cavities","20":"pa_pb-bb-gc-hb-plain-base","21":"pa_polica-5-2","23":"first","24":"instock","25":"sale","26":"taxable","27":"shipping-taxable","28":"purchasable","29":"product-type-simple"},"_links":{"self":[{"href":"https:\/\/www.mp-molds.com\/fr\/wp-json\/wp\/v2\/product\/50074","targetHints":{"allow":["GET"]}}],"collection":[{"href":"https:\/\/www.mp-molds.com\/fr\/wp-json\/wp\/v2\/product"}],"about":[{"href":"https:\/\/www.mp-molds.com\/fr\/wp-json\/wp\/v2\/types\/product"}],"replies":[{"embeddable":true,"href":"https:\/\/www.mp-molds.com\/fr\/wp-json\/wp\/v2\/comments?post=50074"}],"wp:featuredmedia":[{"embeddable":true,"href":"https:\/\/www.mp-molds.com\/fr\/wp-json\/wp\/v2\/media\/49920"}],"wp:attachment":[{"href":"https:\/\/www.mp-molds.com\/fr\/wp-json\/wp\/v2\/media?parent=50074"}],"wp:term":[{"taxonomy":"product_brand","embeddable":true,"href":"https:\/\/www.mp-molds.com\/fr\/wp-json\/wp\/v2\/product_brand?post=50074"},{"taxonomy":"product_cat","embeddable":true,"href":"https:\/\/www.mp-molds.com\/fr\/wp-json\/wp\/v2\/product_cat?post=50074"},{"taxonomy":"product_tag","embeddable":true,"href":"https:\/\/www.mp-molds.com\/fr\/wp-json\/wp\/v2\/product_tag?post=50074"}],"curies":[{"name":"wp","href":"https:\/\/api.w.org\/{rel}","templated":true}]}}