{"id":50029,"date":"2019-06-04T16:42:25","date_gmt":"2019-06-04T14:42:25","guid":{"rendered":"https:\/\/www.mp-molds.com\/product\/mp-356-125-2r-6cav-bevel-base\/"},"modified":"2026-04-15T10:48:44","modified_gmt":"2026-04-15T08:48:44","slug":"mp-356-125-2r-6cav-bevel-base","status":"publish","type":"product","link":"https:\/\/www.mp-molds.com\/fr\/product\/mp-356-125-2r-6cav-bevel-base\/","title":{"rendered":"MP 356-125 2R (359 cal.) 6 cavity Bevel base mold"},"content":{"rendered":"<ul>\n<li>Calibre .359 coul\u00e9 - 125 solide<\/li>\n<li>Utilisable \u00e9galement en 9 mm. Taille facilement jusqu'\u00e0 un diam\u00e8tre de 0,356.<\/li>\n<li>Plaque de carotte en acier<\/li>\n<li>Goupilles d'alignement en acier tremp\u00e9<\/li>\n<li>Cl\u00e9s Allen incluses<\/li>\n<li>Poin\u00e7on RCBS\/Lyman inclus<\/li>\n<li>Utiliser la poign\u00e9e de la cavit\u00e9 LEE 6 ou les poign\u00e9es du moule MP (NON incluses)<\/li>\n<\/ul>\n<p>Voir les photos de nos produits dans <a href=\"index.php\/gallery\">galerie<\/a><\/p>","protected":false},"excerpt":{"rendered":"<ul>\n<li>Calibre .359 coul\u00e9 - 125 solide<\/li>\n<li>Utilisable \u00e9galement en 9 mm. Taille facilement jusqu'\u00e0 un diam\u00e8tre de 0,356.<\/li>\n<li>Plaque de carotte en acier<\/li>\n<li>Goupilles d'alignement en acier tremp\u00e9<\/li>\n<li>Cl\u00e9s Allen incluses<\/li>\n<li>Poin\u00e7on RCBS\/Lyman inclus<\/li>\n<li>Utiliser la poign\u00e9e de la cavit\u00e9 LEE 6 ou les poign\u00e9es du moule MP (NON incluses)<\/li>\n<\/ul>\n<p>Voir les photos de nos produits dans <a href=\"index.php\/gallery\">galerie<\/a><\/p>","protected":false},"featured_media":50030,"comment_status":"open","ping_status":"closed","template":"","meta":[],"product_brand":[],"product_cat":[24,33],"product_tag":[443,186,48,444],"class_list":{"0":"post-50029","1":"product","2":"type-product","3":"status-publish","4":"has-post-thumbnail","6":"product_cat-molds","7":"product_cat-solid-molds","8":"product_tag-38super","9":"product_tag-9mm","10":"product_tag-9x17","11":"product_tag-9x21","12":"pa_brand-mp-molds","13":"pa_caliber-as-cast-391","14":"pa_dodatni_opis-brass-mold-for-hobby-hand-casting-set-contains-mold-allen-keys-metal-pin","15":"pa_handles-included-no","16":"pa_manufacturer-mp-molds","17":"pa_material-brass","18":"pa_number-of-cavities-6-cavities","19":"pa_pb-bb-gc-hb-bevel-base","20":"pa_polica-13-0","22":"first","23":"instock","24":"sale","25":"taxable","26":"shipping-taxable","27":"purchasable","28":"product-type-simple"},"_links":{"self":[{"href":"https:\/\/www.mp-molds.com\/fr\/wp-json\/wp\/v2\/product\/50029","targetHints":{"allow":["GET"]}}],"collection":[{"href":"https:\/\/www.mp-molds.com\/fr\/wp-json\/wp\/v2\/product"}],"about":[{"href":"https:\/\/www.mp-molds.com\/fr\/wp-json\/wp\/v2\/types\/product"}],"replies":[{"embeddable":true,"href":"https:\/\/www.mp-molds.com\/fr\/wp-json\/wp\/v2\/comments?post=50029"}],"wp:featuredmedia":[{"embeddable":true,"href":"https:\/\/www.mp-molds.com\/fr\/wp-json\/wp\/v2\/media\/50030"}],"wp:attachment":[{"href":"https:\/\/www.mp-molds.com\/fr\/wp-json\/wp\/v2\/media?parent=50029"}],"wp:term":[{"taxonomy":"product_brand","embeddable":true,"href":"https:\/\/www.mp-molds.com\/fr\/wp-json\/wp\/v2\/product_brand?post=50029"},{"taxonomy":"product_cat","embeddable":true,"href":"https:\/\/www.mp-molds.com\/fr\/wp-json\/wp\/v2\/product_cat?post=50029"},{"taxonomy":"product_tag","embeddable":true,"href":"https:\/\/www.mp-molds.com\/fr\/wp-json\/wp\/v2\/product_tag?post=50029"}],"curies":[{"name":"wp","href":"https:\/\/api.w.org\/{rel}","templated":true}]}}