{"id":50005,"date":"2019-06-04T14:42:23","date_gmt":"2019-06-04T12:42:23","guid":{"rendered":"https:\/\/www.mp-molds.com\/product\/mp-432-256-pb-hp-2-cav\/"},"modified":"2026-03-24T02:04:11","modified_gmt":"2026-03-24T01:04:11","slug":"mp-432-256-pb-hp-2-cav","status":"publish","type":"product","link":"https:\/\/www.mp-molds.com\/fr\/product\/mp-432-256-pb-hp-2-cav\/","title":{"rendered":"MP 432-256 PB HP moule \u00e0 2 cavit\u00e9s"},"content":{"rendered":"<ul>\n<li>Calibre .432 coul\u00e9<\/li>\n<li>Clone c\u00e9l\u00e8bre de HG#503<\/li>\n<li>solide 260 g, 238 g penta, 245 g grand rond avec alliage WW<\/li>\n<li>Grandes \u00e9pingles rondes, petites \u00e9pingles rondes, \u00e9pingles p\u00e9nates et \u00e9pingles vierges incluses<\/li>\n<li>Plaque de carotte en acier<\/li>\n<li>Goupilles d'alignement en acier tremp\u00e9<\/li>\n<li>Cl\u00e9s Allen incluses<\/li>\n<li>Poin\u00e7on RCBS\/Lyman inclus<\/li>\n<li>Utiliser la poign\u00e9e de la cavit\u00e9 LEE 6 ou les poign\u00e9es du moule MP (NON incluses)<\/li>\n<\/ul>\n<p>Voir les photos de nos produits dans <a href=\"index.php\/gallery\">galerie<\/a><\/p>","protected":false},"excerpt":{"rendered":"<ul>\n<li>Calibre .432 coul\u00e9<\/li>\n<li>Clone c\u00e9l\u00e8bre de HG#503<\/li>\n<li>solide 260 g, 238 g penta, 245 g grand rond avec alliage WW<\/li>\n<li>Grandes \u00e9pingles rondes, petites \u00e9pingles rondes, \u00e9pingles p\u00e9nates et \u00e9pingles vierges incluses<\/li>\n<li>Plaque de carotte en acier<\/li>\n<li>Goupilles d'alignement en acier tremp\u00e9<\/li>\n<li>Cl\u00e9s Allen incluses<\/li>\n<li>Poin\u00e7on RCBS\/Lyman inclus<\/li>\n<li>Utiliser la poign\u00e9e de la cavit\u00e9 LEE 6 ou les poign\u00e9es du moule MP (NON incluses)<\/li>\n<\/ul>\n<p>Voir les photos de nos produits dans <a href=\"index.php\/gallery\">galerie<\/a><\/p>","protected":false},"featured_media":50000,"comment_status":"open","ping_status":"open","template":"","meta":[],"product_brand":[],"product_cat":[42,24],"product_tag":[478,437],"class_list":{"0":"post-50005","1":"product","2":"type-product","3":"status-publish","4":"has-post-thumbnail","6":"product_cat-hp-hollow-points-molds","7":"product_cat-molds","8":"product_tag-44-spl","9":"product_tag-44magnum","10":"pa_brand-mp-molds","11":"pa_caliber-as-cast-387","12":"pa_dodatni_opis-brass-mold-for-hobby-hand-casting-set-contains-mold-allen-keys-metal-pins-e-clips","13":"pa_handles-included-no","14":"pa_manufacturer-mp-molds","15":"pa_material-brass","16":"pa_number-of-cavities-2-cavites","17":"pa_pb-bb-gc-hb-plain-base","18":"pa_polica-9-1","20":"first","21":"instock","22":"sale","23":"taxable","24":"shipping-taxable","25":"purchasable","26":"product-type-simple"},"_links":{"self":[{"href":"https:\/\/www.mp-molds.com\/fr\/wp-json\/wp\/v2\/product\/50005","targetHints":{"allow":["GET"]}}],"collection":[{"href":"https:\/\/www.mp-molds.com\/fr\/wp-json\/wp\/v2\/product"}],"about":[{"href":"https:\/\/www.mp-molds.com\/fr\/wp-json\/wp\/v2\/types\/product"}],"replies":[{"embeddable":true,"href":"https:\/\/www.mp-molds.com\/fr\/wp-json\/wp\/v2\/comments?post=50005"}],"wp:featuredmedia":[{"embeddable":true,"href":"https:\/\/www.mp-molds.com\/fr\/wp-json\/wp\/v2\/media\/50000"}],"wp:attachment":[{"href":"https:\/\/www.mp-molds.com\/fr\/wp-json\/wp\/v2\/media?parent=50005"}],"wp:term":[{"taxonomy":"product_brand","embeddable":true,"href":"https:\/\/www.mp-molds.com\/fr\/wp-json\/wp\/v2\/product_brand?post=50005"},{"taxonomy":"product_cat","embeddable":true,"href":"https:\/\/www.mp-molds.com\/fr\/wp-json\/wp\/v2\/product_cat?post=50005"},{"taxonomy":"product_tag","embeddable":true,"href":"https:\/\/www.mp-molds.com\/fr\/wp-json\/wp\/v2\/product_tag?post=50005"}],"curies":[{"name":"wp","href":"https:\/\/api.w.org\/{rel}","templated":true}]}}