{"id":51336,"date":"2025-08-23T18:08:01","date_gmt":"2025-08-23T16:08:01","guid":{"rendered":"https:\/\/www.mp-molds.com\/?page_id=51336"},"modified":"2025-09-05T11:20:54","modified_gmt":"2025-09-05T09:20:54","slug":"logiciel-de-rechargement","status":"publish","type":"page","link":"https:\/\/www.mp-molds.com\/fr\/reloading-software\/","title":{"rendered":"Logiciel de rechargement"},"content":{"rendered":"<div data-elementor-type=\"wp-page\" data-elementor-id=\"51336\" class=\"elementor elementor-51336\" data-elementor-post-type=\"page\">\n\t\t\t\t<div class=\"elementor-element elementor-element-bb24d7e e-flex e-con-boxed wpr-particle-no wpr-jarallax-no wpr-parallax-no wpr-sticky-section-no wpr-equal-height-no e-con e-parent\" data-id=\"bb24d7e\" data-element_type=\"container\" data-e-type=\"container\">\n\t\t\t\t\t<div class=\"e-con-inner\">\n\t\t\t\t<div class=\"elementor-element elementor-element-56e6f4d elementor-widget elementor-widget-heading\" data-id=\"56e6f4d\" data-element_type=\"widget\" data-e-type=\"widget\" data-widget_type=\"heading.default\">\n\t\t\t\t<div class=\"elementor-widget-container\">\n\t\t\t\t\t<h1 class=\"elementor-heading-title elementor-size-default\">Logiciel de rechargement<\/h1>\t\t\t\t<\/div>\n\t\t\t\t<\/div>\n\t\t\t\t<div class=\"elementor-element elementor-element-b9cadaa elementor-widget elementor-widget-spacer\" data-id=\"b9cadaa\" data-element_type=\"widget\" data-e-type=\"widget\" data-widget_type=\"spacer.default\">\n\t\t\t\t<div class=\"elementor-widget-container\">\n\t\t\t\t\t\t\t<div class=\"elementor-spacer\">\n\t\t\t<div class=\"elementor-spacer-inner\"><\/div>\n\t\t<\/div>\n\t\t\t\t\t\t<\/div>\n\t\t\t\t<\/div>\n\t\t\t\t\t<\/div>\n\t\t\t\t<\/div>\n\t\t<div class=\"elementor-element elementor-element-86a0777 e-flex e-con-boxed wpr-particle-no wpr-jarallax-no wpr-parallax-no wpr-sticky-section-no wpr-equal-height-no e-con e-parent\" data-id=\"86a0777\" data-element_type=\"container\" data-e-type=\"container\">\n\t\t\t\t\t<div class=\"e-con-inner\">\n\t\t\t\t\t<\/div>\n\t\t\t\t<\/div>\n\t\t<div class=\"elementor-element elementor-element-2691761 e-flex e-con-boxed wpr-particle-no wpr-jarallax-no wpr-parallax-no wpr-sticky-section-no wpr-equal-height-no e-con e-parent\" data-id=\"2691761\" data-element_type=\"container\" data-e-type=\"container\">\n\t\t\t\t\t<div class=\"e-con-inner\">\n\t\t<div class=\"elementor-element elementor-element-f4c31d5 e-con-full e-flex wpr-particle-no wpr-jarallax-no wpr-parallax-no wpr-sticky-section-no wpr-equal-height-no e-con e-child\" data-id=\"f4c31d5\" data-element_type=\"container\" data-e-type=\"container\">\n\t\t\t\t<div class=\"elementor-element elementor-element-e50ff15 elementor-widget elementor-widget-text-editor\" data-id=\"e50ff15\" data-element_type=\"widget\" data-e-type=\"widget\" data-widget_type=\"text-editor.default\">\n\t\t\t\t<div class=\"elementor-widget-container\">\n\t\t\t\t\t\t\t\t\t<h3 id=\"a_modern_professional_internal_ballistic_simulation_for_reloaders\" class=\"sectionedit5 page-header pb-3 mb-4 mt-5\">Une simulation balistique interne professionnelle moderne pour les rechargeurs.<\/h3><div class=\"level3\"><ul class=\"fix-media-list-overlap\"><li class=\"level1\"><div class=\"li\"><strong>GRT est un logiciel libre<\/strong><\/div><\/li><li class=\"level1\"><div class=\"li\">Discutez avec nous sur notre serveur Discord :\u00a0<a class=\"urlextern\" title=\"https:\/\/discord.gg\/3FEYWG4\" href=\"https:\/\/discord.gg\/3FEYWG4\" rel=\"ugc nofollow noopener\" target=\"_blank\">https:\/\/discord.gg\/3FEYWG4<\/a><\/div><\/li><li class=\"level1\"><div class=\"li\">Gordons Reloading Channel sur Youtube :\u00a0<a class=\"urlextern\" title=\"https:\/\/youtube.com\/gordonsreloading\" href=\"https:\/\/youtube.com\/gordonsreloading\" rel=\"ugc nofollow noopener\" target=\"_blank\">https:\/\/youtube.com\/gordonsreloading<\/a><\/div><\/li><li><a href=\"https:\/\/www.grtools.de\/doku.php?id=grtools:start\" target=\"_blank\" rel=\"noopener\">Lien vers le GRT<\/a><\/li><\/ul><\/div><p><a href=\"https:\/\/www.grtools.de\/doku.php?id=grtools:start\" target=\"_blank\" rel=\"noopener\"><img fetchpriority=\"high\" decoding=\"async\" class=\"size-medium wp-image-51318\" src=\"https:\/\/www.mp-molds.com\/wp-content\/uploads\/2025\/08\/gordons_reloading_screen_shot-300x179.jpg\" alt=\"Outil de rechargement Gordons\" width=\"300\" height=\"179\" title=\"\" srcset=\"https:\/\/www.mp-molds.com\/wp-content\/uploads\/2025\/08\/gordons_reloading_screen_shot-300x179.jpg 300w, https:\/\/www.mp-molds.com\/wp-content\/uploads\/2025\/08\/gordons_reloading_screen_shot-150x90.jpg 150w, https:\/\/www.mp-molds.com\/wp-content\/uploads\/2025\/08\/gordons_reloading_screen_shot-600x358.jpg 600w, https:\/\/www.mp-molds.com\/wp-content\/uploads\/2025\/08\/gordons_reloading_screen_shot-64x38.jpg 64w, https:\/\/www.mp-molds.com\/wp-content\/uploads\/2025\/08\/gordons_reloading_screen_shot-1024x612.jpg 1024w, https:\/\/www.mp-molds.com\/wp-content\/uploads\/2025\/08\/gordons_reloading_screen_shot-768x459.jpg 768w, https:\/\/www.mp-molds.com\/wp-content\/uploads\/2025\/08\/gordons_reloading_screen_shot-1536x917.jpg 1536w, https:\/\/www.mp-molds.com\/wp-content\/uploads\/2025\/08\/gordons_reloading_screen_shot-2048x1223.jpg 2048w, https:\/\/www.mp-molds.com\/wp-content\/uploads\/2025\/08\/gordons_reloading_screen_shot-18x12.jpg 18w, https:\/\/www.mp-molds.com\/wp-content\/uploads\/2025\/08\/gordons_reloading_screen_shot-990x591.jpg 990w, https:\/\/www.mp-molds.com\/wp-content\/uploads\/2025\/08\/gordons_reloading_screen_shot-441x263.jpg 441w\" sizes=\"(max-width: 300px) 100vw, 300px\" \/><\/a><\/p>\t\t\t\t\t\t\t\t<\/div>\n\t\t\t\t<\/div>\n\t\t\t\t<\/div>\n\t\t<div class=\"elementor-element elementor-element-974df52 e-con-full e-flex wpr-particle-no wpr-jarallax-no wpr-parallax-no wpr-sticky-section-no wpr-equal-height-no e-con e-child\" data-id=\"974df52\" data-element_type=\"container\" data-e-type=\"container\">\n\t\t\t\t<div class=\"elementor-element elementor-element-417588b elementor-widget elementor-widget-text-editor\" data-id=\"417588b\" data-element_type=\"widget\" data-e-type=\"widget\" data-widget_type=\"text-editor.default\">\n\t\t\t\t<div class=\"elementor-widget-container\">\n\t\t\t\t\t\t\t\t\t<h3 id=\"a_modern_professional_internal_ballistic_simulation_for_reloaders\" class=\"sectionedit5 page-header pb-3 mb-4 mt-5\">Simulation balistique interne en ligne pour les rechargeurs.<\/h3><p>Avec des donn\u00e9es d\u00e9taill\u00e9es sur plus de 400 calibres, plus de 600 balles et une liste de poudres \u00e0 canon qui ne cesse de s'allonger,<\/p><p>Precise Load est con\u00e7u pour rendre les calculs balistiques simples et accessibles \u00e0 tous.<\/p><p><a href=\"https:\/\/preciseload.com\/\" target=\"_blank\" rel=\"noopener\">Lien vers Precise load<\/a><\/p><p><a href=\"https:\/\/preciseload.com\/\" target=\"_blank\" rel=\"noopener\"><img decoding=\"async\" class=\"size-medium wp-image-51352\" src=\"https:\/\/www.mp-molds.com\/wp-content\/uploads\/2025\/08\/precise_load-300x170.png\" alt=\"\" width=\"300\" height=\"170\" title=\"\" srcset=\"https:\/\/www.mp-molds.com\/wp-content\/uploads\/2025\/08\/precise_load-300x170.png 300w, https:\/\/www.mp-molds.com\/wp-content\/uploads\/2025\/08\/precise_load-150x85.png 150w, https:\/\/www.mp-molds.com\/wp-content\/uploads\/2025\/08\/precise_load-600x340.png 600w, https:\/\/www.mp-molds.com\/wp-content\/uploads\/2025\/08\/precise_load-64x36.png 64w, https:\/\/www.mp-molds.com\/wp-content\/uploads\/2025\/08\/precise_load-768x435.png 768w, https:\/\/www.mp-molds.com\/wp-content\/uploads\/2025\/08\/precise_load-18x10.png 18w, https:\/\/www.mp-molds.com\/wp-content\/uploads\/2025\/08\/precise_load-441x250.png 441w, https:\/\/www.mp-molds.com\/wp-content\/uploads\/2025\/08\/precise_load.png 963w\" sizes=\"(max-width: 300px) 100vw, 300px\" \/><\/a><\/p>\t\t\t\t\t\t\t\t<\/div>\n\t\t\t\t<\/div>\n\t\t\t\t<div class=\"elementor-element elementor-element-50bfbf8 elementor-widget elementor-widget-spacer\" data-id=\"50bfbf8\" data-element_type=\"widget\" data-e-type=\"widget\" data-widget_type=\"spacer.default\">\n\t\t\t\t<div class=\"elementor-widget-container\">\n\t\t\t\t\t\t\t<div class=\"elementor-spacer\">\n\t\t\t<div class=\"elementor-spacer-inner\"><\/div>\n\t\t<\/div>\n\t\t\t\t\t\t<\/div>\n\t\t\t\t<\/div>\n\t\t\t\t<\/div>\n\t\t\t\t\t<\/div>\n\t\t\t\t<\/div>\n\t\t<div class=\"elementor-element elementor-element-5daa0ac e-flex e-con-boxed wpr-particle-no wpr-jarallax-no wpr-parallax-no wpr-sticky-section-no wpr-equal-height-no e-con e-parent\" data-id=\"5daa0ac\" data-element_type=\"container\" data-e-type=\"container\">\n\t\t\t\t\t<div class=\"e-con-inner\">\n\t\t\t\t\t<\/div>\n\t\t\t\t<\/div>\n\t\t<div class=\"elementor-element elementor-element-486af70 e-flex e-con-boxed wpr-particle-no wpr-jarallax-no wpr-parallax-no wpr-sticky-section-no wpr-equal-height-no e-con e-parent\" data-id=\"486af70\" data-element_type=\"container\" data-e-type=\"container\">\n\t\t\t\t\t<div class=\"e-con-inner\">\n\t\t\t\t<div class=\"elementor-element elementor-element-7ba57fd elementor-widget elementor-widget-heading\" data-id=\"7ba57fd\" data-element_type=\"widget\" data-e-type=\"widget\" data-widget_type=\"heading.default\">\n\t\t\t\t<div class=\"elementor-widget-container\">\n\t\t\t\t\t<h1 class=\"elementor-heading-title elementor-size-default\">Calculateurs balistiques et applications<\/h1>\t\t\t\t<\/div>\n\t\t\t\t<\/div>\n\t\t\t\t\t<\/div>\n\t\t\t\t<\/div>\n\t\t<div class=\"elementor-element elementor-element-57c3215 e-flex e-con-boxed wpr-particle-no wpr-jarallax-no wpr-parallax-no wpr-sticky-section-no wpr-equal-height-no e-con e-parent\" data-id=\"57c3215\" data-element_type=\"container\" data-e-type=\"container\">\n\t\t\t\t\t<div class=\"e-con-inner\">\n\t\t\t\t<div class=\"elementor-element elementor-element-3c2c682 elementor-widget elementor-widget-spacer\" data-id=\"3c2c682\" data-element_type=\"widget\" data-e-type=\"widget\" data-widget_type=\"spacer.default\">\n\t\t\t\t<div class=\"elementor-widget-container\">\n\t\t\t\t\t\t\t<div class=\"elementor-spacer\">\n\t\t\t<div class=\"elementor-spacer-inner\"><\/div>\n\t\t<\/div>\n\t\t\t\t\t\t<\/div>\n\t\t\t\t<\/div>\n\t\t\t\t<div class=\"elementor-element elementor-element-c41951a elementor-widget elementor-widget-text-editor\" data-id=\"c41951a\" data-element_type=\"widget\" data-e-type=\"widget\" data-widget_type=\"text-editor.default\">\n\t\t\t\t<div class=\"elementor-widget-container\">\n\t\t\t\t\t\t\t\t\t<ul data-start=\"179\" data-end=\"2109\"><li data-start=\"179\" data-end=\"378\"><p data-start=\"181\" data-end=\"378\"><a href=\"https:\/\/www.hornady.com\/4dof?utm_source=chatgpt.com\" target=\"_blank\" rel=\"noopener\"><strong data-start=\"181\" data-end=\"213\">Calculateur balistique Hornady<\/strong> - Calculateur en ligne complet de Hornady permettant de saisir les donn\u00e9es relatives \u00e0 la cartouche, \u00e0 la balle et \u00e0 l'environnement afin de calculer la trajectoire.<\/a><\/p><\/li><li data-start=\"380\" data-end=\"609\"><p data-start=\"382\" data-end=\"609\"><a href=\"https:\/\/www.federalpremium.com\/ballistics-calculator?utm_source=chatgpt.com\" target=\"_blank\" rel=\"noopener\"><strong data-start=\"382\" data-end=\"423\">Calculateur balistique Federal Premium<\/strong> - Permet de d\u00e9terminer la trajectoire des charges de fusil ou d'arme de poing, avec des options permettant d'enregistrer plusieurs charges personnalis\u00e9es. Disponible en unit\u00e9s imp\u00e9riales et m\u00e9triques.<\/a><\/p><\/li><li data-start=\"611\" data-end=\"807\"><p data-start=\"613\" data-end=\"807\"><a href=\"https:\/\/ballisticscalculator.winchester.com\/?utm_source=chatgpt.com\" target=\"_blank\" rel=\"noopener\"><strong data-start=\"613\" data-end=\"649\">Calculateur balistique Winchester<\/strong> - Saisissez vos conditions de chasse ou de tir pour visualiser la chute, la d\u00e9rive, la vitesse et l'\u00e9nergie des balles \u00e0 l'aide de graphiques et de tableaux.<\/a><\/p><\/li><li data-start=\"809\" data-end=\"990\"><p data-start=\"811\" data-end=\"990\"><a href=\"https:\/\/bergerbullets.com\/ballistics-calculator\/?utm_source=chatgpt.com\" target=\"_blank\" rel=\"noopener\"><strong data-start=\"811\" data-end=\"851\">Calculateur balistique pour les balles Berger<\/strong> - Calcul de la trajectoire \u00e0 l'aide des coefficients balistiques (CB) G1 ou G7, en tenant compte des facteurs externes.<\/a><\/p><\/li><li data-start=\"992\" data-end=\"1238\"><p data-start=\"994\" data-end=\"1238\"><a href=\"https:\/\/www.lapua.com\/support\/lapua-ballistics-app-2\/?utm_source=chatgpt.com\" target=\"_blank\" rel=\"noopener\"><strong data-start=\"994\" data-end=\"1018\">Lapua Ballistics App<\/strong> - Un calculateur balistique 6DOF mobile gratuit (le type le plus pr\u00e9cis) utilisant des donn\u00e9es prouv\u00e9es par Doppler. Prend en charge plusieurs langues et permet des entr\u00e9es de balles personnalis\u00e9es. Disponible pour iOS et Android.<\/a><\/p><\/li><li data-start=\"1240\" data-end=\"1480\"><p data-start=\"1242\" data-end=\"1480\"><a href=\"https:\/\/appliedballisticsllc.com\/?utm_source=chatgpt.com\" target=\"_blank\" rel=\"noopener\"><strong data-start=\"1242\" data-end=\"1287\">Balistique appliqu\u00e9e (AB Quantum\u2122 et applications)<\/strong> - Offre des solveurs et des applications de haute pr\u00e9cision tels que AB Analytics (desktop), AB Mobile, Kestrel LiNK Ballistics, SIG Sauer BDX, Bushnell Ballistics, et bien d'autres.<\/a><\/p><\/li><li data-start=\"1482\" data-end=\"1718\"><p data-start=\"1484\" data-end=\"1718\"><a href=\"https:\/\/www.p-max.uk\/?utm_source=chatgpt.com\" target=\"_blank\" rel=\"noopener\"><strong data-start=\"1484\" data-end=\"1523\">Simulateur balistique interne P-Max<\/strong> - Un outil balistique interne gratuit, bas\u00e9 sur un navigateur, qui simule la pression, la vitesse et l'\u00e9nergie \u00e0 l'aide de graphiques. Il est d\u00e9conseill\u00e9 de remplacer les tests s\u00fbrs effectu\u00e9s dans le monde r\u00e9el.<\/a><\/p><\/li><\/ul>\t\t\t\t\t\t\t\t<\/div>\n\t\t\t\t<\/div>\n\t\t\t\t\t<\/div>\n\t\t\t\t<\/div>\n\t\t<div class=\"elementor-element elementor-element-4c4c40a e-flex e-con-boxed wpr-particle-no wpr-jarallax-no wpr-parallax-no wpr-sticky-section-no wpr-equal-height-no e-con e-parent\" data-id=\"4c4c40a\" data-element_type=\"container\" data-e-type=\"container\">\n\t\t\t\t\t<div class=\"e-con-inner\">\n\t\t\t\t<div class=\"elementor-element elementor-element-036b54c elementor-widget elementor-widget-spacer\" data-id=\"036b54c\" data-element_type=\"widget\" data-e-type=\"widget\" data-widget_type=\"spacer.default\">\n\t\t\t\t<div class=\"elementor-widget-container\">\n\t\t\t\t\t\t\t<div class=\"elementor-spacer\">\n\t\t\t<div class=\"elementor-spacer-inner\"><\/div>\n\t\t<\/div>\n\t\t\t\t\t\t<\/div>\n\t\t\t\t<\/div>\n\t\t\t\t\t<\/div>\n\t\t\t\t<\/div>\n\t\t<div class=\"elementor-element elementor-element-0dc736f e-flex e-con-boxed wpr-particle-no wpr-jarallax-no wpr-parallax-no wpr-sticky-section-no wpr-equal-height-no e-con e-parent\" data-id=\"0dc736f\" data-element_type=\"container\" data-e-type=\"container\">\n\t\t\t\t\t<div class=\"e-con-inner\">\n\t\t\t\t<div class=\"elementor-element elementor-element-8a1e3be elementor-widget elementor-widget-heading\" data-id=\"8a1e3be\" data-element_type=\"widget\" data-e-type=\"widget\" data-widget_type=\"heading.default\">\n\t\t\t\t<div class=\"elementor-widget-container\">\n\t\t\t\t\t<h1 class=\"elementor-heading-title elementor-size-default\">Calculateurs d'alliages de plomb et de BHN<\/h1>\t\t\t\t<\/div>\n\t\t\t\t<\/div>\n\t\t\t\t\t<\/div>\n\t\t\t\t<\/div>\n\t\t<div class=\"elementor-element elementor-element-91dfb5f e-flex e-con-boxed wpr-particle-no wpr-jarallax-no wpr-parallax-no wpr-sticky-section-no wpr-equal-height-no e-con e-parent\" data-id=\"91dfb5f\" data-element_type=\"container\" data-e-type=\"container\">\n\t\t\t\t\t<div class=\"e-con-inner\">\n\t\t\t\t<div class=\"elementor-element elementor-element-743dbba elementor-widget elementor-widget-spacer\" data-id=\"743dbba\" data-element_type=\"widget\" data-e-type=\"widget\" data-widget_type=\"spacer.default\">\n\t\t\t\t<div class=\"elementor-widget-container\">\n\t\t\t\t\t\t\t<div class=\"elementor-spacer\">\n\t\t\t<div class=\"elementor-spacer-inner\"><\/div>\n\t\t<\/div>\n\t\t\t\t\t\t<\/div>\n\t\t\t\t<\/div>\n\t\t\t\t\t<\/div>\n\t\t\t\t<\/div>\n\t\t<div class=\"elementor-element elementor-element-0dcae96 e-flex e-con-boxed wpr-particle-no wpr-jarallax-no wpr-parallax-no wpr-sticky-section-no wpr-equal-height-no e-con e-parent\" data-id=\"0dcae96\" data-element_type=\"container\" data-e-type=\"container\">\n\t\t\t\t\t<div class=\"e-con-inner\">\n\t\t\t\t<div class=\"elementor-element elementor-element-47802ec elementor-widget elementor-widget-text-editor\" data-id=\"47802ec\" data-element_type=\"widget\" data-e-type=\"widget\" data-widget_type=\"text-editor.default\">\n\t\t\t\t<div class=\"elementor-widget-container\">\n\t\t\t\t\t\t\t\t\t<ul><li data-start=\"75\" data-end=\"282\"><p data-start=\"77\" data-end=\"282\"><strong data-start=\"77\" data-end=\"169\"><a class=\"decorated-link\" href=\"https:\/\/bulletmatch.com\/pages\/lead-alloy-calculator\" target=\"_new\" rel=\"noopener\" data-start=\"79\" data-end=\"167\">Calculateur d'alliage de plomb BulletMatch<\/a><\/strong> - Un outil en ligne qui permet d'entrer le poids et la composition de chaque composant de l'alliage pour d\u00e9terminer le m\u00e9lange r\u00e9sultant.<\/p><\/li><li data-start=\"284\" data-end=\"499\"><p data-start=\"286\" data-end=\"499\"><strong data-start=\"286\" data-end=\"355\"><a class=\"decorated-link\" href=\"https:\/\/www.weatherby.dk\/bhn.htm\" target=\"_new\" rel=\"noopener\" data-start=\"288\" data-end=\"353\">Calculateur BHN (weatherby.dk)<\/a><\/strong> - Calculateur de l'indice de duret\u00e9 Brinell (BHN) permettant de m\u00e9langer deux alliages de plomb en sp\u00e9cifiant les pourcentages d'\u00e9tain, d'antimoine et de plomb, ainsi que le poids.<\/p><\/li><li data-start=\"501\" data-end=\"815\"><p data-start=\"503\" data-end=\"815\"><strong data-start=\"503\" data-end=\"644\"><a class=\"decorated-link\" href=\"https:\/\/forum.castbulletassoc.org\/thread\/3325-alloy-calculator-spreadsheet\/\" target=\"_new\" rel=\"noopener\" data-start=\"505\" data-end=\"642\">Feuille de calcul des alliages de la Cast Bullet Association (CBA)<\/a><\/strong> - Une feuille de calcul cr\u00e9\u00e9e par l'utilisateur (disponible sur les forums de l'ABC) pour estimer la duret\u00e9 d'un alliage. Bien qu'il ne soit pas parfaitement pr\u00e9cis, il est consid\u00e9r\u00e9 comme suffisamment exact pour une utilisation g\u00e9n\u00e9rale.<\/p><\/li><li data-start=\"817\" data-end=\"1094\"><p data-start=\"819\" data-end=\"1094\"><strong data-start=\"819\" data-end=\"954\"><a class=\"decorated-link\" href=\"https:\/\/www.reddit.com\/r\/reloading\/comments\/plrqno\/help_calculating_how_much_alloy_to_add_to_plain\/\" target=\"_new\" rel=\"noopener\" data-start=\"821\" data-end=\"952\">Feuille de calcul partag\u00e9e sur Reddit<\/a><\/strong> - Un coll\u00e8gue rechargeur a partag\u00e9 une feuille de calcul de l'alliage (<strong data-start=\"1015\" data-end=\"1030\">Alliage12.xls<\/strong>) pour m\u00e9langer les alliages afin d'obtenir la duret\u00e9 ou les compositions souhait\u00e9es.<\/p><\/li><\/ul>\t\t\t\t\t\t\t\t<\/div>\n\t\t\t\t<\/div>\n\t\t\t\t\t<\/div>\n\t\t\t\t<\/div>\n\t\t\t\t<\/div>","protected":false},"excerpt":{"rendered":"<p>Logiciel de rechargement Une simulation balistique interne professionnelle et moderne pour les rechargeurs. GRT est un logiciel gratuit Chattez avec nous sur notre serveur Discord : https:\/\/discord.gg\/3FEYWG4 Gordons Reloading Channel on Youtube : https:\/\/youtube.com\/gordonsreloading Link to GRT Online internal ballistic simulation for reloaders. Avec des donn\u00e9es d\u00e9taill\u00e9es sur plus de 400 calibres, plus de 600 balles, et une liste de poudres \u00e0 canon qui ne cesse de s'allonger, Precise Load est con\u00e7u pour rendre les calculs balistiques simples et accessibles \u00e0 tous. Lien vers les calculateurs et applications balistiques de Precise Load Calculateur balistique Hornady - Un calculateur en ligne complet de Hornady pour saisir les donn\u00e9es relatives aux cartouches, aux balles et \u00e0 l'environnement afin de calculer la trajectoire Calculateur balistique Federal Premium - Permet de d\u00e9terminer la trajectoire des charges de fusils ou d'armes de poing, avec des options permettant de sauvegarder plusieurs charges personnalis\u00e9es. Disponible en unit\u00e9s imp\u00e9riales et m\u00e9triques. Winchester Ballistics Calculator - Entrez vos conditions de chasse ou de tir pour visualiser la chute, la d\u00e9rive, la vitesse et l'\u00e9nergie des balles \u00e0 l'aide de graphiques et de tableaux. Calculateur balistique Berger Bullets - Calcule la trajectoire en utilisant les coefficients balistiques (BC) G1 ou G7, en tenant compte des facteurs externes. Lapua Ballistics App - Calculateur balistique mobile gratuit 6DOF (le type le plus pr\u00e9cis) utilisant des donn\u00e9es prouv\u00e9es par Doppler. Prend en charge plusieurs langues et permet des entr\u00e9es de balles personnalis\u00e9es. Disponible pour iOS et Android. Applied Ballistics (AB Quantum\u2122 et Apps) - Propose des solveurs et des apps tr\u00e8s pr\u00e9cis tels que AB Analytics (desktop), AB Mobile, Kestrel LiNK Ballistics, SIG Sauer BDX, Bushnell Ballistics, et bien plus encore. Simulateur de balistique interne P-Max - Un outil de balistique interne gratuit, bas\u00e9 sur un navigateur, qui simule la pression, la vitesse et l'\u00e9nergie avec des graphiques. Il est d\u00e9conseill\u00e9 de remplacer les tests s\u00fbrs effectu\u00e9s dans le monde r\u00e9el. Calculateurs d'alliages de plomb et de BHN Calculateur d'alliages de plomb BulletMatch - Un outil en ligne o\u00f9 vous entrez le poids et la composition de chaque composant de l'alliage pour d\u00e9terminer le m\u00e9lange r\u00e9sultant. Calculateur BHN (weatherby.dk) - Un calculateur de l'indice de duret\u00e9 Brinell (BHN) vous permettant de m\u00e9langer deux alliages de plomb en sp\u00e9cifiant les pourcentages d'\u00e9tain, d'antimoine et de plomb, ainsi que le poids. Cast Bullet Association (CBA) Alloy Calculator Spreadsheet - Une feuille de calcul cr\u00e9\u00e9e par l'utilisateur (disponible sur les forums de la CBA) pour estimer la duret\u00e9 des alliages. Bien qu'il ne soit pas parfaitement pr\u00e9cis, il est consid\u00e9r\u00e9 comme suffisamment exact pour une utilisation g\u00e9n\u00e9rale. Feuille de calcul partag\u00e9e sur Reddit - Un coll\u00e8gue rechargeur a partag\u00e9 une feuille de calcul d'alliage (Alloy12.xls) pour m\u00e9langer des alliages afin d'obtenir la duret\u00e9 ou la composition souhait\u00e9e.<\/p>","protected":false},"author":1,"featured_media":0,"parent":0,"menu_order":0,"comment_status":"closed","ping_status":"closed","template":"template-fullwidth.php","meta":{"footnotes":""},"class_list":["post-51336","page","type-page","status-publish","hentry"],"_links":{"self":[{"href":"https:\/\/www.mp-molds.com\/fr\/wp-json\/wp\/v2\/pages\/51336","targetHints":{"allow":["GET"]}}],"collection":[{"href":"https:\/\/www.mp-molds.com\/fr\/wp-json\/wp\/v2\/pages"}],"about":[{"href":"https:\/\/www.mp-molds.com\/fr\/wp-json\/wp\/v2\/types\/page"}],"author":[{"embeddable":true,"href":"https:\/\/www.mp-molds.com\/fr\/wp-json\/wp\/v2\/users\/1"}],"replies":[{"embeddable":true,"href":"https:\/\/www.mp-molds.com\/fr\/wp-json\/wp\/v2\/comments?post=51336"}],"version-history":[{"count":14,"href":"https:\/\/www.mp-molds.com\/fr\/wp-json\/wp\/v2\/pages\/51336\/revisions"}],"predecessor-version":[{"id":56125,"href":"https:\/\/www.mp-molds.com\/fr\/wp-json\/wp\/v2\/pages\/51336\/revisions\/56125"}],"wp:attachment":[{"href":"https:\/\/www.mp-molds.com\/fr\/wp-json\/wp\/v2\/media?parent=51336"}],"curies":[{"name":"wp","href":"https:\/\/api.w.org\/{rel}","templated":true}]}}