{"id":50802,"date":"2024-01-27T13:31:12","date_gmt":"2024-01-27T12:31:12","guid":{"rendered":"https:\/\/www.mp-molds.com\/product\/558-mm-air-pellet-8-cavity-mold-version-3\/"},"modified":"2026-04-12T21:32:59","modified_gmt":"2026-04-12T19:32:59","slug":"molde-de-8-cavidades-de-558-mm-version-3","status":"publish","type":"product","link":"https:\/\/www.mp-molds.com\/es\/product\/558-mm-air-pellet-8-cavity-mold-version-3\/","title":{"rendered":"Pellets de aire de 5,58 mm - Molde de 8 cavidades - Versi\u00f3n 3"},"content":{"rendered":"<ul>\n<li>El molde fundir\u00e1 5,58 mm de di\u00e1metro con pesos de rueda de aleaci\u00f3n (puede variar - depende de la aleaci\u00f3n)<\/li>\n<li>37 grainss (puede variar - depende de la aleaci\u00f3n)<\/li>\n<li>La longitud del gr\u00e1nulo es de 10,6 mm.<\/li>\n<li>8 cavidades<\/li>\n<li>Placa de bebedero de acero<\/li>\n<li>Pasadores de alineaci\u00f3n de acero endurecido<\/li>\n<li>Llaves Allen incluidas<\/li>\n<li>Utilizar asa de 6 cavidades LEE o asas de molde MP (NO incluidas)<\/li>\n<li><strong>\u00a1Tendr\u00e1s que dimensionar este pellet! Ver <a href=\"https:\/\/www.mp-molds.com\/product\/push-through-size-die\/\">troqueles de encolado<\/a> y <a href=\"https:\/\/www.mp-molds.com\/product\/sizing-die-body\/\">cuerpo<\/a>!<\/strong><\/li>\n<\/ul>\n<p>Vea las fotos de nuestros productos en <a href=\"index.php\/gallery\">galer\u00eda<\/a><\/p>","protected":false},"excerpt":{"rendered":"<ul>\n<li>El molde fundir\u00e1 5,58 mm de di\u00e1metro con pesos de rueda de aleaci\u00f3n (puede variar - depende de la aleaci\u00f3n)<\/li>\n<li>37 grainss (puede variar - depende de la aleaci\u00f3n)<\/li>\n<li>La longitud del gr\u00e1nulo es de 10,6 mm.<\/li>\n<li>8 cavidades<\/li>\n<li>Placa de bebedero de acero<\/li>\n<li>Pasadores de alineaci\u00f3n de acero endurecido<\/li>\n<li>Llaves Allen incluidas<\/li>\n<li>Utilizar asa de 6 cavidades LEE o asas de molde MP (NO incluidas)<\/li>\n<li><strong>\u00a1Tendr\u00e1s que dimensionar este pellet! Ver <a href=\"https:\/\/www.mp-molds.com\/product\/push-through-size-die\/\">troqueles de encolado<\/a> y <a href=\"https:\/\/www.mp-molds.com\/product\/sizing-die-body\/\">cuerpo<\/a>!<\/strong><\/li>\n<\/ul>\n<p>Vea las fotos de nuestros productos en <a href=\"index.php\/gallery\">galer\u00eda<\/a><\/p>","protected":false},"featured_media":50803,"comment_status":"open","ping_status":"closed","template":"","meta":[],"product_brand":[],"product_cat":[114,24],"product_tag":[],"class_list":{"0":"post-50802","1":"product","2":"type-product","3":"status-publish","4":"has-post-thumbnail","6":"product_cat-air-rifle-molds","7":"product_cat-molds","8":"pa_caliber-as-cast-420","9":"pa_handles-included-no","10":"pa_material-aluminum","11":"pa_number-of-cavities-8-cavities","12":"pa_pb-bb-gc-hb-plain-base","13":"pa_polica-11-3","15":"first","16":"instock","17":"sale","18":"taxable","19":"shipping-taxable","20":"purchasable","21":"product-type-simple"},"_links":{"self":[{"href":"https:\/\/www.mp-molds.com\/es\/wp-json\/wp\/v2\/product\/50802","targetHints":{"allow":["GET"]}}],"collection":[{"href":"https:\/\/www.mp-molds.com\/es\/wp-json\/wp\/v2\/product"}],"about":[{"href":"https:\/\/www.mp-molds.com\/es\/wp-json\/wp\/v2\/types\/product"}],"replies":[{"embeddable":true,"href":"https:\/\/www.mp-molds.com\/es\/wp-json\/wp\/v2\/comments?post=50802"}],"wp:featuredmedia":[{"embeddable":true,"href":"https:\/\/www.mp-molds.com\/es\/wp-json\/wp\/v2\/media\/50803"}],"wp:attachment":[{"href":"https:\/\/www.mp-molds.com\/es\/wp-json\/wp\/v2\/media?parent=50802"}],"wp:term":[{"taxonomy":"product_brand","embeddable":true,"href":"https:\/\/www.mp-molds.com\/es\/wp-json\/wp\/v2\/product_brand?post=50802"},{"taxonomy":"product_cat","embeddable":true,"href":"https:\/\/www.mp-molds.com\/es\/wp-json\/wp\/v2\/product_cat?post=50802"},{"taxonomy":"product_tag","embeddable":true,"href":"https:\/\/www.mp-molds.com\/es\/wp-json\/wp\/v2\/product_tag?post=50802"}],"curies":[{"name":"wp","href":"https:\/\/api.w.org\/{rel}","templated":true}]}}