{"id":50751,"date":"2023-05-10T10:44:14","date_gmt":"2023-05-10T08:44:14","guid":{"rendered":"https:\/\/www.mp-molds.com\/product\/44-250-wfn-hollow-point-mold-brass-multichoice\/"},"modified":"2026-04-11T22:05:17","modified_gmt":"2026-04-11T20:05:17","slug":"44-250-wfn-punta-hueca-molde-laton-multieleccion","status":"publish","type":"product","link":"https:\/\/www.mp-molds.com\/es\/product\/44-250-wfn-hollow-point-mold-brass-multichoice\/","title":{"rendered":"44-250 WFN Molde punta hueca, lat\u00f3n (Multielecci\u00f3n)"},"content":{"rendered":"<ul>\n<li>Fundici\u00f3n .432 o .434 diam con pesos de rueda de aleaci\u00f3n (puede variar - depende de la aleaci\u00f3n)<\/li>\n<li>Alfileres redondos peque\u00f1os, redondos grandes, de copa y en blanco.<\/li>\n<li>Puntas huecas de 240 grainss, s\u00f3lidos de 250 grainss<\/li>\n<li>Placa de bebedero de acero<\/li>\n<li>Pasadores de alineaci\u00f3n de acero endurecido<\/li>\n<li>Llaves Allen incluidas<\/li>\n<li>Punz\u00f3n superior RCBS\/Lyman incluido<\/li>\n<li>Utilizar asa de 6 cavidades LEE o asas de molde MP (NO incluidas)<\/li>\n<\/ul>\n<p>Vea las fotos de nuestros productos en\u00a0<a href=\"https:\/\/www.mp-molds.com\/WooCommerce\/product\/9mm-38cal-swc-hg275-clone\/index.php\/gallery\">galer\u00eda<\/a><\/p>","protected":false},"excerpt":{"rendered":"<ul>\n<li>Fundici\u00f3n .432 o .434 diam con pesos de rueda de aleaci\u00f3n (puede variar - depende de la aleaci\u00f3n)<\/li>\n<li>Alfileres redondos peque\u00f1os, redondos grandes, de copa y en blanco.<\/li>\n<li>Puntas huecas de 240 grainss, s\u00f3lidos de 250 grainss<\/li>\n<li>Placa de bebedero de acero<\/li>\n<li>Pasadores de alineaci\u00f3n de acero endurecido<\/li>\n<li>Llaves Allen incluidas<\/li>\n<li>Punz\u00f3n superior RCBS\/Lyman incluido<\/li>\n<li>Utilizar asa de 6 cavidades LEE o asas de molde MP (NO incluidas)<\/li>\n<\/ul>\n<p>Vea las fotos de nuestros productos en\u00a0<a href=\"https:\/\/www.mp-molds.com\/WooCommerce\/product\/9mm-38cal-swc-hg275-clone\/index.php\/gallery\">galer\u00eda<\/a><\/p>","protected":false},"featured_media":49963,"comment_status":"open","ping_status":"closed","template":"","meta":[],"product_brand":[],"product_cat":[42,24,43,56],"product_tag":[478,437],"class_list":{"0":"post-50751","1":"product","2":"type-product","3":"status-publish","4":"has-post-thumbnail","6":"product_cat-hp-hollow-points-molds","7":"product_cat-molds","8":"product_cat-pistol-hp-molds","9":"product_cat-rifle-hp-molds","10":"product_tag-44-spl","11":"product_tag-44magnum","12":"pa_caliber-as-cast-387","13":"pa_caliber-as-cast-386","14":"pa_handles-included-no","15":"pa_manufacturer-mp-molds","16":"pa_material-brass","17":"pa_number-of-cavities-4-cavities","18":"pa_pb-bb-gc-hb-gas-check","19":"pa_pb-bb-gc-hb-plain-base","20":"pa_polica-pis","22":"first","23":"instock","24":"sale","25":"taxable","26":"shipping-taxable","27":"purchasable","28":"product-type-variable"},"_links":{"self":[{"href":"https:\/\/www.mp-molds.com\/es\/wp-json\/wp\/v2\/product\/50751","targetHints":{"allow":["GET"]}}],"collection":[{"href":"https:\/\/www.mp-molds.com\/es\/wp-json\/wp\/v2\/product"}],"about":[{"href":"https:\/\/www.mp-molds.com\/es\/wp-json\/wp\/v2\/types\/product"}],"replies":[{"embeddable":true,"href":"https:\/\/www.mp-molds.com\/es\/wp-json\/wp\/v2\/comments?post=50751"}],"wp:featuredmedia":[{"embeddable":true,"href":"https:\/\/www.mp-molds.com\/es\/wp-json\/wp\/v2\/media\/49963"}],"wp:attachment":[{"href":"https:\/\/www.mp-molds.com\/es\/wp-json\/wp\/v2\/media?parent=50751"}],"wp:term":[{"taxonomy":"product_brand","embeddable":true,"href":"https:\/\/www.mp-molds.com\/es\/wp-json\/wp\/v2\/product_brand?post=50751"},{"taxonomy":"product_cat","embeddable":true,"href":"https:\/\/www.mp-molds.com\/es\/wp-json\/wp\/v2\/product_cat?post=50751"},{"taxonomy":"product_tag","embeddable":true,"href":"https:\/\/www.mp-molds.com\/es\/wp-json\/wp\/v2\/product_tag?post=50751"}],"curies":[{"name":"wp","href":"https:\/\/api.w.org\/{rel}","templated":true}]}}