{"id":50665,"date":"2020-09-29T10:02:13","date_gmt":"2020-09-29T08:02:13","guid":{"rendered":"https:\/\/www.mp-molds.com\/product\/mp-molds-larsen-c432-250-rf-for-44-special-magnum-444-marlin-4-cavity-multi-choice\/"},"modified":"2026-03-17T15:25:37","modified_gmt":"2026-03-17T14:25:37","slug":"mp-moldes-larsen-c432-250-rf-para-44-special-magnum-444-marlin-4-cavity-multi-choice","status":"publish","type":"product","link":"https:\/\/www.mp-molds.com\/es\/product\/mp-molds-larsen-c432-250-rf-for-44-special-magnum-444-marlin-4-cavity-multi-choice\/","title":{"rendered":"MP-Larsen-C432-250-RF (4 cavidades multielecci\u00f3n)"},"content":{"rendered":"<ul>\n<li>Fundici\u00f3n .432 o .434 diam con pesos de rueda de aleaci\u00f3n (puede variar - depende de la aleaci\u00f3n)<\/li>\n<li>Redondo peque\u00f1o, redondo grande, Penta y pasadores ciegos.<\/li>\n<li>Puntas huecas de 240 grainss, s\u00f3lidos de 250 grainss<\/li>\n<li>Placa de bebedero de acero<\/li>\n<li>Pasadores de alineaci\u00f3n de acero endurecido<\/li>\n<li>Llaves Allen incluidas<\/li>\n<li>Punz\u00f3n superior RCBS\/Lyman incluido<\/li>\n<li>Utilizar asa de 6 cavidades LEE o asas de molde MP (NO incluidas)<\/li>\n<\/ul>\n<p>Vea las fotos de nuestros productos en\u00a0<a href=\"https:\/\/www.mp-molds.com\/WooCommerce\/product\/9mm-38cal-swc-hg275-clone\/index.php\/gallery\">galer\u00eda<\/a><\/p>","protected":false},"excerpt":{"rendered":"<ul>\n<li>Fundici\u00f3n .432 o .434 diam con pesos de rueda de aleaci\u00f3n (puede variar - depende de la aleaci\u00f3n)<\/li>\n<li>Redondo peque\u00f1o, redondo grande, Penta y pasadores ciegos.<\/li>\n<li>Puntas huecas de 240 grainss, s\u00f3lidos de 250 grainss<\/li>\n<li>Placa de bebedero de acero<\/li>\n<li>Pasadores de alineaci\u00f3n de acero endurecido<\/li>\n<li>Llaves Allen incluidas<\/li>\n<li>Punz\u00f3n superior RCBS\/Lyman incluido<\/li>\n<li>Utilizar asa de 6 cavidades LEE o asas de molde MP (NO incluidas)<\/li>\n<\/ul>\n<p>Vea las fotos de nuestros productos en\u00a0<a href=\"https:\/\/www.mp-molds.com\/WooCommerce\/product\/9mm-38cal-swc-hg275-clone\/index.php\/gallery\">galer\u00eda<\/a><\/p>","protected":false},"featured_media":50667,"comment_status":"open","ping_status":"closed","template":"","meta":[],"product_brand":[],"product_cat":[42,24,43,56],"product_tag":[478,437],"class_list":{"0":"post-50665","1":"product","2":"type-product","3":"status-publish","4":"has-post-thumbnail","6":"product_cat-hp-hollow-points-molds","7":"product_cat-molds","8":"product_cat-pistol-hp-molds","9":"product_cat-rifle-hp-molds","10":"product_tag-44-spl","11":"product_tag-44magnum","12":"pa_brand-mp-molds","13":"pa_caliber-as-cast-387","14":"pa_caliber-as-cast-386","15":"pa_dodatni_opis-brass-mold-for-hobby-hand-casting-set-contains-mold-allen-keys-metal-pins-e-clips","16":"pa_handles-included-no","17":"pa_manufacturer-mp-molds","18":"pa_material-brass","19":"pa_number-of-cavities-4-cavities","20":"pa_pb-bb-gc-hb-gas-check","21":"pa_pb-bb-gc-hb-plain-base","22":"pa_polica-11-5","23":"pa_polica-11-7","25":"first","26":"instock","27":"sale","28":"taxable","29":"shipping-taxable","30":"purchasable","31":"product-type-variable"},"_links":{"self":[{"href":"https:\/\/www.mp-molds.com\/es\/wp-json\/wp\/v2\/product\/50665","targetHints":{"allow":["GET"]}}],"collection":[{"href":"https:\/\/www.mp-molds.com\/es\/wp-json\/wp\/v2\/product"}],"about":[{"href":"https:\/\/www.mp-molds.com\/es\/wp-json\/wp\/v2\/types\/product"}],"replies":[{"embeddable":true,"href":"https:\/\/www.mp-molds.com\/es\/wp-json\/wp\/v2\/comments?post=50665"}],"wp:featuredmedia":[{"embeddable":true,"href":"https:\/\/www.mp-molds.com\/es\/wp-json\/wp\/v2\/media\/50667"}],"wp:attachment":[{"href":"https:\/\/www.mp-molds.com\/es\/wp-json\/wp\/v2\/media?parent=50665"}],"wp:term":[{"taxonomy":"product_brand","embeddable":true,"href":"https:\/\/www.mp-molds.com\/es\/wp-json\/wp\/v2\/product_brand?post=50665"},{"taxonomy":"product_cat","embeddable":true,"href":"https:\/\/www.mp-molds.com\/es\/wp-json\/wp\/v2\/product_cat?post=50665"},{"taxonomy":"product_tag","embeddable":true,"href":"https:\/\/www.mp-molds.com\/es\/wp-json\/wp\/v2\/product_tag?post=50665"}],"curies":[{"name":"wp","href":"https:\/\/api.w.org\/{rel}","templated":true}]}}