{"id":50398,"date":"2019-09-30T13:30:51","date_gmt":"2019-09-30T11:30:51","guid":{"rendered":"https:\/\/www.mp-molds.com\/product\/314-640-100-grain-hollow-point-mold-multi-choice\/"},"modified":"2026-04-21T09:58:24","modified_gmt":"2026-04-21T07:58:24","slug":"314-640-100-grain-molde-de-punta-hueca-multieleccion","status":"publish","type":"product","link":"https:\/\/www.mp-molds.com\/es\/product\/314-640-100-grain-hollow-point-mold-multi-choice\/","title":{"rendered":"314-640 - 100 gn HP (Multi elecci\u00f3n)"},"content":{"rendered":"<ul>\n<li>fundici\u00f3n .314 diam con contrapesos de rueda de aleaci\u00f3n (puede variar - depende de la aleaci\u00f3n)<\/li>\n<li>100 grainss de punta hueca<\/li>\n<li>106 grains s\u00f3lido<\/li>\n<li>Placa de bebedero de acero<\/li>\n<li>Pasadores de alineaci\u00f3n de acero endurecido<\/li>\n<li>Llaves Allen incluidas<\/li>\n<li>Punz\u00f3n superior RCBS\/Lyman incluido<\/li>\n<li>Utilizar asa de 6 cavidades LEE o asas de molde MP (NO incluidas)<\/li>\n<\/ul>\n<p>Vea las fotos de nuestros productos en\u00a0<a href=\"https:\/\/www.mp-molds.com\/WooCommerce\/product\/9mm-38cal-swc-hg275-clone\/index.php\/gallery\">galer\u00eda<\/a><\/p>","protected":false},"excerpt":{"rendered":"<ul>\n<li>fundici\u00f3n .314 diam con contrapesos de rueda de aleaci\u00f3n (puede variar - depende de la aleaci\u00f3n)<\/li>\n<li>100 grainss de punta hueca<\/li>\n<li>106 grains s\u00f3lido<\/li>\n<li>Placa de bebedero de acero<\/li>\n<li>Pasadores de alineaci\u00f3n de acero endurecido<\/li>\n<li>Llaves Allen incluidas<\/li>\n<li>Punz\u00f3n superior RCBS\/Lyman incluido<\/li>\n<li>Utilizar asa de 6 cavidades LEE o asas de molde MP (NO incluidas)<\/li>\n<\/ul>\n<p>Vea las fotos de nuestros productos en\u00a0<a href=\"https:\/\/www.mp-molds.com\/WooCommerce\/product\/9mm-38cal-swc-hg275-clone\/index.php\/gallery\">galer\u00eda<\/a><\/p>","protected":false},"featured_media":50399,"comment_status":"open","ping_status":"closed","template":"","meta":[],"product_brand":[],"product_cat":[42,24],"product_tag":[],"class_list":{"0":"post-50398","1":"product","2":"type-product","3":"status-publish","4":"has-post-thumbnail","6":"product_cat-hp-hollow-points-molds","7":"product_cat-molds","8":"pa_brand-mp-molds","9":"pa_caliber-as-cast-389","10":"pa_dodatni_opis-brass-mold-for-hobby-hand-casting-set-contains-mold-allen-keys-metal-pins-e-clips","11":"pa_handles-included-no","12":"pa_manufacturer-mp-molds","13":"pa_material-brass","14":"pa_number-of-cavities-2-cavites","15":"pa_number-of-cavities-4-cavities","16":"pa_pb-bb-gc-hb-gas-check","17":"pa_pb-bb-gc-hb-plain-base","18":"pa_polica-5-2","19":"pa_polica-5-3","20":"pa_polica-5-4","22":"first","23":"instock","24":"sale","25":"taxable","26":"shipping-taxable","27":"purchasable","28":"product-type-variable"},"_links":{"self":[{"href":"https:\/\/www.mp-molds.com\/es\/wp-json\/wp\/v2\/product\/50398","targetHints":{"allow":["GET"]}}],"collection":[{"href":"https:\/\/www.mp-molds.com\/es\/wp-json\/wp\/v2\/product"}],"about":[{"href":"https:\/\/www.mp-molds.com\/es\/wp-json\/wp\/v2\/types\/product"}],"replies":[{"embeddable":true,"href":"https:\/\/www.mp-molds.com\/es\/wp-json\/wp\/v2\/comments?post=50398"}],"wp:featuredmedia":[{"embeddable":true,"href":"https:\/\/www.mp-molds.com\/es\/wp-json\/wp\/v2\/media\/50399"}],"wp:attachment":[{"href":"https:\/\/www.mp-molds.com\/es\/wp-json\/wp\/v2\/media?parent=50398"}],"wp:term":[{"taxonomy":"product_brand","embeddable":true,"href":"https:\/\/www.mp-molds.com\/es\/wp-json\/wp\/v2\/product_brand?post=50398"},{"taxonomy":"product_cat","embeddable":true,"href":"https:\/\/www.mp-molds.com\/es\/wp-json\/wp\/v2\/product_cat?post=50398"},{"taxonomy":"product_tag","embeddable":true,"href":"https:\/\/www.mp-molds.com\/es\/wp-json\/wp\/v2\/product_tag?post=50398"}],"curies":[{"name":"wp","href":"https:\/\/api.w.org\/{rel}","templated":true}]}}