{"id":50241,"date":"2019-09-24T12:35:00","date_gmt":"2019-09-24T10:35:00","guid":{"rendered":"https:\/\/www.mp-molds.com\/product\/hg-50-38-357-hollow-base-wadcutter-2-cavity-mold\/"},"modified":"2026-03-24T23:51:03","modified_gmt":"2026-03-24T22:51:03","slug":"hg-50-38-357-wadcutter-de-base-hueca-molde-de-2-cavidades","status":"publish","type":"product","link":"https:\/\/www.mp-molds.com\/es\/product\/hg-50-38-357-hollow-base-wadcutter-2-cavity-mold\/","title":{"rendered":"HG#50 Cortavainas 38 y 357 HB, molde de 2 cavidades"},"content":{"rendered":"<ul>\n<li>Fundici\u00f3n calibre .359 - 128 Base hueca o 146 grain maciza<\/li>\n<li>Modificaci\u00f3n de base hueca\/ nariz de vertido de la popular wadcutter Hensley &amp; Gibbs #50 para 38 especial.<\/li>\n<li>Base hueca (2 juegos diferentes) y pasadores en blanco<\/li>\n<li><strong>la versi\u00f3n de base hueca es s\u00f3lo para cargas de galer\u00eda\/objetivo<\/strong><\/li>\n<li>Placa de bebedero de acero<\/li>\n<li>Pasadores de alineaci\u00f3n de acero endurecido<\/li>\n<li>Llaves Allen incluidas<\/li>\n<li>Punz\u00f3n superior RCBS\/Lyman incluido<\/li>\n<li>Utilizar asa de 6 cavidades LEE o asas de molde MP (NO incluidas)<\/li>\n<\/ul>\n<p>Vea las fotos de nuestros productos en <a href=\"index.php\/gallery\">galer\u00eda<\/a><\/p>","protected":false},"excerpt":{"rendered":"<ul>\n<li>Fundici\u00f3n calibre .359 - 128 Base hueca o 146 grain maciza<\/li>\n<li>Modificaci\u00f3n de base hueca\/ nariz de vertido de la popular wadcutter Hensley &amp; Gibbs #50 para 38 especial.<\/li>\n<li>Base hueca (2 juegos diferentes) y pasadores en blanco<\/li>\n<li><strong>la versi\u00f3n de base hueca es s\u00f3lo para cargas de galer\u00eda\/objetivo<\/strong><\/li>\n<li>Placa de bebedero de acero<\/li>\n<li>Pasadores de alineaci\u00f3n de acero endurecido<\/li>\n<li>Llaves Allen incluidas<\/li>\n<li>Punz\u00f3n superior RCBS\/Lyman incluido<\/li>\n<li>Utilizar asa de 6 cavidades LEE o asas de molde MP (NO incluidas)<\/li>\n<\/ul>\n<p>Vea las fotos de nuestros productos en <a href=\"index.php\/gallery\">galer\u00eda<\/a><\/p>","protected":false},"featured_media":50045,"comment_status":"open","ping_status":"closed","template":"","meta":[],"product_brand":[],"product_cat":[25,24],"product_tag":[434,185],"class_list":{"0":"post-50241","1":"product","2":"type-product","3":"status-publish","4":"has-post-thumbnail","6":"product_cat-hb-hollow-base-molds","7":"product_cat-molds","8":"product_tag-357magnum","9":"product_tag-38-spl","10":"pa_brand-mp-molds","11":"pa_caliber-as-cast-370","12":"pa_dodatni_opis-brass-mold-for-hobby-hand-casting-set-contains-mold-allen-keys-metal-pins-e-clips","13":"pa_handles-included-no","14":"pa_manufacturer-mp-molds","15":"pa_material-brass","16":"pa_number-of-cavities-2-cavites","17":"pa_pb-bb-gc-hb-hollow-base","18":"pa_polica-13-1","20":"first","21":"instock","22":"sale","23":"taxable","24":"shipping-taxable","25":"purchasable","26":"product-type-simple"},"_links":{"self":[{"href":"https:\/\/www.mp-molds.com\/es\/wp-json\/wp\/v2\/product\/50241","targetHints":{"allow":["GET"]}}],"collection":[{"href":"https:\/\/www.mp-molds.com\/es\/wp-json\/wp\/v2\/product"}],"about":[{"href":"https:\/\/www.mp-molds.com\/es\/wp-json\/wp\/v2\/types\/product"}],"replies":[{"embeddable":true,"href":"https:\/\/www.mp-molds.com\/es\/wp-json\/wp\/v2\/comments?post=50241"}],"wp:featuredmedia":[{"embeddable":true,"href":"https:\/\/www.mp-molds.com\/es\/wp-json\/wp\/v2\/media\/50045"}],"wp:attachment":[{"href":"https:\/\/www.mp-molds.com\/es\/wp-json\/wp\/v2\/media?parent=50241"}],"wp:term":[{"taxonomy":"product_brand","embeddable":true,"href":"https:\/\/www.mp-molds.com\/es\/wp-json\/wp\/v2\/product_brand?post=50241"},{"taxonomy":"product_cat","embeddable":true,"href":"https:\/\/www.mp-molds.com\/es\/wp-json\/wp\/v2\/product_cat?post=50241"},{"taxonomy":"product_tag","embeddable":true,"href":"https:\/\/www.mp-molds.com\/es\/wp-json\/wp\/v2\/product_tag?post=50241"}],"curies":[{"name":"wp","href":"https:\/\/api.w.org\/{rel}","templated":true}]}}