{"id":50217,"date":"2019-09-24T11:04:52","date_gmt":"2019-09-24T09:04:52","guid":{"rendered":"https:\/\/www.mp-molds.com\/product\/327-joulnir-hollow-point-4-cavity-mold\/"},"modified":"2026-03-28T20:00:48","modified_gmt":"2026-03-28T19:00:48","slug":"327-joulnir-punta-hueca-molde-4-cavidades","status":"publish","type":"product","link":"https:\/\/www.mp-molds.com\/es\/product\/327-joulnir-hollow-point-4-cavity-mold\/","title":{"rendered":"327 Joulnir, molde HP (varias opciones)"},"content":{"rendered":"<ul>\n<li>fundici\u00f3n .314 diam con contrapesos de rueda de aleaci\u00f3n (puede variar - depende de la aleaci\u00f3n)<\/li>\n<li>Copa HP 126 grainss, Grande 123 grainss<\/li>\n<li>130 grainss s\u00f3lidos<\/li>\n<li>0.297\u2033 meplat a ranura de engarce<\/li>\n<li>Adecuado para el 32 H&amp;R o 327 Fed. Pistolas o rifles Magnum<\/li>\n<li>Placa de bebedero de acero<\/li>\n<li>Pasadores de alineaci\u00f3n de acero endurecido<\/li>\n<li>Llaves Allen incluidas<\/li>\n<li>Punz\u00f3n superior RCBS\/Lyman incluido<\/li>\n<li>Utilizar asa de 6 cavidades LEE o asas de molde MP (NO incluidas)<\/li>\n<\/ul>\n<p>Vea las fotos de nuestros productos en\u00a0<a href=\"https:\/\/www.mp-molds.com\/WooCommerce\/product\/9mm-38cal-swc-hg275-clone\/index.php\/gallery\">galer\u00eda<\/a><\/p>","protected":false},"excerpt":{"rendered":"<ul>\n<li>fundici\u00f3n .314 diam con contrapesos de rueda de aleaci\u00f3n (puede variar - depende de la aleaci\u00f3n)<\/li>\n<li>Copa HP 126 grainss, Grande 123 grainss<\/li>\n<li>130 grainss s\u00f3lidos<\/li>\n<li>0.297\u2033 meplat a ranura de engarce<\/li>\n<li>Adecuado para el 32 H&amp;R o 327 Fed. Pistolas o rifles Magnum<\/li>\n<li>Placa de bebedero de acero<\/li>\n<li>Pasadores de alineaci\u00f3n de acero endurecido<\/li>\n<li>Llaves Allen incluidas<\/li>\n<li>Punz\u00f3n superior RCBS\/Lyman incluido<\/li>\n<li>Utilizar asa de 6 cavidades LEE o asas de molde MP (NO incluidas)<\/li>\n<\/ul>\n<p>Vea las fotos de nuestros productos en\u00a0<a href=\"https:\/\/www.mp-molds.com\/WooCommerce\/product\/9mm-38cal-swc-hg275-clone\/index.php\/gallery\">galer\u00eda<\/a><\/p>","protected":false},"featured_media":50218,"comment_status":"open","ping_status":"open","template":"","meta":[],"product_brand":[],"product_cat":[42,24],"product_tag":[491],"class_list":{"0":"post-50217","1":"product","2":"type-product","3":"status-publish","4":"has-post-thumbnail","6":"product_cat-hp-hollow-points-molds","7":"product_cat-molds","8":"product_tag-327-mag","9":"pa_brand-mp-molds","10":"pa_caliber-as-cast-389","11":"pa_dodatni_opis-brass-mold-for-hobby-hand-casting-set-contains-mold-allen-keys-metal-pins-e-clips","12":"pa_handles-included-no","13":"pa_manufacturer-mp-molds","14":"pa_material-brass","15":"pa_number-of-cavities-2-cavites","16":"pa_number-of-cavities-4-cavities","17":"pa_pb-bb-gc-hb-gas-check","18":"pa_pb-bb-gc-hb-plain-base","19":"pa_polica-1-5","20":"pa_polica-3-1","21":"pa_polica-8-2","23":"first","24":"instock","25":"sale","26":"taxable","27":"shipping-taxable","28":"purchasable","29":"product-type-variable"},"_links":{"self":[{"href":"https:\/\/www.mp-molds.com\/es\/wp-json\/wp\/v2\/product\/50217","targetHints":{"allow":["GET"]}}],"collection":[{"href":"https:\/\/www.mp-molds.com\/es\/wp-json\/wp\/v2\/product"}],"about":[{"href":"https:\/\/www.mp-molds.com\/es\/wp-json\/wp\/v2\/types\/product"}],"replies":[{"embeddable":true,"href":"https:\/\/www.mp-molds.com\/es\/wp-json\/wp\/v2\/comments?post=50217"}],"wp:featuredmedia":[{"embeddable":true,"href":"https:\/\/www.mp-molds.com\/es\/wp-json\/wp\/v2\/media\/50218"}],"wp:attachment":[{"href":"https:\/\/www.mp-molds.com\/es\/wp-json\/wp\/v2\/media?parent=50217"}],"wp:term":[{"taxonomy":"product_brand","embeddable":true,"href":"https:\/\/www.mp-molds.com\/es\/wp-json\/wp\/v2\/product_brand?post=50217"},{"taxonomy":"product_cat","embeddable":true,"href":"https:\/\/www.mp-molds.com\/es\/wp-json\/wp\/v2\/product_cat?post=50217"},{"taxonomy":"product_tag","embeddable":true,"href":"https:\/\/www.mp-molds.com\/es\/wp-json\/wp\/v2\/product_tag?post=50217"}],"curies":[{"name":"wp","href":"https:\/\/api.w.org\/{rel}","templated":true}]}}