{"id":50169,"date":"2019-09-23T09:52:25","date_gmt":"2019-09-23T07:52:25","guid":{"rendered":"https:\/\/www.mp-molds.com\/product\/9mm-38-147-rn-flat-base-6-cavity-brass-nlg-mold\/"},"modified":"2026-03-06T10:14:49","modified_gmt":"2026-03-06T09:14:49","slug":"9mm-38-147-rn-base-plana-6-cavidad-laton-nlg-molde","status":"publish","type":"product","link":"https:\/\/www.mp-molds.com\/es\/product\/9mm-38-147-rn-flat-base-6-cavity-brass-nlg-mold\/","title":{"rendered":"9 o 38-147 RN Base plana 6 Cavidad BR NLG Molde"},"content":{"rendered":"<ul>\n<li>fundici\u00f3n .358 con pesos de rueda de aleaci\u00f3n (puede variar - depende de la aleaci\u00f3n)<\/li>\n<li>Base plana<\/li>\n<li>150 grainss (depende de la aleaci\u00f3n)<\/li>\n<li>6 cavidades<\/li>\n<li>Molde de lat\u00f3n<\/li>\n<li>Placa de bebedero de acero<\/li>\n<li>Pasadores de alineaci\u00f3n de acero endurecido<\/li>\n<li>Llaves Allen incluidas<\/li>\n<li>Punz\u00f3n superior RCBS\/Lyman incluido<\/li>\n<li>Utilice el asa de 6 cavidades LEE o\u00a0<a href=\"https:\/\/www.mp-molds.com\/WooCommerce\/product\/9mm-38-147-rn-bb-6-cav-brass-nlg-mold\/index.php\/e-shop\/mp-handles\">Asas de molde MP<\/a>\u00a0(NO incluido)<\/li>\n<\/ul>\n<p>Vea las fotos de nuestros productos en\u00a0<a href=\"https:\/\/www.mp-molds.com\/WooCommerce\/product\/9mm-38-147-rn-bb-6-cav-brass-nlg-mold\/index.php\/gallery\">galer\u00eda<\/a><\/p>","protected":false},"excerpt":{"rendered":"<ul>\n<li>fundici\u00f3n .358 con pesos de rueda de aleaci\u00f3n (puede variar - depende de la aleaci\u00f3n)<\/li>\n<li>Base plana<\/li>\n<li>150 grainss (depende de la aleaci\u00f3n)<\/li>\n<li>6 cavidades<\/li>\n<li>Molde de lat\u00f3n<\/li>\n<li>Placa de bebedero de acero<\/li>\n<li>Pasadores de alineaci\u00f3n de acero endurecido<\/li>\n<li>Llaves Allen incluidas<\/li>\n<li>Punz\u00f3n superior RCBS\/Lyman incluido<\/li>\n<li>Utilice el asa de 6 cavidades LEE o\u00a0<a href=\"https:\/\/www.mp-molds.com\/WooCommerce\/product\/9mm-38-147-rn-bb-6-cav-brass-nlg-mold\/index.php\/e-shop\/mp-handles\">Asas de molde MP<\/a>\u00a0(NO incluido)<\/li>\n<\/ul>\n<p>Vea las fotos de nuestros productos en\u00a0<a href=\"https:\/\/www.mp-molds.com\/WooCommerce\/product\/9mm-38-147-rn-bb-6-cav-brass-nlg-mold\/index.php\/gallery\">galer\u00eda<\/a><\/p>","protected":false},"featured_media":50170,"comment_status":"open","ping_status":"open","template":"","meta":[],"product_brand":[],"product_cat":[107,24,33],"product_tag":[47,434,435,185,443,186,48,444],"class_list":{"0":"post-50169","1":"product","2":"type-product","3":"status-publish","4":"has-post-thumbnail","6":"product_cat-alternative-coating-molds","7":"product_cat-molds","8":"product_cat-solid-molds","9":"product_tag-380-acp","10":"product_tag-357magnum","11":"product_tag-357sig","12":"product_tag-38-spl","13":"product_tag-38super","14":"product_tag-9mm","15":"product_tag-9x17","16":"product_tag-9x21","17":"pa_brand-mp-molds","18":"pa_caliber-as-cast-391","19":"pa_dodatni_opis-brass-mold-for-hobby-hand-casting-set-contains-mold-allen-keys-metal-pin","20":"pa_handles-included-no","21":"pa_manufacturer-mp-molds","22":"pa_material-brass","23":"pa_number-of-cavities-6-cavities","24":"pa_pb-bb-gc-hb-plain-base","25":"pa_polica-13-3","27":"first","28":"instock","29":"sale","30":"taxable","31":"shipping-taxable","32":"purchasable","33":"product-type-simple"},"_links":{"self":[{"href":"https:\/\/www.mp-molds.com\/es\/wp-json\/wp\/v2\/product\/50169","targetHints":{"allow":["GET"]}}],"collection":[{"href":"https:\/\/www.mp-molds.com\/es\/wp-json\/wp\/v2\/product"}],"about":[{"href":"https:\/\/www.mp-molds.com\/es\/wp-json\/wp\/v2\/types\/product"}],"replies":[{"embeddable":true,"href":"https:\/\/www.mp-molds.com\/es\/wp-json\/wp\/v2\/comments?post=50169"}],"wp:featuredmedia":[{"embeddable":true,"href":"https:\/\/www.mp-molds.com\/es\/wp-json\/wp\/v2\/media\/50170"}],"wp:attachment":[{"href":"https:\/\/www.mp-molds.com\/es\/wp-json\/wp\/v2\/media?parent=50169"}],"wp:term":[{"taxonomy":"product_brand","embeddable":true,"href":"https:\/\/www.mp-molds.com\/es\/wp-json\/wp\/v2\/product_brand?post=50169"},{"taxonomy":"product_cat","embeddable":true,"href":"https:\/\/www.mp-molds.com\/es\/wp-json\/wp\/v2\/product_cat?post=50169"},{"taxonomy":"product_tag","embeddable":true,"href":"https:\/\/www.mp-molds.com\/es\/wp-json\/wp\/v2\/product_tag?post=50169"}],"curies":[{"name":"wp","href":"https:\/\/api.w.org\/{rel}","templated":true}]}}