{"id":50067,"date":"2019-06-04T14:42:33","date_gmt":"2019-06-04T12:42:33","guid":{"rendered":"https:\/\/www.mp-molds.com\/product\/635-mm-air-rifle-pellet-8-cav-mold\/"},"modified":"2026-04-07T21:45:47","modified_gmt":"2026-04-07T19:45:47","slug":"carabina-de-aire-comprimido-635-mm-molde-8-cav","status":"publish","type":"product","link":"https:\/\/www.mp-molds.com\/es\/product\/635-mm-air-rifle-pellet-8-cav-mold\/","title":{"rendered":"Pellets de aire de 6,35 mm - Molde AL de 8 cavidades"},"content":{"rendered":"<ul>\n<li>El molde fundir\u00e1 6,35mm diam. con pesos de rueda de aleaci\u00f3n (puede variar - depende de la aleaci\u00f3n)<\/li>\n<li>47 grainss (puede variar - depende de la aleaci\u00f3n)<\/li>\n<li>La longitud del gr\u00e1nulo es de 10,8 mm.<\/li>\n<li>8 cavidades<\/li>\n<li>Placa de bebedero de acero<\/li>\n<li>Pasadores de alineaci\u00f3n de acero endurecido<\/li>\n<li>Llaves Allen incluidas<\/li>\n<li>Utilizar asa de 6 cavidades LEE o asas de molde MP (NO incluidas)<\/li>\n<\/ul>\n<p>Vea las fotos de nuestros productos en <a href=\"index.php\/gallery\">galer\u00eda<\/a><\/p>","protected":false},"excerpt":{"rendered":"<ul>\n<li>El molde fundir\u00e1 6,35mm diam. con pesos de rueda de aleaci\u00f3n (puede variar - depende de la aleaci\u00f3n)<\/li>\n<li>47 grainss (puede variar - depende de la aleaci\u00f3n)<\/li>\n<li>La longitud del gr\u00e1nulo es de 10,8 mm.<\/li>\n<li>8 cavidades<\/li>\n<li>Placa de bebedero de acero<\/li>\n<li>Pasadores de alineaci\u00f3n de acero endurecido<\/li>\n<li>Llaves Allen incluidas<\/li>\n<li>Utilizar asa de 6 cavidades LEE o asas de molde MP (NO incluidas)<\/li>\n<\/ul>\n<p>Vea las fotos de nuestros productos en <a href=\"index.php\/gallery\">galer\u00eda<\/a><\/p>","protected":false},"featured_media":50068,"comment_status":"open","ping_status":"closed","template":"","meta":[],"product_brand":[],"product_cat":[114,24,33],"product_tag":[],"class_list":{"0":"post-50067","1":"product","2":"type-product","3":"status-publish","4":"has-post-thumbnail","6":"product_cat-air-rifle-molds","7":"product_cat-molds","8":"product_cat-solid-molds","9":"pa_brand-mp-molds","10":"pa_caliber-as-cast-6-35-mm","11":"pa_dodatni_opis-aluminum-mold-for-hobby-hand-casting-set-contains-mold-allen-keys-metal-pin-sprue-lever-handle","12":"pa_handles-included-no","13":"pa_manufacturer-mp-molds","14":"pa_material-aluminum","15":"pa_number-of-cavities-8-cavities","16":"pa_pb-bb-gc-hb-bevel-base","17":"pa_polica-3-0","19":"first","20":"instock","21":"sale","22":"taxable","23":"shipping-taxable","24":"purchasable","25":"product-type-simple"},"_links":{"self":[{"href":"https:\/\/www.mp-molds.com\/es\/wp-json\/wp\/v2\/product\/50067","targetHints":{"allow":["GET"]}}],"collection":[{"href":"https:\/\/www.mp-molds.com\/es\/wp-json\/wp\/v2\/product"}],"about":[{"href":"https:\/\/www.mp-molds.com\/es\/wp-json\/wp\/v2\/types\/product"}],"replies":[{"embeddable":true,"href":"https:\/\/www.mp-molds.com\/es\/wp-json\/wp\/v2\/comments?post=50067"}],"wp:featuredmedia":[{"embeddable":true,"href":"https:\/\/www.mp-molds.com\/es\/wp-json\/wp\/v2\/media\/50068"}],"wp:attachment":[{"href":"https:\/\/www.mp-molds.com\/es\/wp-json\/wp\/v2\/media?parent=50067"}],"wp:term":[{"taxonomy":"product_brand","embeddable":true,"href":"https:\/\/www.mp-molds.com\/es\/wp-json\/wp\/v2\/product_brand?post=50067"},{"taxonomy":"product_cat","embeddable":true,"href":"https:\/\/www.mp-molds.com\/es\/wp-json\/wp\/v2\/product_cat?post=50067"},{"taxonomy":"product_tag","embeddable":true,"href":"https:\/\/www.mp-molds.com\/es\/wp-json\/wp\/v2\/product_tag?post=50067"}],"curies":[{"name":"wp","href":"https:\/\/api.w.org\/{rel}","templated":true}]}}