{"id":50036,"date":"2019-06-04T14:42:25","date_gmt":"2019-06-04T12:42:25","guid":{"rendered":"https:\/\/www.mp-molds.com\/product\/mp-356-130-2r-6-cav-bevel-base-no-lube-groove\/"},"modified":"2026-03-06T10:13:42","modified_gmt":"2026-03-06T09:13:42","slug":"mp-356-130-2r-6-cav-base-conica-sin-ranura-de-lubricacion","status":"publish","type":"product","link":"https:\/\/www.mp-molds.com\/es\/product\/mp-356-130-2r-6-cav-bevel-base-no-lube-groove\/","title":{"rendered":"MP 356-130 2R (358 cal.) Base biselada de 6 cavidades Molde ranurado NO LUBE"},"content":{"rendered":"<ul>\n<li>Fundici\u00f3n calibre .358 - 130 s\u00f3lido<\/li>\n<li>Para usar tambi\u00e9n en 9 mm. Talla f\u00e1cilmente hasta un di\u00e1metro de 0,356.<\/li>\n<li>Molde de lat\u00f3n<\/li>\n<li>Placa de bebedero de acero<\/li>\n<li>Pasadores de alineaci\u00f3n de acero endurecido<\/li>\n<li>Llaves Allen incluidas<\/li>\n<li>Punz\u00f3n superior RCBS\/Lyman incluido<\/li>\n<li>Utilizar asa de 6 cavidades LEE o asas de molde MP (NO incluidas)<\/li>\n<\/ul>\n<p>Vea las fotos de nuestros productos en <a href=\"index.php\/gallery\">galer\u00eda<\/a><\/p>","protected":false},"excerpt":{"rendered":"<ul>\n<li>Fundici\u00f3n calibre .358 - 130 s\u00f3lido<\/li>\n<li>Para usar tambi\u00e9n en 9 mm. Talla f\u00e1cilmente hasta un di\u00e1metro de 0,356.<\/li>\n<li>Molde de lat\u00f3n<\/li>\n<li>Placa de bebedero de acero<\/li>\n<li>Pasadores de alineaci\u00f3n de acero endurecido<\/li>\n<li>Llaves Allen incluidas<\/li>\n<li>Punz\u00f3n superior RCBS\/Lyman incluido<\/li>\n<li>Utilizar asa de 6 cavidades LEE o asas de molde MP (NO incluidas)<\/li>\n<\/ul>\n<p>Vea las fotos de nuestros productos en <a href=\"index.php\/gallery\">galer\u00eda<\/a><\/p>","protected":false},"featured_media":50037,"comment_status":"open","ping_status":"open","template":"","meta":[],"product_brand":[],"product_cat":[107,24,33],"product_tag":[443,186,48,444],"class_list":{"0":"post-50036","1":"product","2":"type-product","3":"status-publish","4":"has-post-thumbnail","6":"product_cat-alternative-coating-molds","7":"product_cat-molds","8":"product_cat-solid-molds","9":"product_tag-38super","10":"product_tag-9mm","11":"product_tag-9x17","12":"product_tag-9x21","13":"pa_brand-mp-molds","14":"pa_caliber-as-cast-391","15":"pa_dodatni_opis-brass-mold-for-hobby-hand-casting-set-contains-mold-allen-keys-metal-pin","16":"pa_handles-included-no","17":"pa_manufacturer-mp-molds","18":"pa_material-brass","19":"pa_number-of-cavities-6-cavities","20":"pa_pb-bb-gc-hb-bevel-base","21":"pa_polica-12-2","23":"first","24":"outofstock","25":"sale","26":"taxable","27":"shipping-taxable","28":"purchasable","29":"product-type-simple"},"_links":{"self":[{"href":"https:\/\/www.mp-molds.com\/es\/wp-json\/wp\/v2\/product\/50036","targetHints":{"allow":["GET"]}}],"collection":[{"href":"https:\/\/www.mp-molds.com\/es\/wp-json\/wp\/v2\/product"}],"about":[{"href":"https:\/\/www.mp-molds.com\/es\/wp-json\/wp\/v2\/types\/product"}],"replies":[{"embeddable":true,"href":"https:\/\/www.mp-molds.com\/es\/wp-json\/wp\/v2\/comments?post=50036"}],"wp:featuredmedia":[{"embeddable":true,"href":"https:\/\/www.mp-molds.com\/es\/wp-json\/wp\/v2\/media\/50037"}],"wp:attachment":[{"href":"https:\/\/www.mp-molds.com\/es\/wp-json\/wp\/v2\/media?parent=50036"}],"wp:term":[{"taxonomy":"product_brand","embeddable":true,"href":"https:\/\/www.mp-molds.com\/es\/wp-json\/wp\/v2\/product_brand?post=50036"},{"taxonomy":"product_cat","embeddable":true,"href":"https:\/\/www.mp-molds.com\/es\/wp-json\/wp\/v2\/product_cat?post=50036"},{"taxonomy":"product_tag","embeddable":true,"href":"https:\/\/www.mp-molds.com\/es\/wp-json\/wp\/v2\/product_tag?post=50036"}],"curies":[{"name":"wp","href":"https:\/\/api.w.org\/{rel}","templated":true}]}}