{"id":51336,"date":"2025-08-23T18:08:01","date_gmt":"2025-08-23T16:08:01","guid":{"rendered":"https:\/\/www.mp-molds.com\/?page_id=51336"},"modified":"2025-09-05T11:20:54","modified_gmt":"2025-09-05T09:20:54","slug":"software-de-recarga","status":"publish","type":"page","link":"https:\/\/www.mp-molds.com\/es\/reloading-software\/","title":{"rendered":"Software de recarga"},"content":{"rendered":"<div data-elementor-type=\"wp-page\" data-elementor-id=\"51336\" class=\"elementor elementor-51336\" data-elementor-post-type=\"page\">\n\t\t\t\t<div class=\"elementor-element elementor-element-bb24d7e e-flex e-con-boxed wpr-particle-no wpr-jarallax-no wpr-parallax-no wpr-sticky-section-no wpr-equal-height-no e-con e-parent\" data-id=\"bb24d7e\" data-element_type=\"container\" data-e-type=\"container\">\n\t\t\t\t\t<div class=\"e-con-inner\">\n\t\t\t\t<div class=\"elementor-element elementor-element-56e6f4d elementor-widget elementor-widget-heading\" data-id=\"56e6f4d\" data-element_type=\"widget\" data-e-type=\"widget\" data-widget_type=\"heading.default\">\n\t\t\t\t<div class=\"elementor-widget-container\">\n\t\t\t\t\t<h1 class=\"elementor-heading-title elementor-size-default\">Software de recarga<\/h1>\t\t\t\t<\/div>\n\t\t\t\t<\/div>\n\t\t\t\t<div class=\"elementor-element elementor-element-b9cadaa elementor-widget elementor-widget-spacer\" data-id=\"b9cadaa\" data-element_type=\"widget\" data-e-type=\"widget\" data-widget_type=\"spacer.default\">\n\t\t\t\t<div class=\"elementor-widget-container\">\n\t\t\t\t\t\t\t<div class=\"elementor-spacer\">\n\t\t\t<div class=\"elementor-spacer-inner\"><\/div>\n\t\t<\/div>\n\t\t\t\t\t\t<\/div>\n\t\t\t\t<\/div>\n\t\t\t\t\t<\/div>\n\t\t\t\t<\/div>\n\t\t<div class=\"elementor-element elementor-element-86a0777 e-flex e-con-boxed wpr-particle-no wpr-jarallax-no wpr-parallax-no wpr-sticky-section-no wpr-equal-height-no e-con e-parent\" data-id=\"86a0777\" data-element_type=\"container\" data-e-type=\"container\">\n\t\t\t\t\t<div class=\"e-con-inner\">\n\t\t\t\t\t<\/div>\n\t\t\t\t<\/div>\n\t\t<div class=\"elementor-element elementor-element-2691761 e-flex e-con-boxed wpr-particle-no wpr-jarallax-no wpr-parallax-no wpr-sticky-section-no wpr-equal-height-no e-con e-parent\" data-id=\"2691761\" data-element_type=\"container\" data-e-type=\"container\">\n\t\t\t\t\t<div class=\"e-con-inner\">\n\t\t<div class=\"elementor-element elementor-element-f4c31d5 e-con-full e-flex wpr-particle-no wpr-jarallax-no wpr-parallax-no wpr-sticky-section-no wpr-equal-height-no e-con e-child\" data-id=\"f4c31d5\" data-element_type=\"container\" data-e-type=\"container\">\n\t\t\t\t<div class=\"elementor-element elementor-element-e50ff15 elementor-widget elementor-widget-text-editor\" data-id=\"e50ff15\" data-element_type=\"widget\" data-e-type=\"widget\" data-widget_type=\"text-editor.default\">\n\t\t\t\t<div class=\"elementor-widget-container\">\n\t\t\t\t\t\t\t\t\t<h3 id=\"a_modern_professional_internal_ballistic_simulation_for_reloaders\" class=\"sectionedit5 page-header pb-3 mb-4 mt-5\">Una moderna simulaci\u00f3n bal\u00edstica interna profesional para recargadores.<\/h3><div class=\"level3\"><ul class=\"fix-media-list-overlap\"><li class=\"level1\"><div class=\"li\"><strong>GRT es software libre<\/strong><\/div><\/li><li class=\"level1\"><div class=\"li\">Chatea con nosotros en nuestro servidor Discord:\u00a0<a class=\"urlextern\" title=\"https:\/\/discord.gg\/3FEYWG4\" href=\"https:\/\/discord.gg\/3FEYWG4\" rel=\"ugc nofollow noopener\" target=\"_blank\">https:\/\/discord.gg\/3FEYWG4<\/a><\/div><\/li><li class=\"level1\"><div class=\"li\">Gordons Reloading Channel en Youtube:\u00a0<a class=\"urlextern\" title=\"https:\/\/youtube.com\/gordonsreloading\" href=\"https:\/\/youtube.com\/gordonsreloading\" rel=\"ugc nofollow noopener\" target=\"_blank\">https:\/\/youtube.com\/gordonsreloading<\/a><\/div><\/li><li><a href=\"https:\/\/www.grtools.de\/doku.php?id=grtools:start\" target=\"_blank\" rel=\"noopener\">Enlace a la GRT<\/a><\/li><\/ul><\/div><p><a href=\"https:\/\/www.grtools.de\/doku.php?id=grtools:start\" target=\"_blank\" rel=\"noopener\"><img fetchpriority=\"high\" decoding=\"async\" class=\"size-medium wp-image-51318\" src=\"https:\/\/www.mp-molds.com\/wp-content\/uploads\/2025\/08\/gordons_reloading_screen_shot-300x179.jpg\" alt=\"Herramienta de recarga Gordons\" width=\"300\" height=\"179\" title=\"\" srcset=\"https:\/\/www.mp-molds.com\/wp-content\/uploads\/2025\/08\/gordons_reloading_screen_shot-300x179.jpg 300w, https:\/\/www.mp-molds.com\/wp-content\/uploads\/2025\/08\/gordons_reloading_screen_shot-150x90.jpg 150w, https:\/\/www.mp-molds.com\/wp-content\/uploads\/2025\/08\/gordons_reloading_screen_shot-600x358.jpg 600w, https:\/\/www.mp-molds.com\/wp-content\/uploads\/2025\/08\/gordons_reloading_screen_shot-64x38.jpg 64w, https:\/\/www.mp-molds.com\/wp-content\/uploads\/2025\/08\/gordons_reloading_screen_shot-1024x612.jpg 1024w, https:\/\/www.mp-molds.com\/wp-content\/uploads\/2025\/08\/gordons_reloading_screen_shot-768x459.jpg 768w, https:\/\/www.mp-molds.com\/wp-content\/uploads\/2025\/08\/gordons_reloading_screen_shot-1536x917.jpg 1536w, https:\/\/www.mp-molds.com\/wp-content\/uploads\/2025\/08\/gordons_reloading_screen_shot-2048x1223.jpg 2048w, https:\/\/www.mp-molds.com\/wp-content\/uploads\/2025\/08\/gordons_reloading_screen_shot-18x12.jpg 18w, https:\/\/www.mp-molds.com\/wp-content\/uploads\/2025\/08\/gordons_reloading_screen_shot-990x591.jpg 990w, https:\/\/www.mp-molds.com\/wp-content\/uploads\/2025\/08\/gordons_reloading_screen_shot-441x263.jpg 441w\" sizes=\"(max-width: 300px) 100vw, 300px\" \/><\/a><\/p>\t\t\t\t\t\t\t\t<\/div>\n\t\t\t\t<\/div>\n\t\t\t\t<\/div>\n\t\t<div class=\"elementor-element elementor-element-974df52 e-con-full e-flex wpr-particle-no wpr-jarallax-no wpr-parallax-no wpr-sticky-section-no wpr-equal-height-no e-con e-child\" data-id=\"974df52\" data-element_type=\"container\" data-e-type=\"container\">\n\t\t\t\t<div class=\"elementor-element elementor-element-417588b elementor-widget elementor-widget-text-editor\" data-id=\"417588b\" data-element_type=\"widget\" data-e-type=\"widget\" data-widget_type=\"text-editor.default\">\n\t\t\t\t<div class=\"elementor-widget-container\">\n\t\t\t\t\t\t\t\t\t<h3 id=\"a_modern_professional_internal_ballistic_simulation_for_reloaders\" class=\"sectionedit5 page-header pb-3 mb-4 mt-5\">Simulaci\u00f3n bal\u00edstica interna en l\u00ednea para recargadores.<\/h3><p>Con datos detallados sobre m\u00e1s de 400 calibres, m\u00e1s de 600 balas y una lista cada vez mayor de p\u00f3lvoras,<\/p><p>Precise Load est\u00e1 dise\u00f1ado para que los c\u00e1lculos bal\u00edsticos sean sencillos y accesibles para todo el mundo.<\/p><p><a href=\"https:\/\/preciseload.com\/\" target=\"_blank\" rel=\"noopener\">Enlace a Carga precisa<\/a><\/p><p><a href=\"https:\/\/preciseload.com\/\" target=\"_blank\" rel=\"noopener\"><img decoding=\"async\" class=\"size-medium wp-image-51352\" src=\"https:\/\/www.mp-molds.com\/wp-content\/uploads\/2025\/08\/precise_load-300x170.png\" alt=\"\" width=\"300\" height=\"170\" title=\"\" srcset=\"https:\/\/www.mp-molds.com\/wp-content\/uploads\/2025\/08\/precise_load-300x170.png 300w, https:\/\/www.mp-molds.com\/wp-content\/uploads\/2025\/08\/precise_load-150x85.png 150w, https:\/\/www.mp-molds.com\/wp-content\/uploads\/2025\/08\/precise_load-600x340.png 600w, https:\/\/www.mp-molds.com\/wp-content\/uploads\/2025\/08\/precise_load-64x36.png 64w, https:\/\/www.mp-molds.com\/wp-content\/uploads\/2025\/08\/precise_load-768x435.png 768w, https:\/\/www.mp-molds.com\/wp-content\/uploads\/2025\/08\/precise_load-18x10.png 18w, https:\/\/www.mp-molds.com\/wp-content\/uploads\/2025\/08\/precise_load-441x250.png 441w, https:\/\/www.mp-molds.com\/wp-content\/uploads\/2025\/08\/precise_load.png 963w\" sizes=\"(max-width: 300px) 100vw, 300px\" \/><\/a><\/p>\t\t\t\t\t\t\t\t<\/div>\n\t\t\t\t<\/div>\n\t\t\t\t<div class=\"elementor-element elementor-element-50bfbf8 elementor-widget elementor-widget-spacer\" data-id=\"50bfbf8\" data-element_type=\"widget\" data-e-type=\"widget\" data-widget_type=\"spacer.default\">\n\t\t\t\t<div class=\"elementor-widget-container\">\n\t\t\t\t\t\t\t<div class=\"elementor-spacer\">\n\t\t\t<div class=\"elementor-spacer-inner\"><\/div>\n\t\t<\/div>\n\t\t\t\t\t\t<\/div>\n\t\t\t\t<\/div>\n\t\t\t\t<\/div>\n\t\t\t\t\t<\/div>\n\t\t\t\t<\/div>\n\t\t<div class=\"elementor-element elementor-element-5daa0ac e-flex e-con-boxed wpr-particle-no wpr-jarallax-no wpr-parallax-no wpr-sticky-section-no wpr-equal-height-no e-con e-parent\" data-id=\"5daa0ac\" data-element_type=\"container\" data-e-type=\"container\">\n\t\t\t\t\t<div class=\"e-con-inner\">\n\t\t\t\t\t<\/div>\n\t\t\t\t<\/div>\n\t\t<div class=\"elementor-element elementor-element-486af70 e-flex e-con-boxed wpr-particle-no wpr-jarallax-no wpr-parallax-no wpr-sticky-section-no wpr-equal-height-no e-con e-parent\" data-id=\"486af70\" data-element_type=\"container\" data-e-type=\"container\">\n\t\t\t\t\t<div class=\"e-con-inner\">\n\t\t\t\t<div class=\"elementor-element elementor-element-7ba57fd elementor-widget elementor-widget-heading\" data-id=\"7ba57fd\" data-element_type=\"widget\" data-e-type=\"widget\" data-widget_type=\"heading.default\">\n\t\t\t\t<div class=\"elementor-widget-container\">\n\t\t\t\t\t<h1 class=\"elementor-heading-title elementor-size-default\">Calculadoras bal\u00edsticas y aplicaciones<\/h1>\t\t\t\t<\/div>\n\t\t\t\t<\/div>\n\t\t\t\t\t<\/div>\n\t\t\t\t<\/div>\n\t\t<div class=\"elementor-element elementor-element-57c3215 e-flex e-con-boxed wpr-particle-no wpr-jarallax-no wpr-parallax-no wpr-sticky-section-no wpr-equal-height-no e-con e-parent\" data-id=\"57c3215\" data-element_type=\"container\" data-e-type=\"container\">\n\t\t\t\t\t<div class=\"e-con-inner\">\n\t\t\t\t<div class=\"elementor-element elementor-element-3c2c682 elementor-widget elementor-widget-spacer\" data-id=\"3c2c682\" data-element_type=\"widget\" data-e-type=\"widget\" data-widget_type=\"spacer.default\">\n\t\t\t\t<div class=\"elementor-widget-container\">\n\t\t\t\t\t\t\t<div class=\"elementor-spacer\">\n\t\t\t<div class=\"elementor-spacer-inner\"><\/div>\n\t\t<\/div>\n\t\t\t\t\t\t<\/div>\n\t\t\t\t<\/div>\n\t\t\t\t<div class=\"elementor-element elementor-element-c41951a elementor-widget elementor-widget-text-editor\" data-id=\"c41951a\" data-element_type=\"widget\" data-e-type=\"widget\" data-widget_type=\"text-editor.default\">\n\t\t\t\t<div class=\"elementor-widget-container\">\n\t\t\t\t\t\t\t\t\t<ul data-start=\"179\" data-end=\"2109\"><li data-start=\"179\" data-end=\"378\"><p data-start=\"181\" data-end=\"378\"><a href=\"https:\/\/www.hornady.com\/4dof?utm_source=chatgpt.com\" target=\"_blank\" rel=\"noopener\"><strong data-start=\"181\" data-end=\"213\">Calculadora bal\u00edstica Hornady<\/strong> - Una completa calculadora en l\u00ednea de Hornady que permite introducir datos sobre el cartucho, la bala y el entorno para calcular la trayectoria.<\/a><\/p><\/li><li data-start=\"380\" data-end=\"609\"><p data-start=\"382\" data-end=\"609\"><a href=\"https:\/\/www.federalpremium.com\/ballistics-calculator?utm_source=chatgpt.com\" target=\"_blank\" rel=\"noopener\"><strong data-start=\"382\" data-end=\"423\">Calculadora bal\u00edstica Federal Premium<\/strong> - Le permite determinar la trayectoria de cargas de rifle o pistola, con opciones para guardar m\u00faltiples cargas personalizadas. Disponible en unidades imperiales y m\u00e9tricas.<\/a><\/p><\/li><li data-start=\"611\" data-end=\"807\"><p data-start=\"613\" data-end=\"807\"><a href=\"https:\/\/ballisticscalculator.winchester.com\/?utm_source=chatgpt.com\" target=\"_blank\" rel=\"noopener\"><strong data-start=\"613\" data-end=\"649\">Calculadora bal\u00edstica Winchester<\/strong> - Introduzca sus condiciones de caza o tiro para visualizar la ca\u00edda, deriva, velocidad y energ\u00eda de la bala mediante gr\u00e1ficos y tablas.<\/a><\/p><\/li><li data-start=\"809\" data-end=\"990\"><p data-start=\"811\" data-end=\"990\"><a href=\"https:\/\/bergerbullets.com\/ballistics-calculator\/?utm_source=chatgpt.com\" target=\"_blank\" rel=\"noopener\"><strong data-start=\"811\" data-end=\"851\">Calculadora bal\u00edstica de balas Berger<\/strong> - Calcula la trayectoria utilizando los coeficientes bal\u00edsticos (CB) G1 o G7, teniendo en cuenta los factores externos.<\/a><\/p><\/li><li data-start=\"992\" data-end=\"1238\"><p data-start=\"994\" data-end=\"1238\"><a href=\"https:\/\/www.lapua.com\/support\/lapua-ballistics-app-2\/?utm_source=chatgpt.com\" target=\"_blank\" rel=\"noopener\"><strong data-start=\"994\" data-end=\"1018\">Aplicaci\u00f3n Lapua Ballistics<\/strong> - Una calculadora bal\u00edstica 6DOF m\u00f3vil gratuita (el tipo m\u00e1s preciso) que utiliza datos probados por Doppler. Admite varios idiomas y permite entradas de balas personalizadas. Disponible para iOS y Android.<\/a><\/p><\/li><li data-start=\"1240\" data-end=\"1480\"><p data-start=\"1242\" data-end=\"1480\"><a href=\"https:\/\/appliedballisticsllc.com\/?utm_source=chatgpt.com\" target=\"_blank\" rel=\"noopener\"><strong data-start=\"1242\" data-end=\"1287\">Bal\u00edstica aplicada (AB Quantum\u2122 y aplicaciones)<\/strong> - Ofrece solucionadores de alta precisi\u00f3n y aplicaciones como AB Analytics (escritorio), AB Mobile, Kestrel LiNK Ballistics, SIG Sauer BDX, Bushnell Ballistics, etc.<\/a><\/p><\/li><li data-start=\"1482\" data-end=\"1718\"><p data-start=\"1484\" data-end=\"1718\"><a href=\"https:\/\/www.p-max.uk\/?utm_source=chatgpt.com\" target=\"_blank\" rel=\"noopener\"><strong data-start=\"1484\" data-end=\"1523\">Simulador de bal\u00edstica interna P-Max<\/strong> - Herramienta gratuita de bal\u00edstica interna basada en navegador que simula la presi\u00f3n, la velocidad y la energ\u00eda con gr\u00e1ficos. Desaconseja sustituir las pruebas seguras en el mundo real.<\/a><\/p><\/li><\/ul>\t\t\t\t\t\t\t\t<\/div>\n\t\t\t\t<\/div>\n\t\t\t\t\t<\/div>\n\t\t\t\t<\/div>\n\t\t<div class=\"elementor-element elementor-element-4c4c40a e-flex e-con-boxed wpr-particle-no wpr-jarallax-no wpr-parallax-no wpr-sticky-section-no wpr-equal-height-no e-con e-parent\" data-id=\"4c4c40a\" data-element_type=\"container\" data-e-type=\"container\">\n\t\t\t\t\t<div class=\"e-con-inner\">\n\t\t\t\t<div class=\"elementor-element elementor-element-036b54c elementor-widget elementor-widget-spacer\" data-id=\"036b54c\" data-element_type=\"widget\" data-e-type=\"widget\" data-widget_type=\"spacer.default\">\n\t\t\t\t<div class=\"elementor-widget-container\">\n\t\t\t\t\t\t\t<div class=\"elementor-spacer\">\n\t\t\t<div class=\"elementor-spacer-inner\"><\/div>\n\t\t<\/div>\n\t\t\t\t\t\t<\/div>\n\t\t\t\t<\/div>\n\t\t\t\t\t<\/div>\n\t\t\t\t<\/div>\n\t\t<div class=\"elementor-element elementor-element-0dc736f e-flex e-con-boxed wpr-particle-no wpr-jarallax-no wpr-parallax-no wpr-sticky-section-no wpr-equal-height-no e-con e-parent\" data-id=\"0dc736f\" data-element_type=\"container\" data-e-type=\"container\">\n\t\t\t\t\t<div class=\"e-con-inner\">\n\t\t\t\t<div class=\"elementor-element elementor-element-8a1e3be elementor-widget elementor-widget-heading\" data-id=\"8a1e3be\" data-element_type=\"widget\" data-e-type=\"widget\" data-widget_type=\"heading.default\">\n\t\t\t\t<div class=\"elementor-widget-container\">\n\t\t\t\t\t<h1 class=\"elementor-heading-title elementor-size-default\">Calculadoras de aleaci\u00f3n de plomo y BHN<\/h1>\t\t\t\t<\/div>\n\t\t\t\t<\/div>\n\t\t\t\t\t<\/div>\n\t\t\t\t<\/div>\n\t\t<div class=\"elementor-element elementor-element-91dfb5f e-flex e-con-boxed wpr-particle-no wpr-jarallax-no wpr-parallax-no wpr-sticky-section-no wpr-equal-height-no e-con e-parent\" data-id=\"91dfb5f\" data-element_type=\"container\" data-e-type=\"container\">\n\t\t\t\t\t<div class=\"e-con-inner\">\n\t\t\t\t<div class=\"elementor-element elementor-element-743dbba elementor-widget elementor-widget-spacer\" data-id=\"743dbba\" data-element_type=\"widget\" data-e-type=\"widget\" data-widget_type=\"spacer.default\">\n\t\t\t\t<div class=\"elementor-widget-container\">\n\t\t\t\t\t\t\t<div class=\"elementor-spacer\">\n\t\t\t<div class=\"elementor-spacer-inner\"><\/div>\n\t\t<\/div>\n\t\t\t\t\t\t<\/div>\n\t\t\t\t<\/div>\n\t\t\t\t\t<\/div>\n\t\t\t\t<\/div>\n\t\t<div class=\"elementor-element elementor-element-0dcae96 e-flex e-con-boxed wpr-particle-no wpr-jarallax-no wpr-parallax-no wpr-sticky-section-no wpr-equal-height-no e-con e-parent\" data-id=\"0dcae96\" data-element_type=\"container\" data-e-type=\"container\">\n\t\t\t\t\t<div class=\"e-con-inner\">\n\t\t\t\t<div class=\"elementor-element elementor-element-47802ec elementor-widget elementor-widget-text-editor\" data-id=\"47802ec\" data-element_type=\"widget\" data-e-type=\"widget\" data-widget_type=\"text-editor.default\">\n\t\t\t\t<div class=\"elementor-widget-container\">\n\t\t\t\t\t\t\t\t\t<ul><li data-start=\"75\" data-end=\"282\"><p data-start=\"77\" data-end=\"282\"><strong data-start=\"77\" data-end=\"169\"><a class=\"decorated-link\" href=\"https:\/\/bulletmatch.com\/pages\/lead-alloy-calculator\" target=\"_new\" rel=\"noopener\" data-start=\"79\" data-end=\"167\">Calculadora de aleaci\u00f3n de plomo BulletMatch<\/a><\/strong> - Una herramienta en l\u00ednea que permite introducir el peso y la composici\u00f3n de cada componente de la aleaci\u00f3n para determinar la mezcla resultante.<\/p><\/li><li data-start=\"284\" data-end=\"499\"><p data-start=\"286\" data-end=\"499\"><strong data-start=\"286\" data-end=\"355\"><a class=\"decorated-link\" href=\"https:\/\/www.weatherby.dk\/bhn.htm\" target=\"_new\" rel=\"noopener\" data-start=\"288\" data-end=\"353\">Calculadora BHN (weatherby.dk)<\/a><\/strong> - Una calculadora del n\u00famero de dureza Brinell (BHN) que permite mezclar dos aleaciones de plomo especificando los porcentajes y el peso de esta\u00f1o, antimonio y plomo.<\/p><\/li><li data-start=\"501\" data-end=\"815\"><p data-start=\"503\" data-end=\"815\"><strong data-start=\"503\" data-end=\"644\"><a class=\"decorated-link\" href=\"https:\/\/forum.castbulletassoc.org\/thread\/3325-alloy-calculator-spreadsheet\/\" target=\"_new\" rel=\"noopener\" data-start=\"505\" data-end=\"642\">Hoja de c\u00e1lculo de la calculadora de aleaciones de la Cast Bullet Association (CBA)<\/a><\/strong> - Herramienta de hoja de c\u00e1lculo creada por un usuario (disponible en los foros de CBA) para estimar la dureza de las aleaciones. Aunque no es perfectamente precisa, se considera lo bastante exacta para uso general.<\/p><\/li><li data-start=\"817\" data-end=\"1094\"><p data-start=\"819\" data-end=\"1094\"><strong data-start=\"819\" data-end=\"954\"><a class=\"decorated-link\" href=\"https:\/\/www.reddit.com\/r\/reloading\/comments\/plrqno\/help_calculating_how_much_alloy_to_add_to_plain\/\" target=\"_new\" rel=\"noopener\" data-start=\"821\" data-end=\"952\">Hoja de c\u00e1lculo compartida en Reddit<\/a><\/strong> - Un compa\u00f1ero recargador comparti\u00f3 una hoja de c\u00e1lculo para calcular aleaciones (<strong data-start=\"1015\" data-end=\"1030\">Aleaci\u00f3n12.xls<\/strong>) para mezclar aleaciones y alcanzar la dureza o las composiciones deseadas.<\/p><\/li><\/ul>\t\t\t\t\t\t\t\t<\/div>\n\t\t\t\t<\/div>\n\t\t\t\t\t<\/div>\n\t\t\t\t<\/div>\n\t\t\t\t<\/div>","protected":false},"excerpt":{"rendered":"<p>Software de recarga Una moderna simulaci\u00f3n bal\u00edstica interna profesional para recargadores. GRT es software libre Chatea con nosotros en nuestro Discord-Server: https:\/\/discord.gg\/3FEYWG4 Gordons Reloading Channel en Youtube: https:\/\/youtube.com\/gordonsreloading Enlace a GRT Online simulaci\u00f3n bal\u00edstica interna para recargadores. Con datos detallados sobre m\u00e1s de 400 calibres, m\u00e1s de 600 balas y una lista cada vez mayor de p\u00f3lvoras, Precise Load est\u00e1 dise\u00f1ado para que los c\u00e1lculos bal\u00edsticos sean sencillos y accesibles para todo el mundo. Enlace a las calculadoras y aplicaciones de bal\u00edstica de Precise Load Hornady Ballistic Calculator - Una completa calculadora en l\u00ednea de Hornady para introducir datos sobre el cartucho, la bala y el entorno para calcular la trayectoria Federal Premium Ballistics Calculator - Le permite determinar la trayectoria para cargas de rifle o pistola, con opciones para guardar m\u00faltiples cargas personalizadas. Disponible en unidades imperiales y m\u00e9tricas. Winchester Ballistics Calculator - Introduzca sus condiciones de caza o tiro para visualizar la ca\u00edda, deriva, velocidad y energ\u00eda de la bala mediante gr\u00e1ficos y tablas. Berger Bullets Ballistics Calculator - Calcula la trayectoria utilizando los coeficientes bal\u00edsticos G1 o G7, teniendo en cuenta factores externos. Lapua Ballistics App - Calculadora bal\u00edstica m\u00f3vil gratuita 6DOF (el tipo m\u00e1s preciso) que utiliza datos probados por Doppler. Admite varios idiomas y permite introducir balas personalizadas. Disponible para iOS y Android. Applied Ballistics (AB Quantum\u2122 and Apps) - Ofrece solucionadores de alta precisi\u00f3n y aplicaciones como AB Analytics (escritorio), AB Mobile, Kestrel LiNK Ballistics, SIG Sauer BDX, Bushnell Ballistics, y m\u00e1s. P-Max Internal Ballistics Simulator - Herramienta gratuita de bal\u00edstica interna basada en navegador que simula la presi\u00f3n, la velocidad y la energ\u00eda con gr\u00e1ficos. No sustituye a las pruebas seguras del mundo real. Calculadora de aleaciones de plomo y BHN BulletMatch Lead Alloy Calculator - Una herramienta en l\u00ednea en la que puede introducir el peso y la composici\u00f3n de cada componente de la aleaci\u00f3n para determinar la mezcla resultante. Calculadora BHN (weatherby.dk) - Una calculadora del n\u00famero de dureza Brinell (BHN) que le permite mezclar dos aleaciones de plomo especificando los porcentajes de esta\u00f1o, antimonio, plomo y peso. Cast Bullet Association (CBA) Alloy Calculator Spreadsheet - Una herramienta de hoja de c\u00e1lculo creada por el usuario (disponible en los foros de la CBA) para estimar la dureza de las aleaciones. Aunque no es perfectamente precisa, se considera lo suficientemente exacta para uso general. Hoja de c\u00e1lculo compartida en Reddit - Un compa\u00f1ero recargador comparti\u00f3 una hoja de c\u00e1lculo calculadora de aleaciones (Alloy12.xls) para mezclar aleaciones y alcanzar la dureza o composici\u00f3n deseada.<\/p>","protected":false},"author":1,"featured_media":0,"parent":0,"menu_order":0,"comment_status":"closed","ping_status":"closed","template":"template-fullwidth.php","meta":{"footnotes":""},"class_list":["post-51336","page","type-page","status-publish","hentry"],"_links":{"self":[{"href":"https:\/\/www.mp-molds.com\/es\/wp-json\/wp\/v2\/pages\/51336","targetHints":{"allow":["GET"]}}],"collection":[{"href":"https:\/\/www.mp-molds.com\/es\/wp-json\/wp\/v2\/pages"}],"about":[{"href":"https:\/\/www.mp-molds.com\/es\/wp-json\/wp\/v2\/types\/page"}],"author":[{"embeddable":true,"href":"https:\/\/www.mp-molds.com\/es\/wp-json\/wp\/v2\/users\/1"}],"replies":[{"embeddable":true,"href":"https:\/\/www.mp-molds.com\/es\/wp-json\/wp\/v2\/comments?post=51336"}],"version-history":[{"count":14,"href":"https:\/\/www.mp-molds.com\/es\/wp-json\/wp\/v2\/pages\/51336\/revisions"}],"predecessor-version":[{"id":56125,"href":"https:\/\/www.mp-molds.com\/es\/wp-json\/wp\/v2\/pages\/51336\/revisions\/56125"}],"wp:attachment":[{"href":"https:\/\/www.mp-molds.com\/es\/wp-json\/wp\/v2\/media?parent=51336"}],"curies":[{"name":"wp","href":"https:\/\/api.w.org\/{rel}","templated":true}]}}