{"id":50889,"date":"2024-10-04T14:10:46","date_gmt":"2024-10-04T12:10:46","guid":{"rendered":"https:\/\/www.mp-molds.com\/?page_id=50889"},"modified":"2025-09-05T11:42:03","modified_gmt":"2025-09-05T09:42:03","slug":"revision-de-los-moldes-mp-innovaciones-y-conocimientos-desvelados","status":"publish","type":"page","link":"https:\/\/www.mp-molds.com\/es\/mp-molds-review-innovations-and-insights-unveiled\/","title":{"rendered":"Pulse"},"content":{"rendered":"<div data-elementor-type=\"wp-page\" data-elementor-id=\"50889\" class=\"elementor elementor-50889\" data-elementor-post-type=\"page\">\n\t\t\t\t<div class=\"elementor-element elementor-element-9aae661 e-flex e-con-boxed wpr-particle-no wpr-jarallax-no wpr-parallax-no wpr-sticky-section-no wpr-equal-height-no e-con e-parent\" data-id=\"9aae661\" data-element_type=\"container\" data-e-type=\"container\">\n\t\t\t\t\t<div class=\"e-con-inner\">\n\t\t\t\t<div class=\"elementor-element elementor-element-48837ae elementor-widget elementor-widget-text-editor\" data-id=\"48837ae\" data-element_type=\"widget\" data-e-type=\"widget\" data-widget_type=\"text-editor.default\">\n\t\t\t\t<div class=\"elementor-widget-container\">\n\t\t\t\t\t\t\t\t\t<p data-start=\"170\" data-end=\"197\"><strong data-start=\"170\" data-end=\"195\">Moldes MP en la prensa<\/strong><\/p><p data-start=\"199\" data-end=\"491\">En <strong data-start=\"202\" data-end=\"214\">MP-Moldes<\/strong>Estamos orgullosos de compartir nuestra trayectoria, innovaciones y conocimientos del sector a trav\u00e9s de art\u00edculos en las principales publicaciones. Nuestro compromiso con la excelencia en el dise\u00f1o y la fabricaci\u00f3n de moldes ha captado la atenci\u00f3n de revistas de renombre, mostrando nuestra experiencia y dedicaci\u00f3n a la calidad.<\/p><p data-start=\"1015\" data-end=\"1306\">Nuestra p\u00e1gina de prensa es un testimonio de la confianza que el sector deposita en nosotros. <strong data-start=\"1088\" data-end=\"1100\">MP-Moldes<\/strong>El \u00e9xito de MP-Molds, que refleja nuestro compromiso continuo con la innovaci\u00f3n, la calidad y la satisfacci\u00f3n del cliente. Mant\u00e9ngase al d\u00eda con la \u00faltima cobertura de los medios y ver c\u00f3mo MP-Moldes sigue estableciendo el est\u00e1ndar en la fabricaci\u00f3n de moldes de bala.<\/p>\t\t\t\t\t\t\t\t<\/div>\n\t\t\t\t<\/div>\n\t\t\t\t\t<\/div>\n\t\t\t\t<\/div>\n\t\t<div class=\"elementor-element elementor-element-2ce1499 e-flex e-con-boxed wpr-particle-no wpr-jarallax-no wpr-parallax-no wpr-sticky-section-no wpr-equal-height-no e-con e-parent\" data-id=\"2ce1499\" data-element_type=\"container\" data-e-type=\"container\">\n\t\t\t\t\t<div class=\"e-con-inner\">\n\t\t\t\t<div class=\"elementor-element elementor-element-5145785 e-n-tabs-mobile elementor-widget elementor-widget-n-tabs\" data-id=\"5145785\" data-element_type=\"widget\" data-e-type=\"widget\" data-settings=\"{&quot;horizontal_scroll&quot;:&quot;disable&quot;}\" data-widget_type=\"nested-tabs.default\">\n\t\t\t\t<div class=\"elementor-widget-container\">\n\t\t\t\t\t\t\t<div class=\"e-n-tabs\" data-widget-number=\"85219205\" aria-label=\"Karty. Polo\u017eky otev\u00edrejte kl\u00e1vesou Enter nebo mezern\u00edk, zav\u00edrejte kl\u00e1vesou Escape a navigujte pomoc\u00ed \u0161ipek.\" data-no-translation-aria-label=\"\">\n\t\t\t<div class=\"e-n-tabs-heading\" role=\"tablist\">\n\t\t\t\t\t<button id=\"e-n-tab-title-852192051\" data-tab-title-id=\"e-n-tab-title-852192051\" class=\"e-n-tab-title\" aria-selected=\"true\" data-tab-index=\"1\" role=\"tab\" tabindex=\"0\" aria-controls=\"e-n-tab-content-852192051\" style=\"--n-tabs-title-order: 1;\">\n\t\t\t\t\t\t<span class=\"e-n-tab-title-text\">\n\t\t\t\tArtillero americano\t\t\t<\/span>\n\t\t<\/button>\n\t\t\t\t<button id=\"e-n-tab-title-852192052\" data-tab-title-id=\"e-n-tab-title-852192052\" class=\"e-n-tab-title\" aria-selected=\"false\" data-tab-index=\"2\" role=\"tab\" tabindex=\"-1\" aria-controls=\"e-n-tab-content-852192052\" style=\"--n-tabs-title-order: 2;\">\n\t\t\t\t\t\t<span class=\"e-n-tab-title-text\">\n\t\t\t\tRevista Guns\t\t\t<\/span>\n\t\t<\/button>\n\t\t\t\t<button id=\"e-n-tab-title-852192053\" data-tab-title-id=\"e-n-tab-title-852192053\" class=\"e-n-tab-title\" aria-selected=\"false\" data-tab-index=\"3\" role=\"tab\" tabindex=\"-1\" aria-controls=\"e-n-tab-content-852192053\" style=\"--n-tabs-title-order: 3;\">\n\t\t\t\t\t\t<span class=\"e-n-tab-title-text\">\n\t\t\t\tRevista Handloader\t\t\t<\/span>\n\t\t<\/button>\n\t\t\t\t\t<\/div>\n\t\t\t<div class=\"e-n-tabs-content\">\n\t\t\t\t<div id=\"e-n-tab-content-852192051\" role=\"tabpanel\" aria-labelledby=\"e-n-tab-title-852192051\" data-tab-index=\"1\" style=\"--n-tabs-title-order: 1;\" class=\"e-active elementor-element elementor-element-1e37dce e-con-full e-flex wpr-particle-no wpr-jarallax-no wpr-parallax-no wpr-sticky-section-no wpr-equal-height-no e-con e-child\" data-id=\"1e37dce\" data-element_type=\"container\" data-e-type=\"container\">\n\t\t<div class=\"elementor-element elementor-element-faf77e9 e-flex e-con-boxed wpr-particle-no wpr-jarallax-no wpr-parallax-no wpr-sticky-section-no wpr-equal-height-no e-con e-child\" data-id=\"faf77e9\" data-element_type=\"container\" data-e-type=\"container\">\n\t\t\t\t\t<div class=\"e-con-inner\">\n\t\t\t\t<div class=\"elementor-element elementor-element-517c73f elementor-widget elementor-widget-embedpres_elementor\" data-id=\"517c73f\" data-element_type=\"widget\" data-e-type=\"widget\" data-widget_type=\"embedpres_elementor.default\">\n\t\t\t\t<div class=\"elementor-widget-container\">\n\t\t\t\t\t\n\t\t<div class=\"embedpress-elements-wrapper\" id=\"ep-elements-id-517c73f\">\n\n\t\t\t\t\t\t\t<div id=\"ep-elementor-content-517c73f\"\n\t\t\t\t\tclass=\"ep-elementor-content\t\t\t\t\t\t\t\t\t\t  ep-content-protection-disabled\t\t\t\t\tsource-default\">\n\n\t\t\t\t\t<div id=\"517c73f\"\n\t\t\t\t\t\tclass=\"ep-embed-content-wrapper\t\t\t\t\t\t\t\t\t\t\t\t\t\t\t\t\t\tep-google-photos-\t\t\t\t\t\tdata-show-title=\"yes\"\t\t\t\t\t\t\"\n\t\t\t\t\t\t\t\t\t\t\t\t\t\t\t\t\t\t\t\t\t\t\t\t>\n\n\t\t\t\t\t\t<div id=\"ep-elementor-content-517c73f\"\n\t\t\t\t\t\t\tclass=\"ep-elementor-content\t\t\t\t\t\t\t\t\t\t\t\t\t\t  ep-content-protection-disabled\t\t\t\t\t\t\tsource-default\">\n\n\t\t\t\t\t\t\t<div >\n\t\t\t\t\t\t\t\t<div id=\"517c73f\"\n\t\t\t\t\t\t\t\t\tclass=\"ep-embed-content-wraper\"\n\t\t\t\t\t\t\t\t\t\t\t\t\t\t\t\t\t\t>\n\n\t\t\t\t\t\t\t\t\t<div class=\"ose-wrapper ose-uid-6c889a97931220764e5f09a8b7ef7277 ose-embedpress-responsive\" style=\"width:800px; height:800px; max-height:800px; max-width:100%; display:inline-block;\" data-embed-type=\"SelfHosted\"><iframe allowfullscreen=\"true\" width=\"800\" height=\"800\" src=\"https:\/\/americanhandgunner.com\/gear\/mp-molds\/\" > <\/iframe><\/div>\t\t\t\t\t\t\t\t<\/div>\n\n\t\t\t\t\t\t\t\t\n\t\t\t\t\t\t\t<\/div>\n\t\t\t\t\t\t<\/div>\n\t\t\t\t\t<\/div>\n\t\t\t\t<\/div>\n\n\t\t\t\n\t\t<\/div>\n\n\n\t\t\n\t\t\t\t<\/div>\n\t\t\t\t<\/div>\n\t\t\t\t\t<\/div>\n\t\t\t\t<\/div>\n\t\t\t\t<\/div>\n\t\t<div id=\"e-n-tab-content-852192052\" role=\"tabpanel\" aria-labelledby=\"e-n-tab-title-852192052\" data-tab-index=\"2\" style=\"--n-tabs-title-order: 2;\" class=\"elementor-element elementor-element-e3d071a e-con-full e-flex wpr-particle-no wpr-jarallax-no wpr-parallax-no wpr-sticky-section-no wpr-equal-height-no e-con e-child\" data-id=\"e3d071a\" data-element_type=\"container\" data-e-type=\"container\">\n\t\t\t\t<div class=\"elementor-element elementor-element-e634020 elementor-widget elementor-widget-embedpres_elementor\" data-id=\"e634020\" data-element_type=\"widget\" data-e-type=\"widget\" data-widget_type=\"embedpres_elementor.default\">\n\t\t\t\t<div class=\"elementor-widget-container\">\n\t\t\t\t\t\n\t\t<div class=\"embedpress-elements-wrapper\" id=\"ep-elements-id-e634020\">\n\n\t\t\t\t\t\t\t<div id=\"ep-elementor-content-e634020\"\n\t\t\t\t\tclass=\"ep-elementor-content\t\t\t\t\t\t\t\t\t\t  ep-content-protection-disabled\t\t\t\t\tsource-default\">\n\n\t\t\t\t\t<div id=\"e634020\"\n\t\t\t\t\t\tclass=\"ep-embed-content-wrapper\t\t\t\t\t\t\t\t\t\t\t\t\t\t\t\t\t\tep-google-photos-\t\t\t\t\t\tdata-show-title=\"yes\"\t\t\t\t\t\t\"\n\t\t\t\t\t\t\t\t\t\t\t\t\t\t\t\t\t\t\t\t\t\t\t\t>\n\n\t\t\t\t\t\t<div id=\"ep-elementor-content-e634020\"\n\t\t\t\t\t\t\tclass=\"ep-elementor-content\t\t\t\t\t\t\t\t\t\t\t\t\t\t  ep-content-protection-disabled\t\t\t\t\t\t\tsource-default\">\n\n\t\t\t\t\t\t\t<div >\n\t\t\t\t\t\t\t\t<div id=\"e634020\"\n\t\t\t\t\t\t\t\t\tclass=\"ep-embed-content-wraper\"\n\t\t\t\t\t\t\t\t\t\t\t\t\t\t\t\t\t\t>\n\n\t\t\t\t\t\t\t\t\t<div class=\"ose-wrapper ose-uid-b6dbfcf4e3854b28124db5cfa31d95ff ose-embedpress-responsive\" style=\"width:800px; height:800px; max-height:800px; max-width:100%; display:inline-block;\" data-embed-type=\"SelfHosted\"><iframe allowfullscreen=\"true\" width=\"800\" height=\"800\" src=\"https:\/\/gunsmagazine.com\/our-experts\/perfect-bullet-casting\/\" > <\/iframe><\/div>\t\t\t\t\t\t\t\t<\/div>\n\n\t\t\t\t\t\t\t\t\n\t\t\t\t\t\t\t<\/div>\n\t\t\t\t\t\t<\/div>\n\t\t\t\t\t<\/div>\n\t\t\t\t<\/div>\n\n\t\t\t\n\t\t<\/div>\n\n\n\t\t\n\t\t\t\t<\/div>\n\t\t\t\t<\/div>\n\t\t\t\t<\/div>\n\t\t<div id=\"e-n-tab-content-852192053\" role=\"tabpanel\" aria-labelledby=\"e-n-tab-title-852192053\" data-tab-index=\"3\" style=\"--n-tabs-title-order: 3;\" class=\"elementor-element elementor-element-7d101c1 e-con-full e-flex wpr-particle-no wpr-jarallax-no wpr-parallax-no wpr-sticky-section-no wpr-equal-height-no e-con e-child\" data-id=\"7d101c1\" data-element_type=\"container\" data-e-type=\"container\">\n\t\t\t\t<div class=\"elementor-element elementor-element-4112b3a elementor-widget elementor-widget-embedpres_elementor\" data-id=\"4112b3a\" data-element_type=\"widget\" data-e-type=\"widget\" data-widget_type=\"embedpres_elementor.default\">\n\t\t\t\t<div class=\"elementor-widget-container\">\n\t\t\t\t\t\n\t\t<div class=\"embedpress-elements-wrapper\" id=\"ep-elements-id-4112b3a\">\n\n\t\t\t\t\t\t\t<div id=\"ep-elementor-content-4112b3a\"\n\t\t\t\t\tclass=\"ep-elementor-content\t\t\t\t\t\t\t\t\t\t  ep-content-protection-disabled\t\t\t\t\tsource-default\">\n\n\t\t\t\t\t<div id=\"4112b3a\"\n\t\t\t\t\t\tclass=\"ep-embed-content-wrapper\t\t\t\t\t\t\t\t\t\t\t\t\t\t\t\t\t\tep-google-photos-\t\t\t\t\t\tdata-show-title=\"yes\"\t\t\t\t\t\t\"\n\t\t\t\t\t\t\t\t\t\t\t\t\t\t\t\t\t\t\t\t\t\t\t\t>\n\n\t\t\t\t\t\t<div id=\"ep-elementor-content-4112b3a\"\n\t\t\t\t\t\t\tclass=\"ep-elementor-content\t\t\t\t\t\t\t\t\t\t\t\t\t\t  ep-content-protection-disabled\t\t\t\t\t\t\tsource-default\">\n\n\t\t\t\t\t\t\t<div >\n\t\t\t\t\t\t\t\t<div id=\"4112b3a\"\n\t\t\t\t\t\t\t\t\tclass=\"ep-embed-content-wraper\"\n\t\t\t\t\t\t\t\t\t\t\t\t\t\t\t\t\t\t>\n\n\t\t\t\t\t\t\t\t\t<div class=\"ose-wrapper ose-uid-0572e43dd516abd1a97651ce254f424d ose-embedpress-responsive\" style=\"width:800px; height:800px; max-height:800px; max-width:100%; display:inline-block;\" data-embed-type=\"SelfHosted\"><iframe allowfullscreen=\"true\" width=\"800\" height=\"800\" src=\"https:\/\/www.handloadermagazine.com\/mp-bullet-moulds\" > <\/iframe><\/div>\t\t\t\t\t\t\t\t<\/div>\n\n\t\t\t\t\t\t\t\t\n\t\t\t\t\t\t\t<\/div>\n\t\t\t\t\t\t<\/div>\n\t\t\t\t\t<\/div>\n\t\t\t\t<\/div>\n\n\t\t\t\n\t\t<\/div>\n\n\n\t\t\n\t\t\t\t<\/div>\n\t\t\t\t<\/div>\n\t\t\t\t<\/div>\n\t\t\t\t\t<\/div>\n\t\t<\/div>\n\t\t\t\t\t\t<\/div>\n\t\t\t\t<\/div>\n\t\t\t\t\t<\/div>\n\t\t\t\t<\/div>\n\t\t\t\t<\/div>","protected":false},"excerpt":{"rendered":"<p>MP-Molds in the Press At MP-Molds, we are proud to share our journey, innovations, and industry insights through features in leading publications. Our commitment to excellence in mold design and manufacturing has caught the attention of renowned magazines, showcasing our expertise and dedication to quality. Our press page serves as a testament to the trust the industry places in MP-Molds, reflecting our ongoing commitment to innovation, quality, and customer satisfaction. Stay updated with the latest media coverage and see how MP-Molds continues to set the standard in bullet mold manufacturing. American Handgunner Guns magazine Handloader magazine<\/p>","protected":false},"author":1,"featured_media":0,"parent":0,"menu_order":0,"comment_status":"closed","ping_status":"closed","template":"template-fullwidth.php","meta":{"footnotes":""},"class_list":["post-50889","page","type-page","status-publish","hentry"],"_links":{"self":[{"href":"https:\/\/www.mp-molds.com\/es\/wp-json\/wp\/v2\/pages\/50889","targetHints":{"allow":["GET"]}}],"collection":[{"href":"https:\/\/www.mp-molds.com\/es\/wp-json\/wp\/v2\/pages"}],"about":[{"href":"https:\/\/www.mp-molds.com\/es\/wp-json\/wp\/v2\/types\/page"}],"author":[{"embeddable":true,"href":"https:\/\/www.mp-molds.com\/es\/wp-json\/wp\/v2\/users\/1"}],"replies":[{"embeddable":true,"href":"https:\/\/www.mp-molds.com\/es\/wp-json\/wp\/v2\/comments?post=50889"}],"version-history":[{"count":11,"href":"https:\/\/www.mp-molds.com\/es\/wp-json\/wp\/v2\/pages\/50889\/revisions"}],"predecessor-version":[{"id":56141,"href":"https:\/\/www.mp-molds.com\/es\/wp-json\/wp\/v2\/pages\/50889\/revisions\/56141"}],"wp:attachment":[{"href":"https:\/\/www.mp-molds.com\/es\/wp-json\/wp\/v2\/media?parent=50889"}],"curies":[{"name":"wp","href":"https:\/\/api.w.org\/{rel}","templated":true}]}}