{"id":50749,"date":"2023-02-03T17:05:04","date_gmt":"2023-02-03T16:05:04","guid":{"rendered":"https:\/\/www.mp-molds.com\/product\/44-180-swc-hp-gas-check-2-cavity-mold\/"},"modified":"2026-04-20T02:45:29","modified_gmt":"2026-04-20T00:45:29","slug":"44-180-swc-hp-gas-check-2-cavity-mold","status":"publish","type":"product","link":"https:\/\/www.mp-molds.com\/de\/product\/44-180-swc-hp-gas-check-2-cavity-mold\/","title":{"rendered":"44 - 180 SWC, HP Gaspr\u00fcfung, 2-Kavit\u00e4ten-Form"},"content":{"rendered":"<ul>\n<li>Gussdurchmesser .432 mit Radgewichten aus Legierung (kann variieren - abh\u00e4ngig von der Legierung)<\/li>\n<li>HP Small 188 K\u00f6rner, Large 180 K\u00f6rner, Cup 192 K\u00f6rner<\/li>\n<li>200 K\u00f6rner fest<\/li>\n<li>Meplat zu Crimp = 0,320<\/li>\n<li>Gro\u00dfer HP-Stift, Kleiner HP-Stift, Cup-HP-Stift, Blanko-Stift<\/li>\n<li>Angussplatte aus Stahl<\/li>\n<li>Ausrichtungsstifte aus geh\u00e4rtetem Stahl<\/li>\n<li>Inklusive Inbusschl\u00fcssel<\/li>\n<li>Inklusive RCBS\/Lyman Oberstempel<\/li>\n<li>Verwenden Sie den LEE 6-Kavit\u00e4ten-Griff oder MP-Formgriffe (NICHT im Lieferumfang enthalten)<\/li>\n<\/ul>\n<p>Sehen Sie unsere Produktbilder in\u00a0<a href=\"https:\/\/www.mp-molds.com\/WooCommerce\/product\/9mm-38cal-swc-hg275-clone\/index.php\/gallery\">Galerie<\/a><\/p>","protected":false},"excerpt":{"rendered":"<ul>\n<li>Gussdurchmesser .432 mit Radgewichten aus Legierung (kann variieren - abh\u00e4ngig von der Legierung)<\/li>\n<li>HP Small 188 K\u00f6rner, Large 180 K\u00f6rner, Cup 192 K\u00f6rner<\/li>\n<li>200 K\u00f6rner fest<\/li>\n<li>Meplat zu Crimp = 0,320<\/li>\n<li>Gro\u00dfer HP-Stift, Kleiner HP-Stift, Cup-HP-Stift, Blanko-Stift<\/li>\n<li>Angussplatte aus Stahl<\/li>\n<li>Ausrichtungsstifte aus geh\u00e4rtetem Stahl<\/li>\n<li>Inklusive Inbusschl\u00fcssel<\/li>\n<li>Inklusive RCBS\/Lyman Oberstempel<\/li>\n<li>Verwenden Sie den LEE 6-Kavit\u00e4ten-Griff oder MP-Formgriffe (NICHT im Lieferumfang enthalten)<\/li>\n<\/ul>\n<p>Sehen Sie unsere Produktbilder in\u00a0<a href=\"https:\/\/www.mp-molds.com\/WooCommerce\/product\/9mm-38cal-swc-hg275-clone\/index.php\/gallery\">Galerie<\/a><\/p>","protected":false},"featured_media":50220,"comment_status":"open","ping_status":"closed","template":"","meta":[],"product_brand":[],"product_cat":[42,24],"product_tag":[523,478],"class_list":{"0":"post-50749","1":"product","2":"type-product","3":"status-publish","4":"has-post-thumbnail","6":"product_cat-hp-hollow-points-molds","7":"product_cat-molds","8":"product_tag-44-mag","9":"product_tag-44-spl","10":"pa_brand-mp-molds","11":"pa_caliber-as-cast-387","12":"pa_dodatni_opis-brass-mold-for-hobby-hand-casting-set-contains-mold-allen-keys-metal-pins-e-clips","13":"pa_handles-included-no","14":"pa_manufacturer-mp-molds","15":"pa_material-brass","16":"pa_number-of-cavities-2-cavites","17":"pa_pb-bb-gc-hb-gas-check","18":"pa_polica-13-4","20":"first","21":"instock","22":"sale","23":"taxable","24":"shipping-taxable","25":"purchasable","26":"product-type-simple"},"_links":{"self":[{"href":"https:\/\/www.mp-molds.com\/de\/wp-json\/wp\/v2\/product\/50749","targetHints":{"allow":["GET"]}}],"collection":[{"href":"https:\/\/www.mp-molds.com\/de\/wp-json\/wp\/v2\/product"}],"about":[{"href":"https:\/\/www.mp-molds.com\/de\/wp-json\/wp\/v2\/types\/product"}],"replies":[{"embeddable":true,"href":"https:\/\/www.mp-molds.com\/de\/wp-json\/wp\/v2\/comments?post=50749"}],"wp:featuredmedia":[{"embeddable":true,"href":"https:\/\/www.mp-molds.com\/de\/wp-json\/wp\/v2\/media\/50220"}],"wp:attachment":[{"href":"https:\/\/www.mp-molds.com\/de\/wp-json\/wp\/v2\/media?parent=50749"}],"wp:term":[{"taxonomy":"product_brand","embeddable":true,"href":"https:\/\/www.mp-molds.com\/de\/wp-json\/wp\/v2\/product_brand?post=50749"},{"taxonomy":"product_cat","embeddable":true,"href":"https:\/\/www.mp-molds.com\/de\/wp-json\/wp\/v2\/product_cat?post=50749"},{"taxonomy":"product_tag","embeddable":true,"href":"https:\/\/www.mp-molds.com\/de\/wp-json\/wp\/v2\/product_tag?post=50749"}],"curies":[{"name":"wp","href":"https:\/\/api.w.org\/{rel}","templated":true}]}}