{"id":50331,"date":"2019-09-26T11:57:49","date_gmt":"2019-09-26T09:57:49","guid":{"rendered":"https:\/\/www.mp-molds.com\/product\/357-125-round-nose-bevel-base-machine-mold-magma-ballisticast\/"},"modified":"2026-03-06T10:16:34","modified_gmt":"2026-03-06T09:16:34","slug":"357-125-rundnase-mit-schragem-boden-maschinenform-magma-ballisticast","status":"publish","type":"product","link":"https:\/\/www.mp-molds.com\/de\/product\/357-125-round-nose-bevel-base-machine-mold-magma-ballisticast\/","title":{"rendered":"357-125 Runde Nase, schr\u00e4ge Basis, Maschinenform (Magma\/Ballisticast)"},"content":{"rendered":"<ul>\n<li><span style=\"color: #ff0000;\"><strong>Bei Bestellung kontaktieren Sie uns, damit wir die richtige Hardware verpacken k\u00f6nnen (f\u00fcr Magma oder f\u00fcr Ballisticast)<\/strong><\/span><\/li>\n<li>Gegossene Geschosse Kaliber .358 - 125 grains massiv<\/li>\n<li>Angussplatte aus Stahl - plasmanitriert<\/li>\n<li>Ausrichtungsstifte aus geh\u00e4rtetem Stahl<\/li>\n<\/ul>\n<p>Sehen Sie unsere Produktbilder in\u00a0<a href=\"https:\/\/www.mp-molds.com\/WooCommerce\/product\/mp-452-200-swc-pb-hg68-6-cav\/index.php\/gallery\">Galerie<\/a><\/p>","protected":false},"excerpt":{"rendered":"<ul>\n<li>\n<ul>\n<li><span style=\"color: #ff0000;\"><strong>Bei Bestellung kontaktieren Sie uns, damit wir die richtige Hardware verpacken k\u00f6nnen (f\u00fcr Magma oder f\u00fcr Ballisticast)<\/strong><\/span><\/li>\n<li>Gegossene Geschosse Kaliber .358 - 125 grains massiv<\/li>\n<li>Angussplatte aus Stahl - plasmanitriert<\/li>\n<li>Ausrichtungsstifte aus geh\u00e4rtetem Stahl<\/li>\n<\/ul>\n<p>Sehen Sie unsere Produktbilder in\u00a0<a href=\"https:\/\/www.mp-molds.com\/WooCommerce\/product\/mp-452-200-swc-pb-hg68-6-cav\/index.php\/gallery\">Galerie<\/a><\/li>\n<\/ul>","protected":false},"featured_media":50030,"comment_status":"open","ping_status":"open","template":"","meta":[],"product_brand":[],"product_cat":[259],"product_tag":[47,434,435,185,443,186,48,444],"class_list":{"0":"post-50331","1":"product","2":"type-product","3":"status-publish","4":"has-post-thumbnail","6":"product_cat-machine-bullet-molds","7":"product_tag-380-acp","8":"product_tag-357magnum","9":"product_tag-357sig","10":"product_tag-38-spl","11":"product_tag-38super","12":"product_tag-9mm","13":"product_tag-9x17","14":"product_tag-9x21","15":"pa_brand-mp-molds","16":"pa_caliber-as-cast-391","17":"pa_dodatni_opis-cast-iron-mold-for-lead-alloys-set-of-moldscrewsspring-and-metal-plates","18":"pa_manufacturer-mp-molds","19":"pa_material-cast-iron","20":"pa_number-of-cavities-2-cavites","21":"pa_pb-bb-gc-hb-bevel-base","23":"first","24":"outofstock","25":"sale","26":"taxable","27":"shipping-taxable","28":"purchasable","29":"product-type-simple"},"_links":{"self":[{"href":"https:\/\/www.mp-molds.com\/de\/wp-json\/wp\/v2\/product\/50331","targetHints":{"allow":["GET"]}}],"collection":[{"href":"https:\/\/www.mp-molds.com\/de\/wp-json\/wp\/v2\/product"}],"about":[{"href":"https:\/\/www.mp-molds.com\/de\/wp-json\/wp\/v2\/types\/product"}],"replies":[{"embeddable":true,"href":"https:\/\/www.mp-molds.com\/de\/wp-json\/wp\/v2\/comments?post=50331"}],"wp:featuredmedia":[{"embeddable":true,"href":"https:\/\/www.mp-molds.com\/de\/wp-json\/wp\/v2\/media\/50030"}],"wp:attachment":[{"href":"https:\/\/www.mp-molds.com\/de\/wp-json\/wp\/v2\/media?parent=50331"}],"wp:term":[{"taxonomy":"product_brand","embeddable":true,"href":"https:\/\/www.mp-molds.com\/de\/wp-json\/wp\/v2\/product_brand?post=50331"},{"taxonomy":"product_cat","embeddable":true,"href":"https:\/\/www.mp-molds.com\/de\/wp-json\/wp\/v2\/product_cat?post=50331"},{"taxonomy":"product_tag","embeddable":true,"href":"https:\/\/www.mp-molds.com\/de\/wp-json\/wp\/v2\/product_tag?post=50331"}],"curies":[{"name":"wp","href":"https:\/\/api.w.org\/{rel}","templated":true}]}}