{"id":50180,"date":"2019-09-23T13:19:39","date_gmt":"2019-09-23T11:19:39","guid":{"rendered":"https:\/\/www.mp-molds.com\/product\/314-140-sledgehammer-hollow-point-gas-check-4-cavity-mold\/"},"modified":"2026-03-06T10:14:57","modified_gmt":"2026-03-06T09:14:57","slug":"314-140-sledgehammer-hollow-point-gas-check-4-cavity-mold","status":"publish","type":"product","link":"https:\/\/www.mp-molds.com\/de\/product\/314-140-sledgehammer-hollow-point-gas-check-4-cavity-mold\/","title":{"rendered":"314 (311)-140 SledgeHammer-Form, HP (Mehrfachauswahl)"},"content":{"rendered":"<ul>\n<li>Gussdurchmesser .314 oder .311 mit Radgewichten Legierung (kann variieren - abh\u00e4ngig von der Legierung) - w\u00e4hlen Sie Ihr Kaliber<\/li>\n<li>HP Klein 138 K\u00f6rner, Gro\u00df 135 K\u00f6rner<\/li>\n<li>141 K\u00f6rner fest<\/li>\n<li>0,400\u2033 Meplat zu Crimpnut<\/li>\n<li>f\u00fcr schwere 32-Magnum-Ladungen, 32-20er und die neue 327 Federal. Zeigt N\u00fctzlichkeit in der 300BO, 30-30, 30 Carbine und 308 und 30-06 Plinkers<\/li>\n<li>Angussplatte aus Stahl<\/li>\n<li>Ausrichtungsstifte aus geh\u00e4rtetem Stahl<\/li>\n<li>Inklusive Inbusschl\u00fcssel<\/li>\n<li>Inklusive RCBS\/Lyman Oberstempel<\/li>\n<li>Verwenden Sie den LEE 6-Kavit\u00e4ten-Griff oder MP-Formgriffe (NICHT im Lieferumfang enthalten)<\/li>\n<\/ul>\n<p>Sehen Sie unsere Produktbilder in\u00a0<a href=\"https:\/\/www.mp-molds.com\/WooCommerce\/product\/9mm-38cal-swc-hg275-clone\/index.php\/gallery\">Galerie<\/a><\/p>","protected":false},"excerpt":{"rendered":"<ul>\n<li>Gussdurchmesser .314 oder .311 mit Radgewichten Legierung (kann variieren - abh\u00e4ngig von der Legierung) - w\u00e4hlen Sie Ihr Kaliber<\/li>\n<li>HP Klein 138 K\u00f6rner, Gro\u00df 135 K\u00f6rner<\/li>\n<li>141 K\u00f6rner fest<\/li>\n<li>0,400\u2033 Meplat zu Crimpnut<\/li>\n<li>f\u00fcr schwere 32-Magnum-Ladungen, 32-20er und die neue 327 Federal. Zeigt N\u00fctzlichkeit in der 300BO, 30-30, 30 Carbine und 308 und 30-06 Plinkers<\/li>\n<li>Angussplatte aus Stahl<\/li>\n<li>Ausrichtungsstifte aus geh\u00e4rtetem Stahl<\/li>\n<li>Inklusive Inbusschl\u00fcssel<\/li>\n<li>Inklusive RCBS\/Lyman Oberstempel<\/li>\n<li>Verwenden Sie den LEE 6-Kavit\u00e4ten-Griff oder MP-Formgriffe (NICHT im Lieferumfang enthalten)<\/li>\n<\/ul>\n<p>Sehen Sie unsere Produktbilder in\u00a0<a href=\"https:\/\/www.mp-molds.com\/WooCommerce\/product\/9mm-38cal-swc-hg275-clone\/index.php\/gallery\">Galerie<\/a><\/p>","protected":false},"featured_media":50181,"comment_status":"open","ping_status":"open","template":"","meta":[],"product_brand":[],"product_cat":[42,24,56],"product_tag":[],"class_list":{"0":"post-50180","1":"product","2":"type-product","3":"status-publish","4":"has-post-thumbnail","6":"product_cat-hp-hollow-points-molds","7":"product_cat-molds","8":"product_cat-rifle-hp-molds","9":"pa_brand-mp-molds","10":"pa_caliber-as-cast-406","11":"pa_caliber-as-cast-389","12":"pa_dodatni_opis-brass-mold-for-hobby-hand-casting-set-contains-mold-allen-keys-metal-pins-e-clips","13":"pa_handles-included-no","14":"pa_manufacturer-mp-molds","15":"pa_material-brass","16":"pa_number-of-cavities-2-cavites","17":"pa_number-of-cavities-4-cavities","18":"pa_pb-bb-gc-hb-gas-check","19":"pa_pb-bb-gc-hb-plain-base","20":"pa_polica-0-0","21":"pa_polica-3-4","23":"first","24":"instock","25":"sale","26":"taxable","27":"shipping-taxable","28":"purchasable","29":"product-type-variable"},"_links":{"self":[{"href":"https:\/\/www.mp-molds.com\/de\/wp-json\/wp\/v2\/product\/50180","targetHints":{"allow":["GET"]}}],"collection":[{"href":"https:\/\/www.mp-molds.com\/de\/wp-json\/wp\/v2\/product"}],"about":[{"href":"https:\/\/www.mp-molds.com\/de\/wp-json\/wp\/v2\/types\/product"}],"replies":[{"embeddable":true,"href":"https:\/\/www.mp-molds.com\/de\/wp-json\/wp\/v2\/comments?post=50180"}],"wp:featuredmedia":[{"embeddable":true,"href":"https:\/\/www.mp-molds.com\/de\/wp-json\/wp\/v2\/media\/50181"}],"wp:attachment":[{"href":"https:\/\/www.mp-molds.com\/de\/wp-json\/wp\/v2\/media?parent=50180"}],"wp:term":[{"taxonomy":"product_brand","embeddable":true,"href":"https:\/\/www.mp-molds.com\/de\/wp-json\/wp\/v2\/product_brand?post=50180"},{"taxonomy":"product_cat","embeddable":true,"href":"https:\/\/www.mp-molds.com\/de\/wp-json\/wp\/v2\/product_cat?post=50180"},{"taxonomy":"product_tag","embeddable":true,"href":"https:\/\/www.mp-molds.com\/de\/wp-json\/wp\/v2\/product_tag?post=50180"}],"curies":[{"name":"wp","href":"https:\/\/api.w.org\/{rel}","templated":true}]}}