{"id":49919,"date":"2019-06-04T14:42:09","date_gmt":"2019-06-04T12:42:09","guid":{"rendered":"https:\/\/www.mp-molds.com\/product\/mp-359-125-hp-pb-2-cavity\/"},"modified":"2026-04-22T18:46:07","modified_gmt":"2026-04-22T16:46:07","slug":"mp-359-125-hp-pb-2-hohlraum","status":"publish","type":"product","link":"https:\/\/www.mp-molds.com\/de\/product\/mp-359-125-hp-pb-2-cavity\/","title":{"rendered":"MP 359-125 HP PB 2-Kavit\u00e4ten-Werkzeug"},"content":{"rendered":"<ul>\n<li>Kaliber .359 gegossen - 125er Hohlspitze oder 130er Vollgrains<\/li>\n<li>Rund-, Penta- und Blindstifte<\/li>\n<li>2-Kavit\u00e4ten-Form<\/li>\n<li>Auch f\u00fcr die Verwendung in 9 mm. Leicht Gr\u00f6\u00dfen bis zu .356 Durchmesser<\/li>\n<li>Angussplatte aus Stahl<\/li>\n<li>Ausrichtungsstifte aus geh\u00e4rtetem Stahl<\/li>\n<li>Inklusive Inbusschl\u00fcssel<\/li>\n<li>Inklusive RCBS\/Lyman Oberstempel<\/li>\n<li>Verwenden Sie den LEE 6-Kavit\u00e4ten-Griff oder MP-Formgriffe (NICHT im Lieferumfang enthalten)<\/li>\n<\/ul>\n<p>Sehen Sie unsere Produktbilder in <a href=\"index.php\/gallery\">Galerie<\/a><\/p>","protected":false},"excerpt":{"rendered":"<ul>\n<li>Kaliber .359 gegossen - 125er Hohlspitze oder 130er Vollgrains<\/li>\n<li>Rund-, Penta- und Blindstifte<\/li>\n<li>2-Kavit\u00e4ten-Form<\/li>\n<li>Auch f\u00fcr die Verwendung in 9 mm. Leicht Gr\u00f6\u00dfen bis zu .356 Durchmesser<\/li>\n<li>Angussplatte aus Stahl<\/li>\n<li>Ausrichtungsstifte aus geh\u00e4rtetem Stahl<\/li>\n<li>Inklusive Inbusschl\u00fcssel<\/li>\n<li>Inklusive RCBS\/Lyman Oberstempel<\/li>\n<li>Verwenden Sie den LEE 6-Kavit\u00e4ten-Griff oder MP-Formgriffe (NICHT im Lieferumfang enthalten)<\/li>\n<\/ul>\n<p>Sehen Sie unsere Produktbilder in <a href=\"index.php\/gallery\">Galerie<\/a><\/p>","protected":false},"featured_media":49920,"comment_status":"open","ping_status":"open","template":"","meta":[],"product_brand":[],"product_cat":[42,24,43],"product_tag":[443,186,48,444],"class_list":{"0":"post-49919","1":"product","2":"type-product","3":"status-publish","4":"has-post-thumbnail","6":"product_cat-hp-hollow-points-molds","7":"product_cat-molds","8":"product_cat-pistol-hp-molds","9":"product_tag-38super","10":"product_tag-9mm","11":"product_tag-9x17","12":"product_tag-9x21","13":"pa_brand-mp-molds","14":"pa_caliber-as-cast-370","15":"pa_dodatni_opis-brass-mold-for-hobby-hand-casting-set-contains-mold-allen-keys-metal-pins-e-clips","16":"pa_handles-included-no","17":"pa_manufacturer-mp-molds","18":"pa_material-brass","19":"pa_number-of-cavities-2-cavites","20":"pa_pb-bb-gc-hb-plain-base","21":"pa_polica-3-2","23":"first","24":"instock","25":"sale","26":"taxable","27":"shipping-taxable","28":"purchasable","29":"product-type-simple"},"_links":{"self":[{"href":"https:\/\/www.mp-molds.com\/de\/wp-json\/wp\/v2\/product\/49919","targetHints":{"allow":["GET"]}}],"collection":[{"href":"https:\/\/www.mp-molds.com\/de\/wp-json\/wp\/v2\/product"}],"about":[{"href":"https:\/\/www.mp-molds.com\/de\/wp-json\/wp\/v2\/types\/product"}],"replies":[{"embeddable":true,"href":"https:\/\/www.mp-molds.com\/de\/wp-json\/wp\/v2\/comments?post=49919"}],"wp:featuredmedia":[{"embeddable":true,"href":"https:\/\/www.mp-molds.com\/de\/wp-json\/wp\/v2\/media\/49920"}],"wp:attachment":[{"href":"https:\/\/www.mp-molds.com\/de\/wp-json\/wp\/v2\/media?parent=49919"}],"wp:term":[{"taxonomy":"product_brand","embeddable":true,"href":"https:\/\/www.mp-molds.com\/de\/wp-json\/wp\/v2\/product_brand?post=49919"},{"taxonomy":"product_cat","embeddable":true,"href":"https:\/\/www.mp-molds.com\/de\/wp-json\/wp\/v2\/product_cat?post=49919"},{"taxonomy":"product_tag","embeddable":true,"href":"https:\/\/www.mp-molds.com\/de\/wp-json\/wp\/v2\/product_tag?post=49919"}],"curies":[{"name":"wp","href":"https:\/\/api.w.org\/{rel}","templated":true}]}}