{"id":49338,"date":"2020-10-09T13:39:05","date_gmt":"2020-10-09T13:39:05","guid":{"rendered":"http:\/\/shoptimizer.local\/?page_id=848"},"modified":"2025-09-05T10:51:23","modified_gmt":"2025-09-05T08:51:23","slug":"uber","status":"publish","type":"page","link":"https:\/\/www.mp-molds.com\/de\/about\/","title":{"rendered":"\u00dcber uns"},"content":{"rendered":"<div data-elementor-type=\"wp-post\" data-elementor-id=\"49338\" class=\"elementor elementor-49338\" data-elementor-post-type=\"page\">\n\t\t\t\t<div class=\"elementor-element elementor-element-9bbb600 e-flex e-con-boxed wpr-particle-no wpr-jarallax-no wpr-parallax-no wpr-sticky-section-no wpr-equal-height-no e-con e-parent\" data-id=\"9bbb600\" data-element_type=\"container\" data-e-type=\"container\">\n\t\t\t\t\t<div class=\"e-con-inner\">\n\t\t\t\t\t<\/div>\n\t\t\t\t<\/div>\n\t\t<div class=\"elementor-element elementor-element-7946eeb e-flex e-con-boxed wpr-particle-no wpr-jarallax-no wpr-parallax-no wpr-sticky-section-no wpr-equal-height-no e-con e-parent\" data-id=\"7946eeb\" data-element_type=\"container\" data-e-type=\"container\">\n\t\t\t\t\t<div class=\"e-con-inner\">\n\t\t\t\t<div class=\"elementor-element elementor-element-cee1fb8 elementor-view-default elementor-widget elementor-widget-icon\" data-id=\"cee1fb8\" data-element_type=\"widget\" data-e-type=\"widget\" data-widget_type=\"icon.default\">\n\t\t\t\t<div class=\"elementor-widget-container\">\n\t\t\t\t\t\t\t<div class=\"elementor-icon-wrapper\">\n\t\t\t<div class=\"elementor-icon\">\n\t\t\t<svg aria-hidden=\"true\" class=\"e-font-icon-svg e-fas-info-circle\" viewbox=\"0 0 512 512\" xmlns=\"http:\/\/www.w3.org\/2000\/svg\"><path d=\"M256 8C119.043 8 8 119.083 8 256c0 136.997 111.043 248 248 248s248-111.003 248-248C504 119.083 392.957 8 256 8zm0 110c23.196 0 42 18.804 42 42s-18.804 42-42 42-42-18.804-42-42 18.804-42 42-42zm56 254c0 6.627-5.373 12-12 12h-88c-6.627 0-12-5.373-12-12v-24c0-6.627 5.373-12 12-12h12v-64h-12c-6.627 0-12-5.373-12-12v-24c0-6.627 5.373-12 12-12h64c6.627 0 12 5.373 12 12v100h12c6.627 0 12 5.373 12 12v24z\"><\/path><\/svg>\t\t\t<\/div>\n\t\t<\/div>\n\t\t\t\t\t\t<\/div>\n\t\t\t\t<\/div>\n\t\t\t\t<div class=\"elementor-element elementor-element-24d24a9 elementor-widget elementor-widget-heading\" data-id=\"24d24a9\" data-element_type=\"widget\" data-e-type=\"widget\" data-widget_type=\"heading.default\">\n\t\t\t\t<div class=\"elementor-widget-container\">\n\t\t\t\t\t<h2 class=\"elementor-heading-title elementor-size-default\">\u00dcber uns<\/h2>\t\t\t\t<\/div>\n\t\t\t\t<\/div>\n\t\t\t\t<div class=\"elementor-element elementor-element-3f90a93 elementor-widget elementor-widget-text-editor\" data-id=\"3f90a93\" data-element_type=\"widget\" data-e-type=\"widget\" data-widget_type=\"text-editor.default\">\n\t\t\t\t<div class=\"elementor-widget-container\">\n\t\t\t\t\t\t\t\t\t<p data-start=\"104\" data-end=\"479\">\u00a0<\/p><p data-start=\"104\" data-end=\"479\">Ich gr\u00fcndete <strong data-start=\"114\" data-end=\"130\">MP-Molds.com<\/strong> in Slowenien mit einem klaren Ziel: hochwertige Geschossformen f\u00fcr Handlader und Sch\u00fctzen zu liefern, die Wert auf Pr\u00e4zision und Handwerkskunst legen. Meine Spezialit\u00e4t ist die Herstellung von Formen f\u00fcr das Gie\u00dfen von Hohlspitzgeschossen, aber ich entwerfe auch eine breite Palette von Optionen f\u00fcr Handfeuerwaffen- und Gewehrpatronen, einschlie\u00dflich Rundkopf-, Flach- und abgeschr\u00e4gten Geschossformen.<\/p><p data-start=\"481\" data-end=\"712\">Jede Form ist auf Genauigkeit, Benutzerfreundlichkeit und dauerhafte Leistung ausgelegt. Ich arbeite haupts\u00e4chlich mit Messing und Aluminium, wobei ich austauschbare Stiftsysteme einsetze, die den Benutzern Flexibilit\u00e4t bei der Anpassung ihrer Geschossdesigns bieten.<\/p><p data-start=\"714\" data-end=\"1159\">Was als Teilzeitprojekt begann, hat sich aufgrund der gro\u00dfen Nachfrage und des positiven Feedbacks von Sch\u00fctzen aus aller Welt zu einem Vollzeitgesch\u00e4ft entwickelt. Heute bin ich stolz darauf, eine umfangreiche Auswahl an Formen anbieten zu k\u00f6nnen, die \u00fcber meinen E-Store sofort bestellbar sind. Meine Produkte sind durchweg anerkannt f\u00fcr ihre Haltbarkeit, W\u00e4rmespeicherung und die hervorragende Qualit\u00e4t der Kugeln, die sie produzieren - Qualit\u00e4ten, die MP Molds von anderen Herstellern unterscheiden.<\/p><p data-start=\"1161\" data-end=\"1258\"><strong data-start=\"1161\" data-end=\"1173\">MP-Formen<\/strong><br data-start=\"1173\" data-end=\"1176\" \/>MP Kalupi d.o.o<br data-start=\"1191\" data-end=\"1194\" \/>Podpe\u010d 3<br data-start=\"1202\" data-end=\"1205\" \/>1225 Lukovica, Slowenien, EU<br data-start=\"1232\" data-end=\"1235\" \/>sales(at)mp-molds.com<\/p><p data-start=\"1260\" data-end=\"1316\">Mit freundlichen Gr\u00fc\u00dfen,<br data-start=\"1270\" data-end=\"1273\" \/><em data-start=\"1273\" data-end=\"1286\">Miha Prevec<\/em><br data-start=\"1286\" data-end=\"1289\" \/>Gr\u00fcnder &amp; Eigent\u00fcmer, MP Molds<a href=\"https:\/\/www.mp-molds.com\/wp-content\/uploads\/2021\/04\/podpis_miha_fedex.png\"><img decoding=\"async\" class=\"alignnone wp-image-30729\" src=\"https:\/\/www.mp-molds.com\/wp-content\/uploads\/2021\/04\/podpis_miha_fedex.png\" alt=\"\" width=\"172\" height=\"40\" title=\"\" srcset=\"https:\/\/www.mp-molds.com\/wp-content\/uploads\/2021\/04\/podpis_miha_fedex.png 107w, https:\/\/www.mp-molds.com\/wp-content\/uploads\/2021\/04\/podpis_miha_fedex-64x15.png 64w\" sizes=\"(max-width: 172px) 100vw, 172px\" \/><\/a><\/p>\t\t\t\t\t\t\t\t<\/div>\n\t\t\t\t<\/div>\n\t\t\t\t\t<\/div>\n\t\t\t\t<\/div>\n\t\t<div class=\"elementor-element elementor-element-ab8bc6f e-flex e-con-boxed wpr-particle-no wpr-jarallax-no wpr-parallax-no wpr-sticky-section-no wpr-equal-height-no e-con e-parent\" data-id=\"ab8bc6f\" data-element_type=\"container\" data-e-type=\"container\">\n\t\t\t\t\t<div class=\"e-con-inner\">\n\t\t\t\t<div class=\"elementor-element elementor-element-2f03e0c elementor-widget elementor-widget-spacer\" data-id=\"2f03e0c\" data-element_type=\"widget\" data-e-type=\"widget\" data-widget_type=\"spacer.default\">\n\t\t\t\t<div class=\"elementor-widget-container\">\n\t\t\t\t\t\t\t<div class=\"elementor-spacer\">\n\t\t\t<div class=\"elementor-spacer-inner\"><\/div>\n\t\t<\/div>\n\t\t\t\t\t\t<\/div>\n\t\t\t\t<\/div>\n\t\t\t\t\t<\/div>\n\t\t\t\t<\/div>\n\t\t<div class=\"elementor-element elementor-element-e67bc88 e-flex e-con-boxed wpr-particle-no wpr-jarallax-no wpr-parallax-no wpr-sticky-section-no wpr-equal-height-no e-con e-parent\" data-id=\"e67bc88\" data-element_type=\"container\" data-e-type=\"container\">\n\t\t\t\t\t<div class=\"e-con-inner\">\n\t\t\t\t<div class=\"elementor-element elementor-element-7aa447e elementor-widget elementor-widget-image\" data-id=\"7aa447e\" data-element_type=\"widget\" data-e-type=\"widget\" data-widget_type=\"image.default\">\n\t\t\t\t<div class=\"elementor-widget-container\">\n\t\t\t\t\t\t\t\t\t\t\t\t\t\t\t<img fetchpriority=\"high\" decoding=\"async\" width=\"1024\" height=\"770\" src=\"https:\/\/www.mp-molds.com\/wp-content\/uploads\/2024\/10\/IMG_0097-e1728485453456-1024x770.jpeg\" class=\"attachment-large size-large wp-image-51122\" alt=\"MP-formen Team\" srcset=\"https:\/\/www.mp-molds.com\/wp-content\/uploads\/2024\/10\/IMG_0097-e1728485453456-1024x770.jpeg 1024w, https:\/\/www.mp-molds.com\/wp-content\/uploads\/2024\/10\/IMG_0097-e1728485453456-150x113.jpeg 150w, https:\/\/www.mp-molds.com\/wp-content\/uploads\/2024\/10\/IMG_0097-e1728485453456-600x451.jpeg 600w, https:\/\/www.mp-molds.com\/wp-content\/uploads\/2024\/10\/IMG_0097-e1728485453456-64x48.jpeg 64w, https:\/\/www.mp-molds.com\/wp-content\/uploads\/2024\/10\/IMG_0097-e1728485453456-300x226.jpeg 300w, https:\/\/www.mp-molds.com\/wp-content\/uploads\/2024\/10\/IMG_0097-e1728485453456-768x578.jpeg 768w, https:\/\/www.mp-molds.com\/wp-content\/uploads\/2024\/10\/IMG_0097-e1728485453456-16x12.jpeg 16w, https:\/\/www.mp-molds.com\/wp-content\/uploads\/2024\/10\/IMG_0097-e1728485453456-990x744.jpeg 990w, https:\/\/www.mp-molds.com\/wp-content\/uploads\/2024\/10\/IMG_0097-e1728485453456-441x332.jpeg 441w, https:\/\/www.mp-molds.com\/wp-content\/uploads\/2024\/10\/IMG_0097-e1728485453456.jpeg 1375w\" sizes=\"(max-width: 1024px) 100vw, 1024px\" title=\"\">\t\t\t\t\t\t\t\t\t\t\t\t\t\t\t<\/div>\n\t\t\t\t<\/div>\n\t\t\t\t\t<\/div>\n\t\t\t\t<\/div>\n\t\t\t\t<\/div>","protected":false},"excerpt":{"rendered":"<p>\u00dcber uns Ich habe MP-Molds.com in Slowenien mit einem klaren Ziel gegr\u00fcndet: hochwertige Geschossformen f\u00fcr Handlader und Sch\u00fctzen anzubieten, die Wert auf Pr\u00e4zision und Handwerkskunst legen. Meine Spezialit\u00e4t ist die Herstellung von Formen f\u00fcr das Gie\u00dfen von Hohlspitzgeschossen, aber ich entwerfe auch eine breite Palette von Optionen f\u00fcr Handfeuerwaffen- und Gewehrpatronen, einschlie\u00dflich Rundspitz-, Flach- und abgeschr\u00e4gten Geschossformen. Jede Form ist auf Genauigkeit, Benutzerfreundlichkeit und Langlebigkeit ausgelegt. Ich arbeite haupts\u00e4chlich mit Messing und Aluminium, wobei ich austauschbare Stiftsysteme einsetze, die den Benutzern Flexibilit\u00e4t bei der individuellen Gestaltung ihrer Geschosse bieten. Was als Teilzeitprojekt begann, hat sich aufgrund der starken Nachfrage und des positiven Feedbacks von Sch\u00fctzen auf der ganzen Welt zu einem Vollzeitgesch\u00e4ft entwickelt. Heute bin ich stolz darauf, eine umfangreiche Auswahl an Formen anbieten zu k\u00f6nnen, die \u00fcber meinen E-Store sofort bestellt werden k\u00f6nnen. Meine Produkte sind durchweg anerkannt f\u00fcr ihre Haltbarkeit, W\u00e4rmespeicherung und die hervorragende Qualit\u00e4t der Kugeln, die sie produzieren - Qualit\u00e4ten, die MP Molds von anderen Herstellern unterscheiden. MP MoldsMP Kalupi d.o.oPodpe\u010d 31225 Lukovica, Slowenien, EUsales(at)mp-molds.com Mit freundlichen Gr\u00fc\u00dfen,Miha PrevecGr\u00fcnder &amp; Eigent\u00fcmer, MP Molds<\/p>","protected":false},"author":1,"featured_media":0,"parent":0,"menu_order":0,"comment_status":"closed","ping_status":"closed","template":"template-fullwidth-no-heading.php","meta":{"footnotes":""},"class_list":["post-49338","page","type-page","status-publish","hentry"],"_links":{"self":[{"href":"https:\/\/www.mp-molds.com\/de\/wp-json\/wp\/v2\/pages\/49338","targetHints":{"allow":["GET"]}}],"collection":[{"href":"https:\/\/www.mp-molds.com\/de\/wp-json\/wp\/v2\/pages"}],"about":[{"href":"https:\/\/www.mp-molds.com\/de\/wp-json\/wp\/v2\/types\/page"}],"author":[{"embeddable":true,"href":"https:\/\/www.mp-molds.com\/de\/wp-json\/wp\/v2\/users\/1"}],"replies":[{"embeddable":true,"href":"https:\/\/www.mp-molds.com\/de\/wp-json\/wp\/v2\/comments?post=49338"}],"version-history":[{"count":5,"href":"https:\/\/www.mp-molds.com\/de\/wp-json\/wp\/v2\/pages\/49338\/revisions"}],"predecessor-version":[{"id":56102,"href":"https:\/\/www.mp-molds.com\/de\/wp-json\/wp\/v2\/pages\/49338\/revisions\/56102"}],"wp:attachment":[{"href":"https:\/\/www.mp-molds.com\/de\/wp-json\/wp\/v2\/media?parent=49338"}],"curies":[{"name":"wp","href":"https:\/\/api.w.org\/{rel}","templated":true}]}}