{"id":50787,"date":"2023-10-06T11:07:22","date_gmt":"2023-10-06T09:07:22","guid":{"rendered":"https:\/\/www.mp-molds.com\/product\/mp-45-270saa-solid-6-cavity-alu-mold\/"},"modified":"2026-04-04T18:29:54","modified_gmt":"2026-04-04T16:29:54","slug":"mp-45-270saa-pevna-6dutinova-alu-forma","status":"publish","type":"product","link":"https:\/\/www.mp-molds.com\/cs\/product\/mp-45-270saa-solid-6-cavity-alu-mold\/","title":{"rendered":"MP 45-270SAA SOLID 6 dutinov\u00e1 forma ALU"},"content":{"rendered":"<ul>\n<li>Odlitek r\u00e1\u017ee .454.<\/li>\n<li>Hlin\u00edk, 6 dutin<\/li>\n<li>Solidn\u00ed 285 gr.<\/li>\n<li>Dr\u00e1\u017eka od dr\u00e1\u017eky pro lisov\u00e1n\u00ed 0,416\u2033<\/li>\n<li>Ocelov\u00fd vtokov\u00fd plech<\/li>\n<li>Se\u0159izovac\u00ed \u010depy z kalen\u00e9 oceli<\/li>\n<li>imbusov\u00e9 kl\u00ed\u010de jsou sou\u010d\u00e1st\u00ed dod\u00e1vky<\/li>\n<li>V\u010detn\u011b horn\u00edho d\u011brova\u010de RCBS\/Lyman<\/li>\n<li>Pou\u017eijte rukoje\u0165 LEE 6 dutin nebo rukojeti formy MP (NEJSOU sou\u010d\u00e1st\u00ed dod\u00e1vky).<\/li>\n<\/ul>\n<p>Pod\u00edvejte se na obr\u00e1zky na\u0161ich produkt\u016f v <a href=\"index.php\/gallery\">galerie<\/a><\/p>","protected":false},"excerpt":{"rendered":"<ul>\n<li>Odlitek r\u00e1\u017ee .454.<\/li>\n<li>Hlin\u00edk, 6 dutin<\/li>\n<li>Solidn\u00ed 285 gr.<\/li>\n<li>Dr\u00e1\u017eka od dr\u00e1\u017eky pro lisov\u00e1n\u00ed 0,416\u2033<\/li>\n<li>Ocelov\u00fd vtokov\u00fd plech<\/li>\n<li>Se\u0159izovac\u00ed \u010depy z kalen\u00e9 oceli<\/li>\n<li>imbusov\u00e9 kl\u00ed\u010de jsou sou\u010d\u00e1st\u00ed dod\u00e1vky<\/li>\n<li>V\u010detn\u011b horn\u00edho d\u011brova\u010de RCBS\/Lyman<\/li>\n<li>Pou\u017eijte rukoje\u0165 LEE 6 dutin nebo rukojeti formy MP (NEJSOU sou\u010d\u00e1st\u00ed dod\u00e1vky).<\/li>\n<\/ul>\n<p>Pod\u00edvejte se na obr\u00e1zky na\u0161ich produkt\u016f v <a href=\"index.php\/gallery\">galerie<\/a><\/p>","protected":false},"featured_media":49983,"comment_status":"open","ping_status":"open","template":"","meta":[],"product_brand":[],"product_cat":[24,33],"product_tag":[439],"class_list":{"0":"post-50787","1":"product","2":"type-product","3":"status-publish","4":"has-post-thumbnail","6":"product_cat-molds","7":"product_cat-solid-molds","8":"product_tag-45colt","9":"pa_brand-mp-molds","10":"pa_caliber-as-cast-383","11":"pa_handles-included-no","12":"pa_manufacturer-mp-molds","13":"pa_material-aluminum","14":"pa_number-of-cavities-6-cavities","15":"pa_pb-bb-gc-hb-plain-base","16":"pa_polica-pis","18":"first","19":"instock","20":"sale","21":"taxable","22":"shipping-taxable","23":"purchasable","24":"product-type-simple"},"_links":{"self":[{"href":"https:\/\/www.mp-molds.com\/cs\/wp-json\/wp\/v2\/product\/50787","targetHints":{"allow":["GET"]}}],"collection":[{"href":"https:\/\/www.mp-molds.com\/cs\/wp-json\/wp\/v2\/product"}],"about":[{"href":"https:\/\/www.mp-molds.com\/cs\/wp-json\/wp\/v2\/types\/product"}],"replies":[{"embeddable":true,"href":"https:\/\/www.mp-molds.com\/cs\/wp-json\/wp\/v2\/comments?post=50787"}],"wp:featuredmedia":[{"embeddable":true,"href":"https:\/\/www.mp-molds.com\/cs\/wp-json\/wp\/v2\/media\/49983"}],"wp:attachment":[{"href":"https:\/\/www.mp-molds.com\/cs\/wp-json\/wp\/v2\/media?parent=50787"}],"wp:term":[{"taxonomy":"product_brand","embeddable":true,"href":"https:\/\/www.mp-molds.com\/cs\/wp-json\/wp\/v2\/product_brand?post=50787"},{"taxonomy":"product_cat","embeddable":true,"href":"https:\/\/www.mp-molds.com\/cs\/wp-json\/wp\/v2\/product_cat?post=50787"},{"taxonomy":"product_tag","embeddable":true,"href":"https:\/\/www.mp-molds.com\/cs\/wp-json\/wp\/v2\/product_tag?post=50787"}],"curies":[{"name":"wp","href":"https:\/\/api.w.org\/{rel}","templated":true}]}}