{"id":50679,"date":"2021-01-31T11:45:03","date_gmt":"2021-01-31T10:45:03","guid":{"rendered":"https:\/\/www.mp-molds.com\/product\/mp-molds-ingot-mold\/"},"modified":"2026-04-26T10:28:59","modified_gmt":"2026-04-26T08:28:59","slug":"mp-formy-ingotove-formy","status":"publish","type":"product","link":"https:\/\/www.mp-molds.com\/cs\/product\/mp-molds-ingot-mold\/","title":{"rendered":"MP-formy ingotov\u00e9 formy"},"content":{"rendered":"<p>- Odl\u00e9v\u00e1n\u00ed ingot\u016f o hmotnosti p\u0159ibli\u017en\u011b jedn\u00e9 libry<br \/>\n- Ide\u00e1ln\u00ed pro p\u0159etavov\u00e1n\u00ed a legov\u00e1n\u00ed<br \/>\n- D\u0159ev\u011bn\u00e1 rukoje\u0165 z\u016fst\u00e1v\u00e1 chladn\u00e1<br \/>\n- Lehk\u00e1 hlin\u00edkov\u00e1 forma je odoln\u00e1 proti korozi<\/p>","protected":false},"excerpt":{"rendered":"<p>- Odl\u00e9v\u00e1n\u00ed ingot\u016f o hmotnosti p\u0159ibli\u017en\u011b jedn\u00e9 libry<br \/>\n- Ide\u00e1ln\u00ed pro p\u0159etavov\u00e1n\u00ed a legov\u00e1n\u00ed<br \/>\n- D\u0159ev\u011bn\u00e1 rukoje\u0165 z\u016fst\u00e1v\u00e1 chladn\u00e1<br \/>\n- Lehk\u00e1 hlin\u00edkov\u00e1 forma je odoln\u00e1 proti korozi<\/p>","protected":false},"featured_media":50680,"comment_status":"open","ping_status":"open","template":"","meta":[],"product_brand":[],"product_cat":[132,24],"product_tag":[484],"class_list":{"0":"post-50679","1":"product","2":"type-product","3":"status-publish","4":"has-post-thumbnail","6":"product_cat-accessories","7":"product_cat-molds","8":"product_tag-ingot","9":"pa_brand-mp-molds","10":"pa_dodatni_opis-aluminum-ingot-mold-for-lead-alloys","11":"pa_material-aluminum","12":"pa_number-of-cavities-4-cavities","13":"pa_polica-3-4","15":"first","16":"instock","17":"sale","18":"taxable","19":"shipping-taxable","20":"purchasable","21":"product-type-simple"},"_links":{"self":[{"href":"https:\/\/www.mp-molds.com\/cs\/wp-json\/wp\/v2\/product\/50679","targetHints":{"allow":["GET"]}}],"collection":[{"href":"https:\/\/www.mp-molds.com\/cs\/wp-json\/wp\/v2\/product"}],"about":[{"href":"https:\/\/www.mp-molds.com\/cs\/wp-json\/wp\/v2\/types\/product"}],"replies":[{"embeddable":true,"href":"https:\/\/www.mp-molds.com\/cs\/wp-json\/wp\/v2\/comments?post=50679"}],"wp:featuredmedia":[{"embeddable":true,"href":"https:\/\/www.mp-molds.com\/cs\/wp-json\/wp\/v2\/media\/50680"}],"wp:attachment":[{"href":"https:\/\/www.mp-molds.com\/cs\/wp-json\/wp\/v2\/media?parent=50679"}],"wp:term":[{"taxonomy":"product_brand","embeddable":true,"href":"https:\/\/www.mp-molds.com\/cs\/wp-json\/wp\/v2\/product_brand?post=50679"},{"taxonomy":"product_cat","embeddable":true,"href":"https:\/\/www.mp-molds.com\/cs\/wp-json\/wp\/v2\/product_cat?post=50679"},{"taxonomy":"product_tag","embeddable":true,"href":"https:\/\/www.mp-molds.com\/cs\/wp-json\/wp\/v2\/product_tag?post=50679"}],"curies":[{"name":"wp","href":"https:\/\/api.w.org\/{rel}","templated":true}]}}