{"id":50658,"date":"2020-09-29T08:07:34","date_gmt":"2020-09-29T06:07:34","guid":{"rendered":"https:\/\/www.mp-molds.com\/product\/mp-257-640-3-cavity-hollow-point-mold-gc-or-pb\/"},"modified":"2026-03-22T22:02:58","modified_gmt":"2026-03-22T21:02:58","slug":"mp-257-640-3-dutiny-duteho-ostri-gc-nebo-pb","status":"publish","type":"product","link":"https:\/\/www.mp-molds.com\/cs\/product\/mp-257-640-3-cavity-hollow-point-mold-gc-or-pb\/","title":{"rendered":"MP 258-640, 3 dutinov\u00e1 forma HP (GC nebo PB)"},"content":{"rendered":"<ul>\n<li>Odlitek r\u00e1\u017ee .258<\/li>\n<li>Odlitek o hmotnosti p\u0159ibli\u017en\u011b 73 zrn v z\u00e1vislosti na slitin\u011b.<\/li>\n<li>Slep\u00e9 kol\u00edky, kol\u00ed\u010dky a kulat\u00e9 kol\u00edky jsou sou\u010d\u00e1st\u00ed dod\u00e1vky<\/li>\n<li>Mosaz 3 dutiny<\/li>\n<li>Ocelov\u00fd vtokov\u00fd plech<\/li>\n<li>Se\u0159izovac\u00ed \u010depy z kalen\u00e9 oceli<\/li>\n<li>imbusov\u00e9 kl\u00ed\u010de jsou sou\u010d\u00e1st\u00ed dod\u00e1vky<\/li>\n<li>V\u010detn\u011b horn\u00edho d\u011brova\u010de RCBS\/Lyman<\/li>\n<li>Pou\u017eijte rukoje\u0165 LEE 6 dutin nebo rukojeti formy MP (NEJSOU sou\u010d\u00e1st\u00ed dod\u00e1vky).<\/li>\n<\/ul>\n<p>Pod\u00edvejte se na obr\u00e1zky na\u0161ich produkt\u016f v\u00a0<a href=\"https:\/\/www.mp-molds.com\/WooCommerce\/product\/mp-hg50-hbwc-38-357\/index.php\/gallery\">galerie<\/a><\/p>","protected":false},"excerpt":{"rendered":"<ul>\n<li>Odlitek r\u00e1\u017ee .258<\/li>\n<li>Odlitek o hmotnosti p\u0159ibli\u017en\u011b 73 zrn v z\u00e1vislosti na slitin\u011b.<\/li>\n<li>Slep\u00e9 kol\u00edky, kol\u00ed\u010dky a kulat\u00e9 kol\u00edky jsou sou\u010d\u00e1st\u00ed dod\u00e1vky<\/li>\n<li>Mosaz 3 dutiny<\/li>\n<li>Ocelov\u00fd vtokov\u00fd plech<\/li>\n<li>Se\u0159izovac\u00ed \u010depy z kalen\u00e9 oceli<\/li>\n<li>imbusov\u00e9 kl\u00ed\u010de jsou sou\u010d\u00e1st\u00ed dod\u00e1vky<\/li>\n<li>V\u010detn\u011b horn\u00edho d\u011brova\u010de RCBS\/Lyman<\/li>\n<li>Pou\u017eijte rukoje\u0165 LEE 6 dutin nebo rukojeti formy MP (NEJSOU sou\u010d\u00e1st\u00ed dod\u00e1vky).<\/li>\n<\/ul>\n<p>Pod\u00edvejte se na obr\u00e1zky na\u0161ich produkt\u016f v\u00a0<a href=\"https:\/\/www.mp-molds.com\/WooCommerce\/product\/mp-hg50-hbwc-38-357\/index.php\/gallery\">galerie<\/a><\/p>","protected":false},"featured_media":50659,"comment_status":"open","ping_status":"open","template":"","meta":[],"product_brand":[],"product_cat":[42,24],"product_tag":[483],"class_list":{"0":"post-50658","1":"product","2":"type-product","3":"status-publish","4":"has-post-thumbnail","6":"product_cat-hp-hollow-points-molds","7":"product_cat-molds","8":"product_tag-25-20-win","9":"pa_brand-mp-molds","10":"pa_caliber-as-cast-417","11":"pa_dodatni_opis-brass-mold-for-hobby-hand-casting-set-contains-mold-allen-keys-metal-pins-e-clips","12":"pa_handles-included-no","13":"pa_manufacturer-mp-molds","14":"pa_material-brass","15":"pa_number-of-cavities-3-cavities","16":"pa_pb-bb-gc-hb-gas-check","17":"pa_pb-bb-gc-hb-plain-base","18":"pa_polica-3-0","20":"first","21":"instock","22":"sale","23":"taxable","24":"shipping-taxable","25":"purchasable","26":"product-type-variable"},"_links":{"self":[{"href":"https:\/\/www.mp-molds.com\/cs\/wp-json\/wp\/v2\/product\/50658","targetHints":{"allow":["GET"]}}],"collection":[{"href":"https:\/\/www.mp-molds.com\/cs\/wp-json\/wp\/v2\/product"}],"about":[{"href":"https:\/\/www.mp-molds.com\/cs\/wp-json\/wp\/v2\/types\/product"}],"replies":[{"embeddable":true,"href":"https:\/\/www.mp-molds.com\/cs\/wp-json\/wp\/v2\/comments?post=50658"}],"wp:featuredmedia":[{"embeddable":true,"href":"https:\/\/www.mp-molds.com\/cs\/wp-json\/wp\/v2\/media\/50659"}],"wp:attachment":[{"href":"https:\/\/www.mp-molds.com\/cs\/wp-json\/wp\/v2\/media?parent=50658"}],"wp:term":[{"taxonomy":"product_brand","embeddable":true,"href":"https:\/\/www.mp-molds.com\/cs\/wp-json\/wp\/v2\/product_brand?post=50658"},{"taxonomy":"product_cat","embeddable":true,"href":"https:\/\/www.mp-molds.com\/cs\/wp-json\/wp\/v2\/product_cat?post=50658"},{"taxonomy":"product_tag","embeddable":true,"href":"https:\/\/www.mp-molds.com\/cs\/wp-json\/wp\/v2\/product_tag?post=50658"}],"curies":[{"name":"wp","href":"https:\/\/api.w.org\/{rel}","templated":true}]}}