{"id":50654,"date":"2020-06-10T09:39:51","date_gmt":"2020-06-10T07:39:51","guid":{"rendered":"https:\/\/www.mp-molds.com\/product\/23789\/"},"modified":"2026-03-26T04:01:08","modified_gmt":"2026-03-26T03:01:08","slug":"23789","status":"publish","type":"product","link":"https:\/\/www.mp-molds.com\/cs\/product\/23789\/","title":{"rendered":"357 nebo (359)-135 Ploch\u00fd kulat\u00fd nos, ku\u017eelov\u00e1 z\u00e1kladna, 6 dutin BR formy - BEZ LUBE GROOVE"},"content":{"rendered":"<ul>\n<li>Odlitek r\u00e1\u017ee .357 nebo .359 - 135 grain solid<\/li>\n<li>Pro pou\u017eit\u00ed i v r\u00e1\u017ei 9 mm. Snadno zv\u011bt\u0161uje a\u017e do pr\u016fm\u011bru .356.<\/li>\n<li>Ocelov\u00fd vtokov\u00fd plech<\/li>\n<li>Se\u0159izovac\u00ed \u010depy z kalen\u00e9 oceli<\/li>\n<li>imbusov\u00e9 kl\u00ed\u010de jsou sou\u010d\u00e1st\u00ed dod\u00e1vky<\/li>\n<li>V\u010detn\u011b horn\u00edho d\u011brova\u010de RCBS\/Lyman<\/li>\n<li>Pou\u017eijte rukoje\u0165 LEE 6 dutin nebo rukojeti formy MP (NEJSOU sou\u010d\u00e1st\u00ed dod\u00e1vky).<\/li>\n<li>dut\u00e1 z\u00e1kladna a pr\u00e1zdn\u00e9 kol\u00edky<\/li>\n<\/ul>\n<p>Pod\u00edvejte se na obr\u00e1zky na\u0161ich produkt\u016f v <a href=\"index.php\/gallery\">galerie<\/a><\/p>","protected":false},"excerpt":{"rendered":"<ul>\n<li>Odlitek r\u00e1\u017ee .357 nebo .359 - 135 grain solid<\/li>\n<li>Pro pou\u017eit\u00ed i v r\u00e1\u017ei 9 mm. Snadno zv\u011bt\u0161uje a\u017e do pr\u016fm\u011bru .356.<\/li>\n<li>Ocelov\u00fd vtokov\u00fd plech<\/li>\n<li>Se\u0159izovac\u00ed \u010depy z kalen\u00e9 oceli<\/li>\n<li>imbusov\u00e9 kl\u00ed\u010de jsou sou\u010d\u00e1st\u00ed dod\u00e1vky<\/li>\n<li>V\u010detn\u011b horn\u00edho d\u011brova\u010de RCBS\/Lyman<\/li>\n<li>Pou\u017eijte rukoje\u0165 LEE 6 dutin nebo rukojeti formy MP (NEJSOU sou\u010d\u00e1st\u00ed dod\u00e1vky).<\/li>\n<li>dut\u00e1 z\u00e1kladna a pr\u00e1zdn\u00e9 kol\u00edky<\/li>\n<\/ul>\n<p>Pod\u00edvejte se na obr\u00e1zky na\u0161ich produkt\u016f v <a href=\"index.php\/gallery\">galerie<\/a><\/p>","protected":false},"featured_media":50177,"comment_status":"closed","ping_status":"open","template":"","meta":[],"product_brand":[],"product_cat":[107,24,33],"product_tag":[47,434,435,185,443,186,48,444],"class_list":{"0":"post-50654","1":"product","2":"type-product","3":"status-publish","4":"has-post-thumbnail","6":"product_cat-alternative-coating-molds","7":"product_cat-molds","8":"product_cat-solid-molds","9":"product_tag-380-acp","10":"product_tag-357magnum","11":"product_tag-357sig","12":"product_tag-38-spl","13":"product_tag-38super","14":"product_tag-9mm","15":"product_tag-9x17","16":"product_tag-9x21","17":"pa_brand-mp-molds","18":"pa_caliber-as-cast-397","19":"pa_caliber-as-cast-370","20":"pa_dodatni_opis-brass-mold-for-hobby-hand-casting-set-contains-mold-allen-keys-metal-pin","21":"pa_handles-included-no","22":"pa_manufacturer-mp-molds","23":"pa_material-brass","24":"pa_number-of-cavities-6-cavities","25":"pa_pb-bb-gc-hb-bevel-base","26":"pa_polica-6-3","27":"pa_polica-6-4","29":"first","30":"instock","31":"sale","32":"taxable","33":"shipping-taxable","34":"purchasable","35":"product-type-variable"},"_links":{"self":[{"href":"https:\/\/www.mp-molds.com\/cs\/wp-json\/wp\/v2\/product\/50654","targetHints":{"allow":["GET"]}}],"collection":[{"href":"https:\/\/www.mp-molds.com\/cs\/wp-json\/wp\/v2\/product"}],"about":[{"href":"https:\/\/www.mp-molds.com\/cs\/wp-json\/wp\/v2\/types\/product"}],"replies":[{"embeddable":true,"href":"https:\/\/www.mp-molds.com\/cs\/wp-json\/wp\/v2\/comments?post=50654"}],"wp:featuredmedia":[{"embeddable":true,"href":"https:\/\/www.mp-molds.com\/cs\/wp-json\/wp\/v2\/media\/50177"}],"wp:attachment":[{"href":"https:\/\/www.mp-molds.com\/cs\/wp-json\/wp\/v2\/media?parent=50654"}],"wp:term":[{"taxonomy":"product_brand","embeddable":true,"href":"https:\/\/www.mp-molds.com\/cs\/wp-json\/wp\/v2\/product_brand?post=50654"},{"taxonomy":"product_cat","embeddable":true,"href":"https:\/\/www.mp-molds.com\/cs\/wp-json\/wp\/v2\/product_cat?post=50654"},{"taxonomy":"product_tag","embeddable":true,"href":"https:\/\/www.mp-molds.com\/cs\/wp-json\/wp\/v2\/product_tag?post=50654"}],"curies":[{"name":"wp","href":"https:\/\/api.w.org\/{rel}","templated":true}]}}