{"id":50590,"date":"2019-12-04T11:47:03","date_gmt":"2019-12-04T10:47:03","guid":{"rendered":"https:\/\/www.mp-molds.com\/product\/mp-300-blackout-311-235-grain-solid-mold-no-lube-groove-multichoice\/"},"modified":"2026-04-19T22:35:33","modified_gmt":"2026-04-19T20:35:33","slug":"mp-300-blackout-311-235-grain-solid-mold-no-lube-groove-multichoice","status":"publish","type":"product","link":"https:\/\/www.mp-molds.com\/cs\/product\/mp-300-blackout-311-235-grain-solid-mold-no-lube-groove-multichoice\/","title":{"rendered":"MP 300 BLCK 311-235 Zrnit\u00e1 pevn\u00e1 forma NO LUBE GROOVE PB nebo GC (v\u00edce mo\u017enost\u00ed)"},"content":{"rendered":"<ul>\n<li>Odlitek r\u00e1\u017ee .311 - 235 grain solid<\/li>\n<li>Dr\u00e1\u017eka od dr\u00e1\u017eky pro krimpov\u00e1n\u00ed: 0,872\u2033<\/li>\n<li>Krimpov\u00e1 dr\u00e1\u017eka k z\u00e1kladn\u011b PB: 0,383\u2033<\/li>\n<li>Hlin\u00edk 6 dutin nebo mosaz 4 dutiny<\/li>\n<li>Ocelov\u00fd vtokov\u00fd plech<\/li>\n<li>Se\u0159izovac\u00ed \u010depy z kalen\u00e9 oceli<\/li>\n<li>imbusov\u00e9 kl\u00ed\u010de jsou sou\u010d\u00e1st\u00ed dod\u00e1vky<\/li>\n<li>V\u010detn\u011b horn\u00edho d\u011brova\u010de RCBS\/Lyman<\/li>\n<li>Pou\u017eijte rukoje\u0165 LEE 6 dutin nebo rukojeti formy MP (NEJSOU sou\u010d\u00e1st\u00ed dod\u00e1vky).<\/li>\n<\/ul>\n<p>Pod\u00edvejte se na obr\u00e1zky na\u0161ich produkt\u016f v\u00a0<a href=\"https:\/\/www.mp-molds.com\/WooCommerce\/product\/mp-hg50-hbwc-38-357\/index.php\/gallery\">galerie<\/a><\/p>","protected":false},"excerpt":{"rendered":"<ul>\n<li>Odlitek r\u00e1\u017ee .311 - 235 grain solid<\/li>\n<li>Dr\u00e1\u017eka od dr\u00e1\u017eky pro krimpov\u00e1n\u00ed: 0,872\u2033<\/li>\n<li>Krimpov\u00e1 dr\u00e1\u017eka k z\u00e1kladn\u011b PB: 0,383\u2033<\/li>\n<li>Hlin\u00edk 6 dutin nebo mosaz 4 dutiny<\/li>\n<li>Ocelov\u00fd vtokov\u00fd plech<\/li>\n<li>Se\u0159izovac\u00ed \u010depy z kalen\u00e9 oceli<\/li>\n<li>imbusov\u00e9 kl\u00ed\u010de jsou sou\u010d\u00e1st\u00ed dod\u00e1vky<\/li>\n<li>V\u010detn\u011b horn\u00edho d\u011brova\u010de RCBS\/Lyman<\/li>\n<li>Pou\u017eijte rukoje\u0165 LEE 6 dutin nebo rukojeti formy MP (NEJSOU sou\u010d\u00e1st\u00ed dod\u00e1vky).<\/li>\n<\/ul>\n<p>Pod\u00edvejte se na obr\u00e1zky na\u0161ich produkt\u016f v\u00a0<a href=\"https:\/\/www.mp-molds.com\/WooCommerce\/product\/mp-hg50-hbwc-38-357\/index.php\/gallery\">galerie<\/a><\/p>","protected":false},"featured_media":50591,"comment_status":"open","ping_status":"open","template":"","meta":[],"product_brand":[],"product_cat":[107,42,24,56,33],"product_tag":[452,453],"class_list":{"0":"post-50590","1":"product","2":"type-product","3":"status-publish","4":"has-post-thumbnail","6":"product_cat-alternative-coating-molds","7":"product_cat-hp-hollow-points-molds","8":"product_cat-molds","9":"product_cat-rifle-hp-molds","10":"product_cat-solid-molds","11":"product_tag-300blackout","12":"product_tag-308win","13":"pa_brand-mp-molds","14":"pa_caliber-as-cast-406","15":"pa_dodatni_opis-aluminum-mold-for-hobby-hand-casting-set-contains-mold-allen-keys-metal-pin-sprue-lever-handle","16":"pa_dodatni_opis-brass-mold-for-hobby-hand-casting-set-contains-mold-allen-keys-metal-pin","17":"pa_handles-included-no","18":"pa_manufacturer-mp-molds","19":"pa_material-aluminum","20":"pa_material-brass","21":"pa_number-of-cavities-4-cavities","22":"pa_number-of-cavities-6-cavities","23":"pa_pb-bb-gc-hb-gas-check","24":"pa_pb-bb-gc-hb-plain-base","25":"pa_polica-1-3","26":"pa_polica-1-4","28":"first","29":"instock","30":"sale","31":"featured","32":"taxable","33":"shipping-taxable","34":"purchasable","35":"product-type-variable"},"_links":{"self":[{"href":"https:\/\/www.mp-molds.com\/cs\/wp-json\/wp\/v2\/product\/50590","targetHints":{"allow":["GET"]}}],"collection":[{"href":"https:\/\/www.mp-molds.com\/cs\/wp-json\/wp\/v2\/product"}],"about":[{"href":"https:\/\/www.mp-molds.com\/cs\/wp-json\/wp\/v2\/types\/product"}],"replies":[{"embeddable":true,"href":"https:\/\/www.mp-molds.com\/cs\/wp-json\/wp\/v2\/comments?post=50590"}],"wp:featuredmedia":[{"embeddable":true,"href":"https:\/\/www.mp-molds.com\/cs\/wp-json\/wp\/v2\/media\/50591"}],"wp:attachment":[{"href":"https:\/\/www.mp-molds.com\/cs\/wp-json\/wp\/v2\/media?parent=50590"}],"wp:term":[{"taxonomy":"product_brand","embeddable":true,"href":"https:\/\/www.mp-molds.com\/cs\/wp-json\/wp\/v2\/product_brand?post=50590"},{"taxonomy":"product_cat","embeddable":true,"href":"https:\/\/www.mp-molds.com\/cs\/wp-json\/wp\/v2\/product_cat?post=50590"},{"taxonomy":"product_tag","embeddable":true,"href":"https:\/\/www.mp-molds.com\/cs\/wp-json\/wp\/v2\/product_tag?post=50590"}],"curies":[{"name":"wp","href":"https:\/\/api.w.org\/{rel}","templated":true}]}}