{"id":50550,"date":"2019-10-17T11:16:04","date_gmt":"2019-10-17T09:16:04","guid":{"rendered":"https:\/\/www.mp-molds.com\/product\/mp-45-340-solid-mold-multi-choice\/"},"modified":"2026-03-30T00:24:27","modified_gmt":"2026-03-29T22:24:27","slug":"mp-45-340-pevna-forma-multi-choice","status":"publish","type":"product","link":"https:\/\/www.mp-molds.com\/cs\/product\/mp-45-340-solid-mold-multi-choice\/","title":{"rendered":"MP 45-340, Pevn\u00e1 forma, 4 dutiny, mosaz(Multi Choice)"},"content":{"rendered":"<ul>\n<li>odlitek o pr\u016fm\u011bru .452 nebo .454 se z\u00e1va\u017e\u00edmi ze slitiny kol (m\u016f\u017ee se li\u0161it - z\u00e1vis\u00ed na slitin\u011b)<\/li>\n<li>\u00a00,380\u2033 mezern\u00edk k lisovac\u00ed dr\u00e1\u017ece a 0,360\u2033 mezern\u00edk<\/li>\n<li>4 dutiny z mosazi<\/li>\n<li>Pevn\u00e9 340 zrn<\/li>\n<li>Ocelov\u00fd vtokov\u00fd plech<\/li>\n<li>Se\u0159izovac\u00ed \u010depy z kalen\u00e9 oceli<\/li>\n<li>imbusov\u00e9 kl\u00ed\u010de jsou sou\u010d\u00e1st\u00ed dod\u00e1vky<\/li>\n<li>V\u010detn\u011b horn\u00edho d\u011brova\u010de RCBS\/Lyman<\/li>\n<li>Pou\u017eijte rukoje\u0165 LEE 6 dutin nebo rukojeti formy MP (NEJSOU sou\u010d\u00e1st\u00ed dod\u00e1vky).<\/li>\n<\/ul>\n<p>Pod\u00edvejte se na obr\u00e1zky na\u0161ich produkt\u016f v\u00a0<a href=\"https:\/\/www.mp-molds.com\/WooCommerce\/product\/9mm-38cal-swc-hg275-clone\/index.php\/gallery\">galerie<\/a><\/p>","protected":false},"excerpt":{"rendered":"<ul>\n<li>\n<ul>\n<li>odlitek o pr\u016fm\u011bru .452 nebo .454 se z\u00e1va\u017e\u00edmi ze slitiny kol (m\u016f\u017ee se li\u0161it - z\u00e1vis\u00ed na slitin\u011b)<\/li>\n<li>\u00a00,380\u2033 mezern\u00edk k lisovac\u00ed dr\u00e1\u017ece a 0,360\u2033 mezern\u00edk<\/li>\n<li>Pevn\u00e9 340 zrn<\/li>\n<li>4 dutiny z mosazi<\/li>\n<li>Ocelov\u00fd vtokov\u00fd plech<\/li>\n<li>Se\u0159izovac\u00ed \u010depy z kalen\u00e9 oceli<\/li>\n<li>imbusov\u00e9 kl\u00ed\u010de jsou sou\u010d\u00e1st\u00ed dod\u00e1vky<\/li>\n<li>V\u010detn\u011b horn\u00edho d\u011brova\u010de RCBS\/Lyman<\/li>\n<li>Pou\u017eijte rukoje\u0165 LEE 6 dutin nebo rukojeti formy MP (NEJSOU sou\u010d\u00e1st\u00ed dod\u00e1vky).<\/li>\n<\/ul>\n<p>Pod\u00edvejte se na obr\u00e1zky na\u0161ich produkt\u016f v\u00a0<a href=\"https:\/\/www.mp-molds.com\/WooCommerce\/product\/9mm-38cal-swc-hg275-clone\/index.php\/gallery\">galerie<\/a><\/li>\n<\/ul>","protected":false},"featured_media":50544,"comment_status":"open","ping_status":"open","template":"","meta":[],"product_brand":[],"product_cat":[24,33],"product_tag":[445,439],"class_list":{"0":"post-50550","1":"product","2":"type-product","3":"status-publish","4":"has-post-thumbnail","6":"product_cat-molds","7":"product_cat-solid-molds","8":"product_tag-454casull","9":"product_tag-45colt","10":"pa_brand-mp-molds","11":"pa_caliber-as-cast-372","12":"pa_caliber-as-cast-383","13":"pa_dodatni_opis-brass-mold-for-hobby-hand-casting-set-contains-mold-allen-keys-metal-pin","14":"pa_handles-included-no","15":"pa_manufacturer-mp-molds","16":"pa_material-brass","17":"pa_number-of-cavities-4-cavities","18":"pa_pb-bb-gc-hb-gas-check","19":"pa_pb-bb-gc-hb-plain-base","20":"pa_polica-11-1","21":"pa_polica-11-2","22":"pa_polica-11-3","24":"first","25":"instock","26":"sale","27":"taxable","28":"shipping-taxable","29":"purchasable","30":"product-type-variable"},"_links":{"self":[{"href":"https:\/\/www.mp-molds.com\/cs\/wp-json\/wp\/v2\/product\/50550","targetHints":{"allow":["GET"]}}],"collection":[{"href":"https:\/\/www.mp-molds.com\/cs\/wp-json\/wp\/v2\/product"}],"about":[{"href":"https:\/\/www.mp-molds.com\/cs\/wp-json\/wp\/v2\/types\/product"}],"replies":[{"embeddable":true,"href":"https:\/\/www.mp-molds.com\/cs\/wp-json\/wp\/v2\/comments?post=50550"}],"wp:featuredmedia":[{"embeddable":true,"href":"https:\/\/www.mp-molds.com\/cs\/wp-json\/wp\/v2\/media\/50544"}],"wp:attachment":[{"href":"https:\/\/www.mp-molds.com\/cs\/wp-json\/wp\/v2\/media?parent=50550"}],"wp:term":[{"taxonomy":"product_brand","embeddable":true,"href":"https:\/\/www.mp-molds.com\/cs\/wp-json\/wp\/v2\/product_brand?post=50550"},{"taxonomy":"product_cat","embeddable":true,"href":"https:\/\/www.mp-molds.com\/cs\/wp-json\/wp\/v2\/product_cat?post=50550"},{"taxonomy":"product_tag","embeddable":true,"href":"https:\/\/www.mp-molds.com\/cs\/wp-json\/wp\/v2\/product_tag?post=50550"}],"curies":[{"name":"wp","href":"https:\/\/api.w.org\/{rel}","templated":true}]}}