{"id":50330,"date":"2019-09-26T11:54:46","date_gmt":"2019-09-26T09:54:46","guid":{"rendered":"https:\/\/www.mp-molds.com\/product\/357-125-round-nose-flat-base-machine-mold-magma-ballisticast\/"},"modified":"2026-03-06T10:16:34","modified_gmt":"2026-03-06T09:16:34","slug":"357-125-kulaty-nos-s-plochou-zakladnou-strojni-forma-magma-balisticast","status":"publish","type":"product","link":"https:\/\/www.mp-molds.com\/cs\/product\/357-125-round-nose-flat-base-machine-mold-magma-ballisticast\/","title":{"rendered":"357-125 s kulat\u00fdm nosem, ploch\u00e1 z\u00e1kladna, strojn\u00ed forma (Magma\/Ballisticast)"},"content":{"rendered":"<ul>\n<li><span style=\"color: #ff0000;\"><strong>P\u0159i objedn\u00e1n\u00ed n\u00e1s kontaktujte, abychom mohli p\u0159ibalit spr\u00e1vn\u00fd hardware (pro magmu nebo pro balistickou n\u00e1pl\u0148).<\/strong><\/span><\/li>\n<li>Odl\u00e9van\u00e9 st\u0159ely r\u00e1\u017ee .358 - 125 grain solid<\/li>\n<li>Ocelov\u00fd vtokov\u00fd plech - plazmov\u011b nitrovan\u00fd<\/li>\n<li>Se\u0159izovac\u00ed \u010depy z kalen\u00e9 oceli<\/li>\n<\/ul>\n<p>Pod\u00edvejte se na obr\u00e1zky na\u0161ich produkt\u016f v\u00a0<a href=\"https:\/\/www.mp-molds.com\/WooCommerce\/product\/mp-452-200-swc-pb-hg68-6-cav\/index.php\/gallery\">galerie<\/a><\/p>","protected":false},"excerpt":{"rendered":"<ul>\n<li>\n<ul>\n<li><span style=\"color: #ff0000;\"><strong>P\u0159i objedn\u00e1n\u00ed n\u00e1s kontaktujte, abychom mohli p\u0159ibalit spr\u00e1vn\u00fd hardware (pro magmu nebo pro balistickou n\u00e1pl\u0148).<\/strong><\/span><\/li>\n<li>Odl\u00e9van\u00e9 st\u0159ely r\u00e1\u017ee .358 - 125 grain solid<\/li>\n<li>Ocelov\u00fd vtokov\u00fd plech - plazmov\u011b nitrovan\u00fd<\/li>\n<li>Se\u0159izovac\u00ed \u010depy z kalen\u00e9 oceli<\/li>\n<\/ul>\n<p>Pod\u00edvejte se na obr\u00e1zky na\u0161ich produkt\u016f v\u00a0<a href=\"https:\/\/www.mp-molds.com\/WooCommerce\/product\/mp-452-200-swc-pb-hg68-6-cav\/index.php\/gallery\">galerie<\/a><\/li>\n<\/ul>","protected":false},"featured_media":50080,"comment_status":"open","ping_status":"open","template":"","meta":[],"product_brand":[],"product_cat":[259],"product_tag":[47,434,435,185,443,186,48,444],"class_list":{"0":"post-50330","1":"product","2":"type-product","3":"status-publish","4":"has-post-thumbnail","6":"product_cat-machine-bullet-molds","7":"product_tag-380-acp","8":"product_tag-357magnum","9":"product_tag-357sig","10":"product_tag-38-spl","11":"product_tag-38super","12":"product_tag-9mm","13":"product_tag-9x17","14":"product_tag-9x21","15":"pa_brand-mp-molds","16":"pa_caliber-as-cast-391","17":"pa_dodatni_opis-cast-iron-mold-for-lead-alloys-set-of-moldscrewsspring-and-metal-plates","18":"pa_manufacturer-mp-molds","19":"pa_material-cast-iron","20":"pa_number-of-cavities-2-cavites","21":"pa_pb-bb-gc-hb-plain-base","23":"first","24":"outofstock","25":"sale","26":"taxable","27":"shipping-taxable","28":"purchasable","29":"product-type-simple"},"_links":{"self":[{"href":"https:\/\/www.mp-molds.com\/cs\/wp-json\/wp\/v2\/product\/50330","targetHints":{"allow":["GET"]}}],"collection":[{"href":"https:\/\/www.mp-molds.com\/cs\/wp-json\/wp\/v2\/product"}],"about":[{"href":"https:\/\/www.mp-molds.com\/cs\/wp-json\/wp\/v2\/types\/product"}],"replies":[{"embeddable":true,"href":"https:\/\/www.mp-molds.com\/cs\/wp-json\/wp\/v2\/comments?post=50330"}],"wp:featuredmedia":[{"embeddable":true,"href":"https:\/\/www.mp-molds.com\/cs\/wp-json\/wp\/v2\/media\/50080"}],"wp:attachment":[{"href":"https:\/\/www.mp-molds.com\/cs\/wp-json\/wp\/v2\/media?parent=50330"}],"wp:term":[{"taxonomy":"product_brand","embeddable":true,"href":"https:\/\/www.mp-molds.com\/cs\/wp-json\/wp\/v2\/product_brand?post=50330"},{"taxonomy":"product_cat","embeddable":true,"href":"https:\/\/www.mp-molds.com\/cs\/wp-json\/wp\/v2\/product_cat?post=50330"},{"taxonomy":"product_tag","embeddable":true,"href":"https:\/\/www.mp-molds.com\/cs\/wp-json\/wp\/v2\/product_tag?post=50330"}],"curies":[{"name":"wp","href":"https:\/\/api.w.org\/{rel}","templated":true}]}}