{"id":50328,"date":"2019-09-26T11:44:07","date_gmt":"2019-09-26T09:44:07","guid":{"rendered":"https:\/\/www.mp-molds.com\/product\/452-200-swc-hg68-bevel-base-machine-mold-magma-ballisticast\/"},"modified":"2026-03-06T10:16:34","modified_gmt":"2026-03-06T09:16:34","slug":"452-200-swc-hg68-kuzelova-zakladna-strojni-formy-magma-balistika","status":"publish","type":"product","link":"https:\/\/www.mp-molds.com\/cs\/product\/452-200-swc-hg68-bevel-base-machine-mold-magma-ballisticast\/","title":{"rendered":"452-200 SWC (HG#68) , strojn\u00ed forma s ku\u017eelovou z\u00e1kladnou (magma\/balistikast)"},"content":{"rendered":"<ul>\n<li><span style=\"color: #ff0000;\"><strong>P\u0159i objedn\u00e1n\u00ed n\u00e1s kontaktujte, abychom mohli p\u0159ibalit spr\u00e1vn\u00fd hardware (pro magmu nebo pro balistickou n\u00e1pl\u0148).<\/strong><\/span><\/li>\n<li>Odl\u00e9van\u00e9 st\u0159ely r\u00e1\u017ee .453 - 200 grain solid<\/li>\n<li>Klon slavn\u00e9 pl\u00edsn\u011b HG#68<\/li>\n<li>Ocelov\u00fd vtokov\u00fd plech - plazmov\u011b nitrovan\u00fd<\/li>\n<li>Se\u0159izovac\u00ed \u010depy z kalen\u00e9 oceli<\/li>\n<\/ul>\n<p>Pod\u00edvejte se na obr\u00e1zky na\u0161ich produkt\u016f v\u00a0<a href=\"https:\/\/www.mp-molds.com\/WooCommerce\/product\/mp-452-200-swc-pb-hg68-6-cav\/index.php\/gallery\">galerie<\/a><\/p>","protected":false},"excerpt":{"rendered":"<ul>\n<li>\n<ul>\n<li><span style=\"color: #ff0000;\"><strong>P\u0159i objedn\u00e1n\u00ed n\u00e1s kontaktujte, abychom mohli p\u0159ibalit spr\u00e1vn\u00fd hardware (pro magmu nebo pro balistickou n\u00e1pl\u0148).<\/strong><\/span><\/li>\n<li>Odl\u00e9van\u00e9 st\u0159ely r\u00e1\u017ee .453 - 200 grain solid<\/li>\n<li>Klon slavn\u00e9 pl\u00edsn\u011b HG#68<\/li>\n<li>Ocelov\u00fd vtokov\u00fd plech - plazmov\u011b nitrovan\u00fd<\/li>\n<li>Se\u0159izovac\u00ed \u010depy z kalen\u00e9 oceli<\/li>\n<\/ul>\n<p>Pod\u00edvejte se na obr\u00e1zky na\u0161ich produkt\u016f v\u00a0<a href=\"https:\/\/www.mp-molds.com\/WooCommerce\/product\/mp-452-200-swc-pb-hg68-6-cav\/index.php\/gallery\">galerie<\/a><\/li>\n<\/ul>","protected":false},"featured_media":50048,"comment_status":"open","ping_status":"open","template":"","meta":[],"product_brand":[],"product_cat":[259],"product_tag":[],"class_list":{"0":"post-50328","1":"product","2":"type-product","3":"status-publish","4":"has-post-thumbnail","6":"product_cat-machine-bullet-molds","7":"pa_brand-mp-molds","8":"pa_caliber-as-cast-405","9":"pa_dodatni_opis-cast-iron-mold-for-lead-alloys-set-of-moldscrewsspring-and-metal-plates","10":"pa_manufacturer-mp-molds","11":"pa_material-cast-iron","12":"pa_number-of-cavities-2-cavites","13":"pa_pb-bb-gc-hb-bevel-base","15":"first","16":"outofstock","17":"sale","18":"taxable","19":"shipping-taxable","20":"purchasable","21":"product-type-simple"},"_links":{"self":[{"href":"https:\/\/www.mp-molds.com\/cs\/wp-json\/wp\/v2\/product\/50328","targetHints":{"allow":["GET"]}}],"collection":[{"href":"https:\/\/www.mp-molds.com\/cs\/wp-json\/wp\/v2\/product"}],"about":[{"href":"https:\/\/www.mp-molds.com\/cs\/wp-json\/wp\/v2\/types\/product"}],"replies":[{"embeddable":true,"href":"https:\/\/www.mp-molds.com\/cs\/wp-json\/wp\/v2\/comments?post=50328"}],"wp:featuredmedia":[{"embeddable":true,"href":"https:\/\/www.mp-molds.com\/cs\/wp-json\/wp\/v2\/media\/50048"}],"wp:attachment":[{"href":"https:\/\/www.mp-molds.com\/cs\/wp-json\/wp\/v2\/media?parent=50328"}],"wp:term":[{"taxonomy":"product_brand","embeddable":true,"href":"https:\/\/www.mp-molds.com\/cs\/wp-json\/wp\/v2\/product_brand?post=50328"},{"taxonomy":"product_cat","embeddable":true,"href":"https:\/\/www.mp-molds.com\/cs\/wp-json\/wp\/v2\/product_cat?post=50328"},{"taxonomy":"product_tag","embeddable":true,"href":"https:\/\/www.mp-molds.com\/cs\/wp-json\/wp\/v2\/product_tag?post=50328"}],"curies":[{"name":"wp","href":"https:\/\/api.w.org\/{rel}","templated":true}]}}