{"id":50285,"date":"2019-09-25T12:36:32","date_gmt":"2019-09-25T10:36:32","guid":{"rendered":"https:\/\/www.mp-molds.com\/product\/357-147-flat-round-nose-flat-base-6cavity-mold-no-lube-groove\/"},"modified":"2026-04-22T21:11:22","modified_gmt":"2026-04-22T19:11:22","slug":"357-147-ploche-kulate-nosy-s-plochou-zakladnou-6dutinova-forma-bez-mazaci-drazky","status":"publish","type":"product","link":"https:\/\/www.mp-molds.com\/cs\/product\/357-147-flat-round-nose-flat-base-6cavity-mold-no-lube-groove\/","title":{"rendered":"357-147 Ploch\u00e9 kulat\u00e9 \u010delo, ploch\u00e1 z\u00e1kladna, 6 dutin - bez mazac\u00ed dr\u00e1\u017eky"},"content":{"rendered":"<ul>\n<li>odlitek .357 se z\u00e1va\u017e\u00edm na kolo ze slitiny (m\u016f\u017ee se li\u0161it - z\u00e1vis\u00ed na slitin\u011b)<\/li>\n<li>Ploch\u00e1 z\u00e1kladna<\/li>\n<li>147 zrn (z\u00e1vis\u00ed na slitin\u011b)<\/li>\n<li>6 dutin<\/li>\n<li>Mosazn\u00e1 forma<\/li>\n<li>Ocelov\u00fd vtokov\u00fd plech<\/li>\n<li>Se\u0159izovac\u00ed \u010depy z kalen\u00e9 oceli<\/li>\n<li>imbusov\u00e9 kl\u00ed\u010de jsou sou\u010d\u00e1st\u00ed dod\u00e1vky<\/li>\n<li>V\u010detn\u011b horn\u00edho d\u011brova\u010de RCBS\/Lyman<\/li>\n<li>Pou\u017eijte rukoje\u0165 LEE 6 nebo\u00a0<a href=\"https:\/\/www.mp-molds.com\/WooCommerce\/product\/9mm-38-147-rn-bb-6-cav-brass-nlg-mold\/index.php\/e-shop\/mp-handles\">\u00dachyty formy MP<\/a>\u00a0(NEN\u00cd sou\u010d\u00e1st\u00ed dod\u00e1vky)<\/li>\n<\/ul>\n<p>Pod\u00edvejte se na obr\u00e1zky na\u0161ich produkt\u016f v\u00a0<a href=\"https:\/\/www.mp-molds.com\/WooCommerce\/product\/9mm-38-147-rn-bb-6-cav-brass-nlg-mold\/index.php\/gallery\">galerie<\/a><\/p>","protected":false},"excerpt":{"rendered":"<ul>\n<li>odlitek .357 se z\u00e1va\u017e\u00edm na kolo ze slitiny (m\u016f\u017ee se li\u0161it - z\u00e1vis\u00ed na slitin\u011b)<\/li>\n<li>Ploch\u00e1 z\u00e1kladna<\/li>\n<li>147 zrn (z\u00e1vis\u00ed na slitin\u011b)<\/li>\n<li>6 dutin<\/li>\n<li>Mosazn\u00e1 forma<\/li>\n<li>Ocelov\u00fd vtokov\u00fd plech<\/li>\n<li>Se\u0159izovac\u00ed \u010depy z kalen\u00e9 oceli<\/li>\n<li>imbusov\u00e9 kl\u00ed\u010de jsou sou\u010d\u00e1st\u00ed dod\u00e1vky<\/li>\n<li>V\u010detn\u011b horn\u00edho d\u011brova\u010de RCBS\/Lyman<\/li>\n<li>Pou\u017eijte rukoje\u0165 LEE 6 nebo\u00a0<a href=\"https:\/\/www.mp-molds.com\/WooCommerce\/product\/9mm-38-147-rn-bb-6-cav-brass-nlg-mold\/index.php\/e-shop\/mp-handles\">\u00dachyty formy MP<\/a>\u00a0(NEN\u00cd sou\u010d\u00e1st\u00ed dod\u00e1vky)<\/li>\n<\/ul>\n<p>Pod\u00edvejte se na obr\u00e1zky na\u0161ich produkt\u016f v\u00a0<a href=\"https:\/\/www.mp-molds.com\/WooCommerce\/product\/9mm-38-147-rn-bb-6-cav-brass-nlg-mold\/index.php\/gallery\">galerie<\/a><\/p>","protected":false},"featured_media":50286,"comment_status":"open","ping_status":"closed","template":"","meta":[],"product_brand":[],"product_cat":[107,24,33],"product_tag":[47,434,435,185,443,186,48,444],"class_list":{"0":"post-50285","1":"product","2":"type-product","3":"status-publish","4":"has-post-thumbnail","6":"product_cat-alternative-coating-molds","7":"product_cat-molds","8":"product_cat-solid-molds","9":"product_tag-380-acp","10":"product_tag-357magnum","11":"product_tag-357sig","12":"product_tag-38-spl","13":"product_tag-38super","14":"product_tag-9mm","15":"product_tag-9x17","16":"product_tag-9x21","17":"pa_brand-mp-molds","18":"pa_caliber-as-cast-397","19":"pa_dodatni_opis-brass-mold-for-hobby-hand-casting-set-contains-mold-allen-keys-metal-pin","20":"pa_handles-included-no","21":"pa_manufacturer-mp-molds","22":"pa_material-brass","23":"pa_number-of-cavities-6-cavities","24":"pa_pb-bb-gc-hb-plain-base","25":"pa_polica-12-0","27":"first","28":"instock","29":"sale","30":"taxable","31":"shipping-taxable","32":"purchasable","33":"product-type-simple"},"_links":{"self":[{"href":"https:\/\/www.mp-molds.com\/cs\/wp-json\/wp\/v2\/product\/50285","targetHints":{"allow":["GET"]}}],"collection":[{"href":"https:\/\/www.mp-molds.com\/cs\/wp-json\/wp\/v2\/product"}],"about":[{"href":"https:\/\/www.mp-molds.com\/cs\/wp-json\/wp\/v2\/types\/product"}],"replies":[{"embeddable":true,"href":"https:\/\/www.mp-molds.com\/cs\/wp-json\/wp\/v2\/comments?post=50285"}],"wp:featuredmedia":[{"embeddable":true,"href":"https:\/\/www.mp-molds.com\/cs\/wp-json\/wp\/v2\/media\/50286"}],"wp:attachment":[{"href":"https:\/\/www.mp-molds.com\/cs\/wp-json\/wp\/v2\/media?parent=50285"}],"wp:term":[{"taxonomy":"product_brand","embeddable":true,"href":"https:\/\/www.mp-molds.com\/cs\/wp-json\/wp\/v2\/product_brand?post=50285"},{"taxonomy":"product_cat","embeddable":true,"href":"https:\/\/www.mp-molds.com\/cs\/wp-json\/wp\/v2\/product_cat?post=50285"},{"taxonomy":"product_tag","embeddable":true,"href":"https:\/\/www.mp-molds.com\/cs\/wp-json\/wp\/v2\/product_tag?post=50285"}],"curies":[{"name":"wp","href":"https:\/\/api.w.org\/{rel}","templated":true}]}}