{"id":50192,"date":"2019-09-23T12:01:12","date_gmt":"2019-09-23T10:01:12","guid":{"rendered":"https:\/\/www.mp-molds.com\/product\/477-640-hollow-point-plain-base-2-cavity-mold\/"},"modified":"2026-04-11T05:29:27","modified_gmt":"2026-04-11T03:29:27","slug":"477-640-duty-bod-hladka-zakladna-2-dutiny-forma","status":"publish","type":"product","link":"https:\/\/www.mp-molds.com\/cs\/product\/477-640-hollow-point-plain-base-2-cavity-mold\/","title":{"rendered":"477-640 HP, hladk\u00e1 z\u00e1kladna, 2 dutinov\u00e9 formy"},"content":{"rendered":"<ul>\n<li>410 zrn jako pevn\u00e9 a 385 jako HP<\/li>\n<li>pokles jako .478\u2033 v pr\u016fm\u011bru.<\/li>\n<li>\u00a0Krimpovac\u00ed dr\u00e1\u017eky jsou um\u00edst\u011bny v rozmez\u00ed .365 u pistol\u00ed FA a .420 u pistol\u00ed s dlouh\u00fdm v\u00e1lcem na zak\u00e1zku.<\/li>\n<li>Ocelov\u00fd vtokov\u00fd plech<\/li>\n<li>Se\u0159izovac\u00ed \u010depy z kalen\u00e9 oceli<\/li>\n<li>imbusov\u00e9 kl\u00ed\u010de jsou sou\u010d\u00e1st\u00ed dod\u00e1vky<\/li>\n<li>Sou\u010d\u00e1st\u00ed dod\u00e1vky je horn\u00ed d\u011brova\u010d RCBS\/Lyman<\/li>\n<li>Pou\u017eijte rukoje\u0165 LEE 6 nebo\u00a0<a href=\"https:\/\/mp-molds.com\/index.php\/e-shop\/mp-handles\">\u00dachyty formy MP<\/a>\u00a0(NEN\u00cd sou\u010d\u00e1st\u00ed dod\u00e1vky)<\/li>\n<li>kulat\u00e9, pr\u00e1zdn\u00e9 kol\u00edky, velk\u00e9 kulat\u00e9 kol\u00edky<\/li>\n<\/ul>\n<p>Pod\u00edvejte se na obr\u00e1zky na\u0161ich produkt\u016f v\u00a0<a href=\"https:\/\/mp-molds.com\/index.php\/gallery\">galerie<\/a><\/p>","protected":false},"excerpt":{"rendered":"<ul>\n<li>410 zrn jako pevn\u00e9 a 385 jako HP<\/li>\n<li>pokles jako .478\u2033 v pr\u016fm\u011bru.<\/li>\n<li>\u00a0Krimpovac\u00ed dr\u00e1\u017eky jsou um\u00edst\u011bny v rozmez\u00ed .365 u pistol\u00ed FA a .420 u pistol\u00ed s dlouh\u00fdm v\u00e1lcem na zak\u00e1zku.<\/li>\n<li>Ocelov\u00fd vtokov\u00fd plech<\/li>\n<li>Se\u0159izovac\u00ed \u010depy z kalen\u00e9 oceli<\/li>\n<li>imbusov\u00e9 kl\u00ed\u010de jsou sou\u010d\u00e1st\u00ed dod\u00e1vky<\/li>\n<li>Sou\u010d\u00e1st\u00ed dod\u00e1vky je horn\u00ed d\u011brova\u010d RCBS\/Lyman<\/li>\n<li>Pou\u017eijte rukoje\u0165 LEE 6 nebo\u00a0<a href=\"https:\/\/mp-molds.com\/index.php\/e-shop\/mp-handles\">\u00dachyty formy MP<\/a>\u00a0(NEN\u00cd sou\u010d\u00e1st\u00ed dod\u00e1vky)<\/li>\n<li>kulat\u00e9, pr\u00e1zdn\u00e9 kol\u00edky, velk\u00e9 kulat\u00e9 kol\u00edky<\/li>\n<\/ul>\n<p>Pod\u00edvejte se na obr\u00e1zky na\u0161ich produkt\u016f v\u00a0<a href=\"https:\/\/mp-molds.com\/index.php\/gallery\">galerie<\/a><\/p>","protected":false},"featured_media":50193,"comment_status":"open","ping_status":"closed","template":"","meta":[],"product_brand":[],"product_cat":[42,24],"product_tag":[],"class_list":{"0":"post-50192","1":"product","2":"type-product","3":"status-publish","4":"has-post-thumbnail","6":"product_cat-hp-hollow-points-molds","7":"product_cat-molds","8":"pa_dodatni_opis-brass-mold-for-hobby-hand-casting-set-contains-mold-allen-keys-metal-pins-e-clips","9":"pa_handles-included-no","10":"pa_manufacturer-mp-molds","11":"pa_material-brass","12":"pa_number-of-cavities-2-cavites","13":"pa_pb-bb-gc-hb-plain-base","14":"pa_polica-11-3","16":"first","17":"instock","18":"sale","19":"taxable","20":"shipping-taxable","21":"purchasable","22":"product-type-simple"},"_links":{"self":[{"href":"https:\/\/www.mp-molds.com\/cs\/wp-json\/wp\/v2\/product\/50192","targetHints":{"allow":["GET"]}}],"collection":[{"href":"https:\/\/www.mp-molds.com\/cs\/wp-json\/wp\/v2\/product"}],"about":[{"href":"https:\/\/www.mp-molds.com\/cs\/wp-json\/wp\/v2\/types\/product"}],"replies":[{"embeddable":true,"href":"https:\/\/www.mp-molds.com\/cs\/wp-json\/wp\/v2\/comments?post=50192"}],"wp:featuredmedia":[{"embeddable":true,"href":"https:\/\/www.mp-molds.com\/cs\/wp-json\/wp\/v2\/media\/50193"}],"wp:attachment":[{"href":"https:\/\/www.mp-molds.com\/cs\/wp-json\/wp\/v2\/media?parent=50192"}],"wp:term":[{"taxonomy":"product_brand","embeddable":true,"href":"https:\/\/www.mp-molds.com\/cs\/wp-json\/wp\/v2\/product_brand?post=50192"},{"taxonomy":"product_cat","embeddable":true,"href":"https:\/\/www.mp-molds.com\/cs\/wp-json\/wp\/v2\/product_cat?post=50192"},{"taxonomy":"product_tag","embeddable":true,"href":"https:\/\/www.mp-molds.com\/cs\/wp-json\/wp\/v2\/product_tag?post=50192"}],"curies":[{"name":"wp","href":"https:\/\/api.w.org\/{rel}","templated":true}]}}