{"id":50189,"date":"2019-09-23T11:46:10","date_gmt":"2019-09-23T09:46:10","guid":{"rendered":"https:\/\/www.mp-molds.com\/product\/mp-452-374-round-nose-flat-base-6-cavity-aluminum-mold-no-lube-groove-452-cal\/"},"modified":"2026-03-28T19:46:49","modified_gmt":"2026-03-28T18:46:49","slug":"mp-452-374-kulaty-nos-s-plochou-zakladnou-6-dutin-hlinikova-forma-bez-mazaci-drazky-452-cal","status":"publish","type":"product","link":"https:\/\/www.mp-molds.com\/cs\/product\/mp-452-374-round-nose-flat-base-6-cavity-aluminum-mold-no-lube-groove-452-cal\/","title":{"rendered":"MP 452-374, forma s kulat\u00fdm nosem a plochou z\u00e1kladnou, 6 dutin AL - bez mazac\u00ed dr\u00e1\u017eky (452)"},"content":{"rendered":"<ul>\n<li><strong>Odlitek .452 cal. - 230 grain solid<\/strong><\/li>\n<li>Ocelov\u00fd vtokov\u00fd plech<\/li>\n<li>Se\u0159izovac\u00ed \u010depy z kalen\u00e9 oceli<\/li>\n<li>imbusov\u00e9 kl\u00ed\u010de jsou sou\u010d\u00e1st\u00ed dod\u00e1vky<\/li>\n<li>Sou\u010d\u00e1st\u00ed dod\u00e1vky je horn\u00ed d\u011brova\u010d RCBS\/Lyman<\/li>\n<li>Pou\u017eijte rukoje\u0165 LEE 6 nebo\u00a0<a href=\"https:\/\/mp-molds.com\/index.php\/e-shop\/mp-handles\">\u00dachyty formy MP<\/a>\u00a0(NEN\u00cd sou\u010d\u00e1st\u00ed dod\u00e1vky)<\/li>\n<li>kulat\u00e9, p\u011btihrann\u00e9 a slep\u00e9 kol\u00edky, kulat\u00fd pln\u00fd kol\u00edk<\/li>\n<\/ul>\n<p>Pod\u00edvejte se na obr\u00e1zky na\u0161ich produkt\u016f v\u00a0<a href=\"https:\/\/mp-molds.com\/index.php\/gallery\">galerie<\/a><\/p>","protected":false},"excerpt":{"rendered":"<ul>\n<li><strong>Odlitek .452 cal. - 230 grain solid<\/strong><\/li>\n<li>Ocelov\u00fd vtokov\u00fd plech<\/li>\n<li>Se\u0159izovac\u00ed \u010depy z kalen\u00e9 oceli<\/li>\n<li>imbusov\u00e9 kl\u00ed\u010de jsou sou\u010d\u00e1st\u00ed dod\u00e1vky<\/li>\n<li>Sou\u010d\u00e1st\u00ed dod\u00e1vky je horn\u00ed d\u011brova\u010d RCBS\/Lyman<\/li>\n<li>Pou\u017eijte rukoje\u0165 LEE 6 nebo\u00a0<a href=\"https:\/\/mp-molds.com\/index.php\/e-shop\/mp-handles\">\u00dachyty formy MP<\/a>\u00a0(NEN\u00cd sou\u010d\u00e1st\u00ed dod\u00e1vky)<\/li>\n<li>kulat\u00e9, p\u011btihrann\u00e9 a slep\u00e9 kol\u00edky, kulat\u00fd pln\u00fd kol\u00edk<\/li>\n<\/ul>\n<p>Pod\u00edvejte se na obr\u00e1zky na\u0161ich produkt\u016f v\u00a0<a href=\"https:\/\/mp-molds.com\/index.php\/gallery\">galerie<\/a><\/p>","protected":false},"featured_media":50188,"comment_status":"open","ping_status":"closed","template":"","meta":[],"product_brand":[],"product_cat":[107,24,33],"product_tag":[438,439],"class_list":{"0":"post-50189","1":"product","2":"type-product","3":"status-publish","4":"has-post-thumbnail","6":"product_cat-alternative-coating-molds","7":"product_cat-molds","8":"product_cat-solid-molds","9":"product_tag-45acp","10":"product_tag-45colt","11":"pa_brand-mp-molds","12":"pa_caliber-as-cast-372","13":"pa_dodatni_opis-aluminum-mold-for-hobby-hand-casting-set-contains-mold-allen-keys-metal-pin-sprue-lever-handle","14":"pa_handles-included-no","15":"pa_manufacturer-mp-molds","16":"pa_material-aluminum","17":"pa_number-of-cavities-6-cavities","18":"pa_pb-bb-gc-hb-plain-base","19":"pa_polica-7-1","21":"first","22":"instock","23":"sale","24":"taxable","25":"shipping-taxable","26":"purchasable","27":"product-type-simple"},"_links":{"self":[{"href":"https:\/\/www.mp-molds.com\/cs\/wp-json\/wp\/v2\/product\/50189","targetHints":{"allow":["GET"]}}],"collection":[{"href":"https:\/\/www.mp-molds.com\/cs\/wp-json\/wp\/v2\/product"}],"about":[{"href":"https:\/\/www.mp-molds.com\/cs\/wp-json\/wp\/v2\/types\/product"}],"replies":[{"embeddable":true,"href":"https:\/\/www.mp-molds.com\/cs\/wp-json\/wp\/v2\/comments?post=50189"}],"wp:featuredmedia":[{"embeddable":true,"href":"https:\/\/www.mp-molds.com\/cs\/wp-json\/wp\/v2\/media\/50188"}],"wp:attachment":[{"href":"https:\/\/www.mp-molds.com\/cs\/wp-json\/wp\/v2\/media?parent=50189"}],"wp:term":[{"taxonomy":"product_brand","embeddable":true,"href":"https:\/\/www.mp-molds.com\/cs\/wp-json\/wp\/v2\/product_brand?post=50189"},{"taxonomy":"product_cat","embeddable":true,"href":"https:\/\/www.mp-molds.com\/cs\/wp-json\/wp\/v2\/product_cat?post=50189"},{"taxonomy":"product_tag","embeddable":true,"href":"https:\/\/www.mp-molds.com\/cs\/wp-json\/wp\/v2\/product_tag?post=50189"}],"curies":[{"name":"wp","href":"https:\/\/api.w.org\/{rel}","templated":true}]}}