{"id":50180,"date":"2019-09-23T13:19:39","date_gmt":"2019-09-23T11:19:39","guid":{"rendered":"https:\/\/www.mp-molds.com\/product\/314-140-sledgehammer-hollow-point-gas-check-4-cavity-mold\/"},"modified":"2026-03-06T10:14:57","modified_gmt":"2026-03-06T09:14:57","slug":"314-140-dute-kladivo-s-dutym-bodem-plynova-kontrola-4-dutinova-forma","status":"publish","type":"product","link":"https:\/\/www.mp-molds.com\/cs\/product\/314-140-sledgehammer-hollow-point-gas-check-4-cavity-mold\/","title":{"rendered":"314 (311)-140 Forma SledgeHammer, HP (v\u00edce mo\u017enost\u00ed)"},"content":{"rendered":"<ul>\n<li>odlitek o pr\u016fm\u011bru .314 nebo .311 se z\u00e1va\u017e\u00edmi ze slitiny (mohou se li\u0161it - z\u00e1vis\u00ed na slitin\u011b) - vyberte si r\u00e1\u017ei<\/li>\n<li>HP Small 138 zrn, Large 135 zrn<\/li>\n<li>141 zrn v pevn\u00e9m stavu<\/li>\n<li>0,400\u2033 meplat k lisovac\u00ed dr\u00e1\u017ece<\/li>\n<li>pro t\u011b\u017ek\u00e9 n\u00e1boje 32 magnum, 32-20 a nov\u00fd 327 Federal. Vykazuje u\u017eite\u010dnost pro n\u00e1boje 300BO, 30-30, 30 Carbine a 308 a 30-06 Plinker.<\/li>\n<li>Ocelov\u00fd vtokov\u00fd plech<\/li>\n<li>Se\u0159izovac\u00ed \u010depy z kalen\u00e9 oceli<\/li>\n<li>imbusov\u00e9 kl\u00ed\u010de jsou sou\u010d\u00e1st\u00ed dod\u00e1vky<\/li>\n<li>V\u010detn\u011b horn\u00edho d\u011brova\u010de RCBS\/Lyman<\/li>\n<li>Pou\u017eijte rukoje\u0165 LEE 6 dutin nebo rukojeti formy MP (NEJSOU sou\u010d\u00e1st\u00ed dod\u00e1vky).<\/li>\n<\/ul>\n<p>Pod\u00edvejte se na obr\u00e1zky na\u0161ich produkt\u016f v\u00a0<a href=\"https:\/\/www.mp-molds.com\/WooCommerce\/product\/9mm-38cal-swc-hg275-clone\/index.php\/gallery\">galerie<\/a><\/p>","protected":false},"excerpt":{"rendered":"<ul>\n<li>odlitek o pr\u016fm\u011bru .314 nebo .311 se z\u00e1va\u017e\u00edmi ze slitiny (mohou se li\u0161it - z\u00e1vis\u00ed na slitin\u011b) - vyberte si r\u00e1\u017ei<\/li>\n<li>HP Small 138 zrn, Large 135 zrn<\/li>\n<li>141 zrn v pevn\u00e9m stavu<\/li>\n<li>0,400\u2033 meplat k lisovac\u00ed dr\u00e1\u017ece<\/li>\n<li>pro t\u011b\u017ek\u00e9 n\u00e1boje 32 magnum, 32-20 a nov\u00fd 327 Federal. Vykazuje u\u017eite\u010dnost pro n\u00e1boje 300BO, 30-30, 30 Carbine a 308 a 30-06 Plinker.<\/li>\n<li>Ocelov\u00fd vtokov\u00fd plech<\/li>\n<li>Se\u0159izovac\u00ed \u010depy z kalen\u00e9 oceli<\/li>\n<li>imbusov\u00e9 kl\u00ed\u010de jsou sou\u010d\u00e1st\u00ed dod\u00e1vky<\/li>\n<li>V\u010detn\u011b horn\u00edho d\u011brova\u010de RCBS\/Lyman<\/li>\n<li>Pou\u017eijte rukoje\u0165 LEE 6 dutin nebo rukojeti formy MP (NEJSOU sou\u010d\u00e1st\u00ed dod\u00e1vky).<\/li>\n<\/ul>\n<p>Pod\u00edvejte se na obr\u00e1zky na\u0161ich produkt\u016f v\u00a0<a href=\"https:\/\/www.mp-molds.com\/WooCommerce\/product\/9mm-38cal-swc-hg275-clone\/index.php\/gallery\">galerie<\/a><\/p>","protected":false},"featured_media":50181,"comment_status":"open","ping_status":"open","template":"","meta":[],"product_brand":[],"product_cat":[42,24,56],"product_tag":[],"class_list":{"0":"post-50180","1":"product","2":"type-product","3":"status-publish","4":"has-post-thumbnail","6":"product_cat-hp-hollow-points-molds","7":"product_cat-molds","8":"product_cat-rifle-hp-molds","9":"pa_brand-mp-molds","10":"pa_caliber-as-cast-406","11":"pa_caliber-as-cast-389","12":"pa_dodatni_opis-brass-mold-for-hobby-hand-casting-set-contains-mold-allen-keys-metal-pins-e-clips","13":"pa_handles-included-no","14":"pa_manufacturer-mp-molds","15":"pa_material-brass","16":"pa_number-of-cavities-2-cavites","17":"pa_number-of-cavities-4-cavities","18":"pa_pb-bb-gc-hb-gas-check","19":"pa_pb-bb-gc-hb-plain-base","20":"pa_polica-0-0","21":"pa_polica-3-4","23":"first","24":"instock","25":"sale","26":"taxable","27":"shipping-taxable","28":"purchasable","29":"product-type-variable"},"_links":{"self":[{"href":"https:\/\/www.mp-molds.com\/cs\/wp-json\/wp\/v2\/product\/50180","targetHints":{"allow":["GET"]}}],"collection":[{"href":"https:\/\/www.mp-molds.com\/cs\/wp-json\/wp\/v2\/product"}],"about":[{"href":"https:\/\/www.mp-molds.com\/cs\/wp-json\/wp\/v2\/types\/product"}],"replies":[{"embeddable":true,"href":"https:\/\/www.mp-molds.com\/cs\/wp-json\/wp\/v2\/comments?post=50180"}],"wp:featuredmedia":[{"embeddable":true,"href":"https:\/\/www.mp-molds.com\/cs\/wp-json\/wp\/v2\/media\/50181"}],"wp:attachment":[{"href":"https:\/\/www.mp-molds.com\/cs\/wp-json\/wp\/v2\/media?parent=50180"}],"wp:term":[{"taxonomy":"product_brand","embeddable":true,"href":"https:\/\/www.mp-molds.com\/cs\/wp-json\/wp\/v2\/product_brand?post=50180"},{"taxonomy":"product_cat","embeddable":true,"href":"https:\/\/www.mp-molds.com\/cs\/wp-json\/wp\/v2\/product_cat?post=50180"},{"taxonomy":"product_tag","embeddable":true,"href":"https:\/\/www.mp-molds.com\/cs\/wp-json\/wp\/v2\/product_tag?post=50180"}],"curies":[{"name":"wp","href":"https:\/\/api.w.org\/{rel}","templated":true}]}}