{"id":50160,"date":"2019-09-22T08:34:21","date_gmt":"2019-09-22T06:34:21","guid":{"rendered":"https:\/\/www.mp-molds.com\/product\/10875\/"},"modified":"2026-03-17T21:29:32","modified_gmt":"2026-03-17T20:29:32","slug":"10875","status":"publish","type":"product","link":"https:\/\/www.mp-molds.com\/cs\/product\/10875\/","title":{"rendered":"MP 452-155 SWC Hladk\u00e1 z\u00e1kladna 6 dutin ALU formy"},"content":{"rendered":"<ul>\n<li>Odlitek r\u00e1\u017ee .453 - 155 grain solid<\/li>\n<li>6 hlin\u00edkov\u00fdch dutin<\/li>\n<li>Klon slavn\u00e9 formy HG<\/li>\n<li>Ocelov\u00fd vtokov\u00fd plech<\/li>\n<li>Se\u0159izovac\u00ed \u010depy z kalen\u00e9 oceli<\/li>\n<li>imbusov\u00e9 kl\u00ed\u010de jsou sou\u010d\u00e1st\u00ed dod\u00e1vky<\/li>\n<li>V\u010detn\u011b horn\u00edho d\u011brova\u010de RCBS\/Lyman<\/li>\n<li>Pou\u017eijte rukoje\u0165 LEE 6 nebo\u00a0<a href=\"https:\/\/mp-molds.com\/index.php\/e-shop\/mp-handles\">\u00dachyty formy MP<\/a>\u00a0(NEN\u00cd sou\u010d\u00e1st\u00ed dod\u00e1vky)<\/li>\n<\/ul>\n<p>Pod\u00edvejte se na obr\u00e1zky na\u0161ich produkt\u016f v\u00a0<a href=\"https:\/\/mp-molds.com\/index.php\/gallery\">galerie<\/a><\/p>","protected":false},"excerpt":{"rendered":"<ul>\n<li>Odlitek r\u00e1\u017ee .453 - 155 grain solid<\/li>\n<li>6 hlin\u00edkov\u00fdch dutin<\/li>\n<li>Klon slavn\u00e9 formy HG<\/li>\n<li>Ocelov\u00fd vtokov\u00fd plech<\/li>\n<li>Se\u0159izovac\u00ed \u010depy z kalen\u00e9 oceli<\/li>\n<li>imbusov\u00e9 kl\u00ed\u010de jsou sou\u010d\u00e1st\u00ed dod\u00e1vky<\/li>\n<li>V\u010detn\u011b horn\u00edho d\u011brova\u010de RCBS\/Lyman<\/li>\n<li>Pou\u017eijte rukoje\u0165 LEE 6 nebo\u00a0<a href=\"https:\/\/mp-molds.com\/index.php\/e-shop\/mp-handles\">\u00dachyty formy MP<\/a>\u00a0(NEN\u00cd sou\u010d\u00e1st\u00ed dod\u00e1vky)<\/li>\n<\/ul>\n<p>Pod\u00edvejte se na obr\u00e1zky na\u0161ich produkt\u016f v\u00a0<a href=\"https:\/\/mp-molds.com\/index.php\/gallery\">galerie<\/a><\/p>","protected":false},"featured_media":50161,"comment_status":"open","ping_status":"open","template":"","meta":[],"product_brand":[],"product_cat":[24,33],"product_tag":[438,439],"class_list":{"0":"post-50160","1":"product","2":"type-product","3":"status-publish","4":"has-post-thumbnail","6":"product_cat-molds","7":"product_cat-solid-molds","8":"product_tag-45acp","9":"product_tag-45colt","10":"pa_brand-mp-molds","11":"pa_caliber-as-cast-372","12":"pa_dodatni_opis-aluminum-mold-for-hobby-hand-casting-set-contains-mold-allen-keys-metal-pin-sprue-lever-handle","13":"pa_handles-included-no","14":"pa_manufacturer-mp-molds","15":"pa_material-aluminum","16":"pa_number-of-cavities-6-cavities","17":"pa_pb-bb-gc-hb-plain-base","18":"pa_polica-12-2","20":"first","21":"instock","22":"sale","23":"taxable","24":"shipping-taxable","25":"purchasable","26":"product-type-simple"},"_links":{"self":[{"href":"https:\/\/www.mp-molds.com\/cs\/wp-json\/wp\/v2\/product\/50160","targetHints":{"allow":["GET"]}}],"collection":[{"href":"https:\/\/www.mp-molds.com\/cs\/wp-json\/wp\/v2\/product"}],"about":[{"href":"https:\/\/www.mp-molds.com\/cs\/wp-json\/wp\/v2\/types\/product"}],"replies":[{"embeddable":true,"href":"https:\/\/www.mp-molds.com\/cs\/wp-json\/wp\/v2\/comments?post=50160"}],"wp:featuredmedia":[{"embeddable":true,"href":"https:\/\/www.mp-molds.com\/cs\/wp-json\/wp\/v2\/media\/50161"}],"wp:attachment":[{"href":"https:\/\/www.mp-molds.com\/cs\/wp-json\/wp\/v2\/media?parent=50160"}],"wp:term":[{"taxonomy":"product_brand","embeddable":true,"href":"https:\/\/www.mp-molds.com\/cs\/wp-json\/wp\/v2\/product_brand?post=50160"},{"taxonomy":"product_cat","embeddable":true,"href":"https:\/\/www.mp-molds.com\/cs\/wp-json\/wp\/v2\/product_cat?post=50160"},{"taxonomy":"product_tag","embeddable":true,"href":"https:\/\/www.mp-molds.com\/cs\/wp-json\/wp\/v2\/product_tag?post=50160"}],"curies":[{"name":"wp","href":"https:\/\/api.w.org\/{rel}","templated":true}]}}