{"id":50144,"date":"2019-09-22T07:30:45","date_gmt":"2019-09-22T05:30:45","guid":{"rendered":"https:\/\/www.mp-molds.com\/product\/9mm-38cal-swc-hg275-clone-8-cavity-bevel-basemold\/"},"modified":"2026-03-27T16:45:06","modified_gmt":"2026-03-27T15:45:06","slug":"9mm-38cal-swc-hg275-clone-8-dutinova-zkosena-zakladni-forma","status":"publish","type":"product","link":"https:\/\/www.mp-molds.com\/cs\/product\/9mm-38cal-swc-hg275-clone-8-cavity-bevel-basemold\/","title":{"rendered":"9 nebo 38 SWC - HG275 Clone 8 Cavity Bevel base form"},"content":{"rendered":"<ul>\n<li>odlitek o pr\u016fm\u011bru .359 se z\u00e1va\u017e\u00edm na kolo ze slitiny (m\u016f\u017ee se li\u0161it - z\u00e1vis\u00ed na slitin\u011b)<\/li>\n<li>Slavn\u00fd klon HG#275<\/li>\n<li>130 zrn (z\u00e1vis\u00ed na slitin\u011b)<\/li>\n<li>8 dutin<\/li>\n<li>Ocelov\u00fd vtokov\u00fd plech<\/li>\n<li>Se\u0159izovac\u00ed \u010depy z kalen\u00e9 oceli<\/li>\n<li>imbusov\u00e9 kl\u00ed\u010de jsou sou\u010d\u00e1st\u00ed dod\u00e1vky<\/li>\n<li>V\u010detn\u011b horn\u00edho d\u011brova\u010de RCBS\/Lyman<\/li>\n<li>Pou\u017eijte rukoje\u0165 LEE 6 dutin nebo rukojeti formy MP (NEJSOU sou\u010d\u00e1st\u00ed dod\u00e1vky).<\/li>\n<\/ul>\n<p>Pod\u00edvejte se na obr\u00e1zky na\u0161ich produkt\u016f v\u00a0<a href=\"https:\/\/www.mp-molds.com\/WooCommerce\/product\/9mm-38cal-swc-hg275-clone\/index.php\/gallery\">galerie<\/a><\/p>","protected":false},"excerpt":{"rendered":"<ul>\n<li>odlitek o pr\u016fm\u011bru .359 se z\u00e1va\u017e\u00edm na kolo ze slitiny (m\u016f\u017ee se li\u0161it - z\u00e1vis\u00ed na slitin\u011b)<\/li>\n<li>Slavn\u00fd klon HG#275<\/li>\n<li>130 zrn (z\u00e1vis\u00ed na slitin\u011b)<\/li>\n<li>8 dutin<\/li>\n<li>Ocelov\u00fd vtokov\u00fd plech<\/li>\n<li>Se\u0159izovac\u00ed \u010depy z kalen\u00e9 oceli<\/li>\n<li>imbusov\u00e9 kl\u00ed\u010de jsou sou\u010d\u00e1st\u00ed dod\u00e1vky<\/li>\n<li>V\u010detn\u011b horn\u00edho d\u011brova\u010de RCBS\/Lyman<\/li>\n<li>Pou\u017eijte rukoje\u0165 LEE 6 dutin nebo rukojeti formy MP (NEJSOU sou\u010d\u00e1st\u00ed dod\u00e1vky).<\/li>\n<\/ul>\n<p>Pod\u00edvejte se na obr\u00e1zky na\u0161ich produkt\u016f v\u00a0<a href=\"https:\/\/www.mp-molds.com\/WooCommerce\/product\/9mm-38cal-swc-hg275-clone\/index.php\/gallery\">galerie<\/a><\/p>","protected":false},"featured_media":50145,"comment_status":"open","ping_status":"closed","template":"","meta":[],"product_brand":[],"product_cat":[24,33],"product_tag":[47,434,435,185,443,186,48,444],"class_list":{"0":"post-50144","1":"product","2":"type-product","3":"status-publish","4":"has-post-thumbnail","6":"product_cat-molds","7":"product_cat-solid-molds","8":"product_tag-380-acp","9":"product_tag-357magnum","10":"product_tag-357sig","11":"product_tag-38-spl","12":"product_tag-38super","13":"product_tag-9mm","14":"product_tag-9x17","15":"product_tag-9x21","16":"pa_brand-mp-molds","17":"pa_caliber-as-cast-370","18":"pa_dodatni_opis-aluminum-mold-for-hobby-hand-casting-set-contains-mold-allen-keys-metal-pin-sprue-lever-handle","19":"pa_handles-included-no","20":"pa_manufacturer-mp-molds","21":"pa_material-aluminum","22":"pa_number-of-cavities-8-cavities","23":"pa_pb-bb-gc-hb-bevel-base","24":"pa_polica-6-4","26":"first","27":"instock","28":"sale","29":"taxable","30":"shipping-taxable","31":"purchasable","32":"product-type-simple"},"_links":{"self":[{"href":"https:\/\/www.mp-molds.com\/cs\/wp-json\/wp\/v2\/product\/50144","targetHints":{"allow":["GET"]}}],"collection":[{"href":"https:\/\/www.mp-molds.com\/cs\/wp-json\/wp\/v2\/product"}],"about":[{"href":"https:\/\/www.mp-molds.com\/cs\/wp-json\/wp\/v2\/types\/product"}],"replies":[{"embeddable":true,"href":"https:\/\/www.mp-molds.com\/cs\/wp-json\/wp\/v2\/comments?post=50144"}],"wp:featuredmedia":[{"embeddable":true,"href":"https:\/\/www.mp-molds.com\/cs\/wp-json\/wp\/v2\/media\/50145"}],"wp:attachment":[{"href":"https:\/\/www.mp-molds.com\/cs\/wp-json\/wp\/v2\/media?parent=50144"}],"wp:term":[{"taxonomy":"product_brand","embeddable":true,"href":"https:\/\/www.mp-molds.com\/cs\/wp-json\/wp\/v2\/product_brand?post=50144"},{"taxonomy":"product_cat","embeddable":true,"href":"https:\/\/www.mp-molds.com\/cs\/wp-json\/wp\/v2\/product_cat?post=50144"},{"taxonomy":"product_tag","embeddable":true,"href":"https:\/\/www.mp-molds.com\/cs\/wp-json\/wp\/v2\/product_tag?post=50144"}],"curies":[{"name":"wp","href":"https:\/\/api.w.org\/{rel}","templated":true}]}}