{"id":50136,"date":"2019-09-22T06:58:30","date_gmt":"2019-09-22T04:58:30","guid":{"rendered":"https:\/\/www.mp-molds.com\/product\/32-wad-cutter-8-cavity-aluminum-mold\/"},"modified":"2026-04-22T16:37:24","modified_gmt":"2026-04-22T14:37:24","slug":"32-rezacek-na-vatu-8-dutin-hlinikove-formy","status":"publish","type":"product","link":"https:\/\/www.mp-molds.com\/cs\/product\/32-wad-cutter-8-cavity-aluminum-mold\/","title":{"rendered":"32 WC 8 dutinov\u00e1 forma AL"},"content":{"rendered":"<ul>\n<li>Odlitek r\u00e1\u017ee .314 - 98 grain solid<\/li>\n<li>Ocelov\u00fd vtokov\u00fd plech<\/li>\n<li>Se\u0159izovac\u00ed \u010depy z kalen\u00e9 oceli<\/li>\n<li>imbusov\u00e9 kl\u00ed\u010de jsou sou\u010d\u00e1st\u00ed dod\u00e1vky<\/li>\n<li>V\u010detn\u011b horn\u00edho d\u011brova\u010de RCBS\/Lyman<\/li>\n<li>Pou\u017eijte rukoje\u0165 LEE 6 dutin nebo rukojeti formy MP (NEJSOU sou\u010d\u00e1st\u00ed dod\u00e1vky).<\/li>\n<\/ul>\n<p>Pod\u00edvejte se na obr\u00e1zky na\u0161ich produkt\u016f v\u00a0<a href=\"https:\/\/www.mp-molds.com\/WooCommerce\/product\/mp-hg50-hbwc-38-357\/index.php\/gallery\">galerie<\/a><\/p>","protected":false},"excerpt":{"rendered":"<ul>\n<li>Odlitek r\u00e1\u017ee .314 - 98 grain solid<\/li>\n<li>Ocelov\u00fd vtokov\u00fd plech<\/li>\n<li>Se\u0159izovac\u00ed \u010depy z kalen\u00e9 oceli<\/li>\n<li>imbusov\u00e9 kl\u00ed\u010de jsou sou\u010d\u00e1st\u00ed dod\u00e1vky<\/li>\n<li>V\u010detn\u011b horn\u00edho d\u011brova\u010de RCBS\/Lyman<\/li>\n<li>Pou\u017eijte rukoje\u0165 LEE 6 dutin nebo rukojeti formy MP (NEJSOU sou\u010d\u00e1st\u00ed dod\u00e1vky).<\/li>\n<\/ul>\n<p>Pod\u00edvejte se na obr\u00e1zky na\u0161ich produkt\u016f v\u00a0<a href=\"https:\/\/www.mp-molds.com\/WooCommerce\/product\/mp-hg50-hbwc-38-357\/index.php\/gallery\">galerie<\/a><\/p>","protected":false},"featured_media":50137,"comment_status":"open","ping_status":"closed","template":"","meta":[],"product_brand":[],"product_cat":[24,33],"product_tag":[492,442],"class_list":{"0":"post-50136","1":"product","2":"type-product","3":"status-publish","4":"has-post-thumbnail","6":"product_cat-molds","7":"product_cat-solid-molds","8":"product_tag-32-long-colt","9":"product_tag-32sw","10":"pa_brand-mp-molds","11":"pa_caliber-as-cast-389","12":"pa_dodatni_opis-aluminum-mold-for-hobby-hand-casting-set-contains-mold-allen-keys-metal-pin-sprue-lever-handle","13":"pa_handles-included-no","14":"pa_manufacturer-mp-molds","15":"pa_material-aluminum","16":"pa_number-of-cavities-8-cavities","17":"pa_polica-1-4","19":"first","20":"instock","21":"sale","22":"taxable","23":"shipping-taxable","24":"purchasable","25":"product-type-simple"},"_links":{"self":[{"href":"https:\/\/www.mp-molds.com\/cs\/wp-json\/wp\/v2\/product\/50136","targetHints":{"allow":["GET"]}}],"collection":[{"href":"https:\/\/www.mp-molds.com\/cs\/wp-json\/wp\/v2\/product"}],"about":[{"href":"https:\/\/www.mp-molds.com\/cs\/wp-json\/wp\/v2\/types\/product"}],"replies":[{"embeddable":true,"href":"https:\/\/www.mp-molds.com\/cs\/wp-json\/wp\/v2\/comments?post=50136"}],"wp:featuredmedia":[{"embeddable":true,"href":"https:\/\/www.mp-molds.com\/cs\/wp-json\/wp\/v2\/media\/50137"}],"wp:attachment":[{"href":"https:\/\/www.mp-molds.com\/cs\/wp-json\/wp\/v2\/media?parent=50136"}],"wp:term":[{"taxonomy":"product_brand","embeddable":true,"href":"https:\/\/www.mp-molds.com\/cs\/wp-json\/wp\/v2\/product_brand?post=50136"},{"taxonomy":"product_cat","embeddable":true,"href":"https:\/\/www.mp-molds.com\/cs\/wp-json\/wp\/v2\/product_cat?post=50136"},{"taxonomy":"product_tag","embeddable":true,"href":"https:\/\/www.mp-molds.com\/cs\/wp-json\/wp\/v2\/product_tag?post=50136"}],"curies":[{"name":"wp","href":"https:\/\/api.w.org\/{rel}","templated":true}]}}