{"id":50132,"date":"2019-09-17T08:18:34","date_gmt":"2019-09-17T06:18:34","guid":{"rendered":"https:\/\/www.mp-molds.com\/product\/sprue-lever\/"},"modified":"2026-04-06T15:27:02","modified_gmt":"2026-04-06T13:27:02","slug":"vtokove-paky","status":"publish","type":"product","link":"https:\/\/www.mp-molds.com\/cs\/product\/sprue-lever\/","title":{"rendered":"P\u00e1ka vtoku"},"content":{"rendered":"<ul>\n<li>Laserem \u0159ezan\u00e1 ocelov\u00e1 p\u00e1ka<\/li>\n<li>D\u0159ev\u011bn\u00e1 rukoje\u0165<\/li>\n<li>Sada \u0161roub\u016f<\/li>\n<\/ul>\n<p>&nbsp;<\/p>","protected":false},"excerpt":{"rendered":"<ul>\n<li>Laserem \u0159ezan\u00e1 ocelov\u00e1 p\u00e1ka<\/li>\n<li>D\u0159ev\u011bn\u00e1 rukoje\u0165<\/li>\n<li>Sada \u0161roub\u016f<\/li>\n<\/ul>","protected":false},"featured_media":50133,"comment_status":"open","ping_status":"closed","template":"","meta":[],"product_brand":[],"product_cat":[139],"product_tag":[490],"class_list":{"0":"post-50132","1":"product","2":"type-product","3":"status-publish","4":"has-post-thumbnail","6":"product_cat-spare-parts","7":"product_tag-sprue","8":"pa_brand-mp-molds","9":"pa_dodatni_opis-spare-sprue-lever-metal-and-wood","10":"pa_manufacturer-mp-molds","11":"pa_material-c45-steel-blued","13":"first","14":"instock","15":"sale","16":"taxable","17":"shipping-taxable","18":"purchasable","19":"product-type-simple"},"_links":{"self":[{"href":"https:\/\/www.mp-molds.com\/cs\/wp-json\/wp\/v2\/product\/50132","targetHints":{"allow":["GET"]}}],"collection":[{"href":"https:\/\/www.mp-molds.com\/cs\/wp-json\/wp\/v2\/product"}],"about":[{"href":"https:\/\/www.mp-molds.com\/cs\/wp-json\/wp\/v2\/types\/product"}],"replies":[{"embeddable":true,"href":"https:\/\/www.mp-molds.com\/cs\/wp-json\/wp\/v2\/comments?post=50132"}],"wp:featuredmedia":[{"embeddable":true,"href":"https:\/\/www.mp-molds.com\/cs\/wp-json\/wp\/v2\/media\/50133"}],"wp:attachment":[{"href":"https:\/\/www.mp-molds.com\/cs\/wp-json\/wp\/v2\/media?parent=50132"}],"wp:term":[{"taxonomy":"product_brand","embeddable":true,"href":"https:\/\/www.mp-molds.com\/cs\/wp-json\/wp\/v2\/product_brand?post=50132"},{"taxonomy":"product_cat","embeddable":true,"href":"https:\/\/www.mp-molds.com\/cs\/wp-json\/wp\/v2\/product_cat?post=50132"},{"taxonomy":"product_tag","embeddable":true,"href":"https:\/\/www.mp-molds.com\/cs\/wp-json\/wp\/v2\/product_tag?post=50132"}],"curies":[{"name":"wp","href":"https:\/\/api.w.org\/{rel}","templated":true}]}}