{"id":50124,"date":"2019-09-16T17:48:57","date_gmt":"2019-09-16T15:48:57","guid":{"rendered":"https:\/\/www.mp-molds.com\/product\/round-ball-330-8-cavity-aluminum-mold\/"},"modified":"2026-04-30T23:57:33","modified_gmt":"2026-04-30T21:57:33","slug":"kulata-koule-330-8-dutin-hlinikove-formy","status":"publish","type":"product","link":"https:\/\/www.mp-molds.com\/cs\/product\/round-ball-330-8-cavity-aluminum-mold\/","title":{"rendered":"Kulat\u00e1 kuli\u010dka .330, 8 dutinov\u00e1 forma AL"},"content":{"rendered":"<ul>\n<li>Forma odl\u00e9v\u00e1 pr\u016fm\u011br .330 se slitinou kolov\u00fdch z\u00e1va\u017e\u00ed (m\u016f\u017ee se li\u0161it - z\u00e1le\u017e\u00ed na slitin\u011b)<\/li>\n<li>8 dutin<\/li>\n<li>Ocelov\u00fd vtokov\u00fd plech<\/li>\n<li>Se\u0159izovac\u00ed \u010depy z kalen\u00e9 oceli<\/li>\n<li>imbusov\u00e9 kl\u00ed\u010de jsou sou\u010d\u00e1st\u00ed dod\u00e1vky<\/li>\n<li>Pou\u017eijte rukoje\u0165 LEE 6 dutin nebo rukojeti formy MP (NEJSOU sou\u010d\u00e1st\u00ed dod\u00e1vky).<\/li>\n<li>Vzorek maziva na vtoky je sou\u010d\u00e1st\u00ed dod\u00e1vky (15 ml)<\/li>\n<\/ul>\n<p>Pod\u00edvejte se na obr\u00e1zky na\u0161ich produkt\u016f v\u00a0<a href=\"https:\/\/www.mp-molds.com\/WooCommerce\/product\/552-mm-air-rifle-pellet-8-cav-mold\/index.php\/gallery\">galerie<\/a><\/p>","protected":false},"excerpt":{"rendered":"<ul>\n<li>Forma odl\u00e9v\u00e1 pr\u016fm\u011br .330 se slitinou kolov\u00fdch z\u00e1va\u017e\u00ed (m\u016f\u017ee se li\u0161it - z\u00e1le\u017e\u00ed na slitin\u011b)<\/li>\n<li>8 dutin<\/li>\n<li>Ocelov\u00fd vtokov\u00fd plech<\/li>\n<li>Se\u0159izovac\u00ed \u010depy z kalen\u00e9 oceli<\/li>\n<li>imbusov\u00e9 kl\u00ed\u010de jsou sou\u010d\u00e1st\u00ed dod\u00e1vky<\/li>\n<li>Pou\u017eijte rukoje\u0165 LEE 6 dutin nebo rukojeti formy MP (NEJSOU sou\u010d\u00e1st\u00ed dod\u00e1vky).<\/li>\n<\/ul>\n<p>Pod\u00edvejte se na obr\u00e1zky na\u0161ich produkt\u016f v\u00a0<a href=\"https:\/\/www.mp-molds.com\/WooCommerce\/product\/552-mm-air-rifle-pellet-8-cav-mold\/index.php\/gallery\">galerie<\/a><\/p>","protected":false},"featured_media":50093,"comment_status":"open","ping_status":"closed","template":"","meta":[],"product_brand":[],"product_cat":[24,134,69],"product_tag":[485],"class_list":{"0":"post-50124","1":"product","2":"type-product","3":"status-publish","4":"has-post-thumbnail","6":"product_cat-molds","7":"product_cat-round-ball-molds","8":"product_cat-shot-gun-molds","9":"product_tag-ball","10":"pa_brand-mp-molds","11":"pa_caliber-as-cast-402","12":"pa_caliber-as-cast-12-ga","13":"pa_dodatni_opis-aluminum-mold-for-hobby-hand-casting-set-contains-mold-allen-keys-metal-pin-sprue-lever-handle","14":"pa_handles-included-no","15":"pa_manufacturer-mp-molds","16":"pa_material-aluminum","17":"pa_number-of-cavities-8-cavities","18":"pa_polica-1-5","20":"first","21":"instock","22":"sale","23":"taxable","24":"shipping-taxable","25":"purchasable","26":"product-type-simple"},"_links":{"self":[{"href":"https:\/\/www.mp-molds.com\/cs\/wp-json\/wp\/v2\/product\/50124","targetHints":{"allow":["GET"]}}],"collection":[{"href":"https:\/\/www.mp-molds.com\/cs\/wp-json\/wp\/v2\/product"}],"about":[{"href":"https:\/\/www.mp-molds.com\/cs\/wp-json\/wp\/v2\/types\/product"}],"replies":[{"embeddable":true,"href":"https:\/\/www.mp-molds.com\/cs\/wp-json\/wp\/v2\/comments?post=50124"}],"wp:featuredmedia":[{"embeddable":true,"href":"https:\/\/www.mp-molds.com\/cs\/wp-json\/wp\/v2\/media\/50093"}],"wp:attachment":[{"href":"https:\/\/www.mp-molds.com\/cs\/wp-json\/wp\/v2\/media?parent=50124"}],"wp:term":[{"taxonomy":"product_brand","embeddable":true,"href":"https:\/\/www.mp-molds.com\/cs\/wp-json\/wp\/v2\/product_brand?post=50124"},{"taxonomy":"product_cat","embeddable":true,"href":"https:\/\/www.mp-molds.com\/cs\/wp-json\/wp\/v2\/product_cat?post=50124"},{"taxonomy":"product_tag","embeddable":true,"href":"https:\/\/www.mp-molds.com\/cs\/wp-json\/wp\/v2\/product_tag?post=50124"}],"curies":[{"name":"wp","href":"https:\/\/api.w.org\/{rel}","templated":true}]}}