{"id":50112,"date":"2019-09-16T17:29:28","date_gmt":"2019-09-16T15:29:28","guid":{"rendered":"https:\/\/www.mp-molds.com\/product\/sprue-plate-4-cavity-lenght-115-mm-replacment-set\/"},"modified":"2026-03-06T10:14:26","modified_gmt":"2026-03-06T09:14:26","slug":"nahradni-sada-pro-vtokovou-desku-4-dutiny-o-delce-115-mm","status":"publish","type":"product","link":"https:\/\/www.mp-molds.com\/cs\/product\/sprue-plate-4-cavity-lenght-115-mm-replacment-set\/","title":{"rendered":"N\u00e1hradn\u00ed sada vtokov\u00e9 desky - 4 dutiny (d\u00e9lka 115 mm)"},"content":{"rendered":"<ul>\n<li>Ocelov\u00fd vtokov\u00fd plech<\/li>\n<li>Modr\u00fd<\/li>\n<li>Pr\u016fm\u011br vtokov\u00fdch otvor\u016f 4 mm<\/li>\n<li>\u0160roub, pouzdro a vlnovcov\u00e1 podlo\u017eka jsou sou\u010d\u00e1st\u00ed dod\u00e1vky<\/li>\n<\/ul>","protected":false},"excerpt":{"rendered":"<ul>\n<li>Ocelov\u00fd vtokov\u00fd plech<\/li>\n<li>Modr\u00fd<\/li>\n<li>Pr\u016fm\u011br vtokov\u00fdch otvor\u016f 4 mm<\/li>\n<li>\u0160roub, pouzdro a vlnovcov\u00e1 podlo\u017eka jsou sou\u010d\u00e1st\u00ed dod\u00e1vky<\/li>\n<\/ul>","protected":false},"featured_media":50113,"comment_status":"open","ping_status":"open","template":"","meta":[],"product_brand":[],"product_cat":[139],"product_tag":[490],"class_list":{"0":"post-50112","1":"product","2":"type-product","3":"status-publish","4":"has-post-thumbnail","6":"product_cat-spare-parts","7":"product_tag-sprue","8":"pa_brand-mp-molds","9":"pa_dodatni_opis-spare-sprue-plate-set-of-metal-plate-and-screws","10":"pa_manufacturer-mp-molds","11":"pa_material-c45-steel-blued","13":"first","14":"instock","15":"sale","16":"taxable","17":"shipping-taxable","18":"purchasable","19":"product-type-simple"},"_links":{"self":[{"href":"https:\/\/www.mp-molds.com\/cs\/wp-json\/wp\/v2\/product\/50112","targetHints":{"allow":["GET"]}}],"collection":[{"href":"https:\/\/www.mp-molds.com\/cs\/wp-json\/wp\/v2\/product"}],"about":[{"href":"https:\/\/www.mp-molds.com\/cs\/wp-json\/wp\/v2\/types\/product"}],"replies":[{"embeddable":true,"href":"https:\/\/www.mp-molds.com\/cs\/wp-json\/wp\/v2\/comments?post=50112"}],"wp:featuredmedia":[{"embeddable":true,"href":"https:\/\/www.mp-molds.com\/cs\/wp-json\/wp\/v2\/media\/50113"}],"wp:attachment":[{"href":"https:\/\/www.mp-molds.com\/cs\/wp-json\/wp\/v2\/media?parent=50112"}],"wp:term":[{"taxonomy":"product_brand","embeddable":true,"href":"https:\/\/www.mp-molds.com\/cs\/wp-json\/wp\/v2\/product_brand?post=50112"},{"taxonomy":"product_cat","embeddable":true,"href":"https:\/\/www.mp-molds.com\/cs\/wp-json\/wp\/v2\/product_cat?post=50112"},{"taxonomy":"product_tag","embeddable":true,"href":"https:\/\/www.mp-molds.com\/cs\/wp-json\/wp\/v2\/product_tag?post=50112"}],"curies":[{"name":"wp","href":"https:\/\/api.w.org\/{rel}","templated":true}]}}