{"id":50075,"date":"2019-06-04T14:42:34","date_gmt":"2019-06-04T12:42:34","guid":{"rendered":"https:\/\/www.mp-molds.com\/product\/mp-357-125-hp-pb-4-cav-no-lube-groove\/"},"modified":"2026-04-15T10:45:53","modified_gmt":"2026-04-15T08:45:53","slug":"mp-357-125-hp-pb-4-cav-bez-mazaci-drazky","status":"publish","type":"product","link":"https:\/\/www.mp-molds.com\/cs\/product\/mp-357-125-hp-pb-4-cav-no-lube-groove\/","title":{"rendered":"MP 357-125 HP PB 4 dutiny NO LUBE GROOVE forma"},"content":{"rendered":"<ul>\n<li>Odlitek r\u00e1\u017ee .357 - 130 dut\u00fdch bod\u016f nebo 135 grain pevn\u00fdch bod\u016f<\/li>\n<li>Pro pou\u017eit\u00ed i v r\u00e1\u017ei 9 mm. Snadno zv\u011bt\u0161uje a\u017e do pr\u016fm\u011bru .356.<\/li>\n<li>Ocelov\u00fd vtokov\u00fd plech<\/li>\n<li>Se\u0159izovac\u00ed \u010depy z kalen\u00e9 oceli<\/li>\n<li>imbusov\u00e9 kl\u00ed\u010de jsou sou\u010d\u00e1st\u00ed dod\u00e1vky<\/li>\n<li>V\u010detn\u011b horn\u00edho d\u011brova\u010de RCBS\/Lyman<\/li>\n<li>Pou\u017eijte rukoje\u0165 LEE 6 dutin nebo rukojeti formy MP (NEJSOU sou\u010d\u00e1st\u00ed dod\u00e1vky).<\/li>\n<li>dut\u00e9 a slep\u00e9 kol\u00edky<\/li>\n<\/ul>\n<p>Pod\u00edvejte se na obr\u00e1zky na\u0161ich produkt\u016f v <a href=\"index.php\/gallery\">galerie<\/a><\/p>","protected":false},"excerpt":{"rendered":"<ul>\n<li>Odlitek r\u00e1\u017ee .357 - 130 dut\u00fdch nebo 135 pln\u00fdch zrn<\/li>\n<li>Pro pou\u017eit\u00ed i v r\u00e1\u017ei 9 mm. Snadno zv\u011bt\u0161uje a\u017e do pr\u016fm\u011bru .356.<\/li>\n<li>Ocelov\u00fd vtokov\u00fd plech<\/li>\n<li>Se\u0159izovac\u00ed \u010depy z kalen\u00e9 oceli<\/li>\n<li>imbusov\u00e9 kl\u00ed\u010de jsou sou\u010d\u00e1st\u00ed dod\u00e1vky<\/li>\n<li>V\u010detn\u011b horn\u00edho d\u011brova\u010de RCBS\/Lyman<\/li>\n<li>Pou\u017eijte rukoje\u0165 LEE 6 dutin nebo rukojeti formy MP (NEJSOU sou\u010d\u00e1st\u00ed dod\u00e1vky).<\/li>\n<li>dut\u00e9 a slep\u00e9 kol\u00edky<\/li>\n<\/ul>\n<p>Pod\u00edvejte se na obr\u00e1zky na\u0161ich produkt\u016f v <a href=\"index.php\/gallery\">galerie<\/a><\/p>","protected":false},"featured_media":50032,"comment_status":"open","ping_status":"closed","template":"","meta":[],"product_brand":[],"product_cat":[107,42,24,43],"product_tag":[443,186,48,444],"class_list":{"0":"post-50075","1":"product","2":"type-product","3":"status-publish","4":"has-post-thumbnail","6":"product_cat-alternative-coating-molds","7":"product_cat-hp-hollow-points-molds","8":"product_cat-molds","9":"product_cat-pistol-hp-molds","10":"product_tag-38super","11":"product_tag-9mm","12":"product_tag-9x17","13":"product_tag-9x21","14":"pa_caliber-as-cast-397","15":"pa_dodatni_opis-brass-mold-for-hobby-hand-casting-set-contains-mold-allen-keys-metal-pin","16":"pa_dodatni_opis-brass-mold-for-hobby-hand-casting-set-contains-mold-allen-keys-metal-pins-e-clips","17":"pa_handles-included-no","18":"pa_manufacturer-mp-molds","19":"pa_material-brass","20":"pa_number-of-cavities-4-cavities","21":"pa_pb-bb-gc-hb-plain-base","22":"pa_polica-3-4","24":"first","25":"instock","26":"sale","27":"taxable","28":"shipping-taxable","29":"purchasable","30":"product-type-simple"},"_links":{"self":[{"href":"https:\/\/www.mp-molds.com\/cs\/wp-json\/wp\/v2\/product\/50075","targetHints":{"allow":["GET"]}}],"collection":[{"href":"https:\/\/www.mp-molds.com\/cs\/wp-json\/wp\/v2\/product"}],"about":[{"href":"https:\/\/www.mp-molds.com\/cs\/wp-json\/wp\/v2\/types\/product"}],"replies":[{"embeddable":true,"href":"https:\/\/www.mp-molds.com\/cs\/wp-json\/wp\/v2\/comments?post=50075"}],"wp:featuredmedia":[{"embeddable":true,"href":"https:\/\/www.mp-molds.com\/cs\/wp-json\/wp\/v2\/media\/50032"}],"wp:attachment":[{"href":"https:\/\/www.mp-molds.com\/cs\/wp-json\/wp\/v2\/media?parent=50075"}],"wp:term":[{"taxonomy":"product_brand","embeddable":true,"href":"https:\/\/www.mp-molds.com\/cs\/wp-json\/wp\/v2\/product_brand?post=50075"},{"taxonomy":"product_cat","embeddable":true,"href":"https:\/\/www.mp-molds.com\/cs\/wp-json\/wp\/v2\/product_cat?post=50075"},{"taxonomy":"product_tag","embeddable":true,"href":"https:\/\/www.mp-molds.com\/cs\/wp-json\/wp\/v2\/product_tag?post=50075"}],"curies":[{"name":"wp","href":"https:\/\/api.w.org\/{rel}","templated":true}]}}