{"id":50067,"date":"2019-06-04T14:42:33","date_gmt":"2019-06-04T12:42:33","guid":{"rendered":"https:\/\/www.mp-molds.com\/product\/635-mm-air-rifle-pellet-8-cav-mold\/"},"modified":"2026-04-17T10:08:04","modified_gmt":"2026-04-17T08:08:04","slug":"635-mm-vzduchova-puska-pelet-8-cav-forma","status":"publish","type":"product","link":"https:\/\/www.mp-molds.com\/cs\/product\/635-mm-air-rifle-pellet-8-cav-mold\/","title":{"rendered":"Vzduchov\u00e1 peleta 6,35 mm - 8 dutinov\u00e1 AL forma"},"content":{"rendered":"<ul>\n<li>Forma se odl\u00e9v\u00e1 s pr\u016fm\u011brem 6,35 mm s v\u00e1hou slitiny kol (m\u016f\u017ee se li\u0161it - z\u00e1le\u017e\u00ed na slitin\u011b)<\/li>\n<li>47 grains (m\u016f\u017ee se li\u0161it - z\u00e1vis\u00ed na slitin\u011b)<\/li>\n<li>D\u00e9lka peletky je 10,8 mm.<\/li>\n<li>8 dutin<\/li>\n<li>Ocelov\u00fd vtokov\u00fd plech<\/li>\n<li>Se\u0159izovac\u00ed \u010depy z kalen\u00e9 oceli<\/li>\n<li>imbusov\u00e9 kl\u00ed\u010de jsou sou\u010d\u00e1st\u00ed dod\u00e1vky<\/li>\n<li>Pou\u017eijte rukoje\u0165 LEE 6 dutin nebo rukojeti formy MP (NEJSOU sou\u010d\u00e1st\u00ed dod\u00e1vky).<\/li>\n<\/ul>\n<p>Pod\u00edvejte se na obr\u00e1zky na\u0161ich produkt\u016f v <a href=\"index.php\/gallery\">galerie<\/a><\/p>","protected":false},"excerpt":{"rendered":"<ul>\n<li>Forma se odl\u00e9v\u00e1 s pr\u016fm\u011brem 6,35 mm s v\u00e1hou slitiny kol (m\u016f\u017ee se li\u0161it - z\u00e1le\u017e\u00ed na slitin\u011b)<\/li>\n<li>47 grains (m\u016f\u017ee se li\u0161it - z\u00e1vis\u00ed na slitin\u011b)<\/li>\n<li>D\u00e9lka peletky je 10,8 mm.<\/li>\n<li>8 dutin<\/li>\n<li>Ocelov\u00fd vtokov\u00fd plech<\/li>\n<li>Se\u0159izovac\u00ed \u010depy z kalen\u00e9 oceli<\/li>\n<li>imbusov\u00e9 kl\u00ed\u010de jsou sou\u010d\u00e1st\u00ed dod\u00e1vky<\/li>\n<li>Pou\u017eijte rukoje\u0165 LEE 6 dutin nebo rukojeti formy MP (NEJSOU sou\u010d\u00e1st\u00ed dod\u00e1vky).<\/li>\n<\/ul>\n<p>Pod\u00edvejte se na obr\u00e1zky na\u0161ich produkt\u016f v <a href=\"index.php\/gallery\">galerie<\/a><\/p>","protected":false},"featured_media":50068,"comment_status":"open","ping_status":"closed","template":"","meta":[],"product_brand":[],"product_cat":[114,24,33],"product_tag":[],"class_list":{"0":"post-50067","1":"product","2":"type-product","3":"status-publish","4":"has-post-thumbnail","6":"product_cat-air-rifle-molds","7":"product_cat-molds","8":"product_cat-solid-molds","9":"pa_brand-mp-molds","10":"pa_caliber-as-cast-6-35-mm","11":"pa_dodatni_opis-aluminum-mold-for-hobby-hand-casting-set-contains-mold-allen-keys-metal-pin-sprue-lever-handle","12":"pa_handles-included-no","13":"pa_manufacturer-mp-molds","14":"pa_material-aluminum","15":"pa_number-of-cavities-8-cavities","16":"pa_pb-bb-gc-hb-bevel-base","17":"pa_polica-3-0","19":"first","20":"instock","21":"sale","22":"taxable","23":"shipping-taxable","24":"purchasable","25":"product-type-simple"},"_links":{"self":[{"href":"https:\/\/www.mp-molds.com\/cs\/wp-json\/wp\/v2\/product\/50067","targetHints":{"allow":["GET"]}}],"collection":[{"href":"https:\/\/www.mp-molds.com\/cs\/wp-json\/wp\/v2\/product"}],"about":[{"href":"https:\/\/www.mp-molds.com\/cs\/wp-json\/wp\/v2\/types\/product"}],"replies":[{"embeddable":true,"href":"https:\/\/www.mp-molds.com\/cs\/wp-json\/wp\/v2\/comments?post=50067"}],"wp:featuredmedia":[{"embeddable":true,"href":"https:\/\/www.mp-molds.com\/cs\/wp-json\/wp\/v2\/media\/50068"}],"wp:attachment":[{"href":"https:\/\/www.mp-molds.com\/cs\/wp-json\/wp\/v2\/media?parent=50067"}],"wp:term":[{"taxonomy":"product_brand","embeddable":true,"href":"https:\/\/www.mp-molds.com\/cs\/wp-json\/wp\/v2\/product_brand?post=50067"},{"taxonomy":"product_cat","embeddable":true,"href":"https:\/\/www.mp-molds.com\/cs\/wp-json\/wp\/v2\/product_cat?post=50067"},{"taxonomy":"product_tag","embeddable":true,"href":"https:\/\/www.mp-molds.com\/cs\/wp-json\/wp\/v2\/product_tag?post=50067"}],"curies":[{"name":"wp","href":"https:\/\/api.w.org\/{rel}","templated":true}]}}