{"id":50036,"date":"2019-06-04T14:42:25","date_gmt":"2019-06-04T12:42:25","guid":{"rendered":"https:\/\/www.mp-molds.com\/product\/mp-356-130-2r-6-cav-bevel-base-no-lube-groove\/"},"modified":"2026-03-06T10:13:42","modified_gmt":"2026-03-06T09:13:42","slug":"mp-356-130-2r-6-kuzelova-zakladna-bez-mazaci-drazky","status":"publish","type":"product","link":"https:\/\/www.mp-molds.com\/cs\/product\/mp-356-130-2r-6-cav-bevel-base-no-lube-groove\/","title":{"rendered":"MP 356-130 2R (358 cal.) 6 dutin Ku\u017eelov\u00e1 z\u00e1kladna NO LUBE dr\u00e1\u017ekov\u00e1 forma"},"content":{"rendered":"<ul>\n<li>Odlitek r\u00e1\u017ee .358 - 130 pln\u00fdch<\/li>\n<li>Pro pou\u017eit\u00ed i v r\u00e1\u017ei 9 mm. Snadno zv\u011bt\u0161uje a\u017e do pr\u016fm\u011bru .356.<\/li>\n<li>Mosazn\u00e1 forma<\/li>\n<li>Ocelov\u00fd vtokov\u00fd plech<\/li>\n<li>Se\u0159izovac\u00ed \u010depy z kalen\u00e9 oceli<\/li>\n<li>imbusov\u00e9 kl\u00ed\u010de jsou sou\u010d\u00e1st\u00ed dod\u00e1vky<\/li>\n<li>V\u010detn\u011b horn\u00edho d\u011brova\u010de RCBS\/Lyman<\/li>\n<li>Pou\u017eijte rukoje\u0165 LEE 6 dutin nebo rukojeti formy MP (NEJSOU sou\u010d\u00e1st\u00ed dod\u00e1vky).<\/li>\n<\/ul>\n<p>Pod\u00edvejte se na obr\u00e1zky na\u0161ich produkt\u016f v <a href=\"index.php\/gallery\">galerie<\/a><\/p>","protected":false},"excerpt":{"rendered":"<ul>\n<li>Odlitek r\u00e1\u017ee .358 - 130 pln\u00fdch<\/li>\n<li>Pro pou\u017eit\u00ed i v r\u00e1\u017ei 9 mm. Snadno zv\u011bt\u0161uje a\u017e do pr\u016fm\u011bru .356.<\/li>\n<li>Mosazn\u00e1 forma<\/li>\n<li>Ocelov\u00fd vtokov\u00fd plech<\/li>\n<li>Se\u0159izovac\u00ed \u010depy z kalen\u00e9 oceli<\/li>\n<li>imbusov\u00e9 kl\u00ed\u010de jsou sou\u010d\u00e1st\u00ed dod\u00e1vky<\/li>\n<li>V\u010detn\u011b horn\u00edho d\u011brova\u010de RCBS\/Lyman<\/li>\n<li>Pou\u017eijte rukoje\u0165 LEE 6 dutin nebo rukojeti formy MP (NEJSOU sou\u010d\u00e1st\u00ed dod\u00e1vky).<\/li>\n<\/ul>\n<p>Pod\u00edvejte se na obr\u00e1zky na\u0161ich produkt\u016f v <a href=\"index.php\/gallery\">galerie<\/a><\/p>","protected":false},"featured_media":50037,"comment_status":"open","ping_status":"open","template":"","meta":[],"product_brand":[],"product_cat":[107,24,33],"product_tag":[443,186,48,444],"class_list":{"0":"post-50036","1":"product","2":"type-product","3":"status-publish","4":"has-post-thumbnail","6":"product_cat-alternative-coating-molds","7":"product_cat-molds","8":"product_cat-solid-molds","9":"product_tag-38super","10":"product_tag-9mm","11":"product_tag-9x17","12":"product_tag-9x21","13":"pa_brand-mp-molds","14":"pa_caliber-as-cast-391","15":"pa_dodatni_opis-brass-mold-for-hobby-hand-casting-set-contains-mold-allen-keys-metal-pin","16":"pa_handles-included-no","17":"pa_manufacturer-mp-molds","18":"pa_material-brass","19":"pa_number-of-cavities-6-cavities","20":"pa_pb-bb-gc-hb-bevel-base","21":"pa_polica-12-2","23":"first","24":"outofstock","25":"sale","26":"taxable","27":"shipping-taxable","28":"purchasable","29":"product-type-simple"},"_links":{"self":[{"href":"https:\/\/www.mp-molds.com\/cs\/wp-json\/wp\/v2\/product\/50036","targetHints":{"allow":["GET"]}}],"collection":[{"href":"https:\/\/www.mp-molds.com\/cs\/wp-json\/wp\/v2\/product"}],"about":[{"href":"https:\/\/www.mp-molds.com\/cs\/wp-json\/wp\/v2\/types\/product"}],"replies":[{"embeddable":true,"href":"https:\/\/www.mp-molds.com\/cs\/wp-json\/wp\/v2\/comments?post=50036"}],"wp:featuredmedia":[{"embeddable":true,"href":"https:\/\/www.mp-molds.com\/cs\/wp-json\/wp\/v2\/media\/50037"}],"wp:attachment":[{"href":"https:\/\/www.mp-molds.com\/cs\/wp-json\/wp\/v2\/media?parent=50036"}],"wp:term":[{"taxonomy":"product_brand","embeddable":true,"href":"https:\/\/www.mp-molds.com\/cs\/wp-json\/wp\/v2\/product_brand?post=50036"},{"taxonomy":"product_cat","embeddable":true,"href":"https:\/\/www.mp-molds.com\/cs\/wp-json\/wp\/v2\/product_cat?post=50036"},{"taxonomy":"product_tag","embeddable":true,"href":"https:\/\/www.mp-molds.com\/cs\/wp-json\/wp\/v2\/product_tag?post=50036"}],"curies":[{"name":"wp","href":"https:\/\/api.w.org\/{rel}","templated":true}]}}