{"id":50008,"date":"2019-06-04T14:42:23","date_gmt":"2019-06-04T12:42:23","guid":{"rendered":"https:\/\/www.mp-molds.com\/product\/mp-316-410-pb-hp-4-cav\/"},"modified":"2026-03-06T10:13:28","modified_gmt":"2026-03-06T09:13:28","slug":"mp-316-410-pb-hp-4-kavalerie","status":"publish","type":"product","link":"https:\/\/www.mp-molds.com\/cs\/product\/mp-316-410-pb-hp-4-cav\/","title":{"rendered":"MP 314-410 HP 4 dutinov\u00e9 formy (v\u00edce mo\u017enost\u00ed)"},"content":{"rendered":"<ul>\n<li>Odlitek r\u00e1\u017ee .314<\/li>\n<li>311-410 Lyman clone<\/li>\n<li>Sou\u010d\u00e1st\u00ed balen\u00ed jsou velk\u00e9 kulat\u00e9, mal\u00e9 kulat\u00e9 a pr\u00e1zdn\u00e9 kol\u00edky<\/li>\n<li>pevn\u00fd 135gn., 124gn velk\u00fd n\u00e1boj, 129 mal\u00fd n\u00e1boj s WW slitinou<\/li>\n<li>Ocelov\u00fd vtokov\u00fd plech<\/li>\n<li>Se\u0159izovac\u00ed \u010depy z kalen\u00e9 oceli<\/li>\n<li>imbusov\u00e9 kl\u00ed\u010de jsou sou\u010d\u00e1st\u00ed dod\u00e1vky<\/li>\n<li>V\u010detn\u011b horn\u00edho d\u011brova\u010de RCBS\/Lyman<\/li>\n<li>Pou\u017eijte rukoje\u0165 LEE 6 dutin nebo rukojeti formy MP (NEJSOU sou\u010d\u00e1st\u00ed dod\u00e1vky).<\/li>\n<\/ul>\n<p>Pod\u00edvejte se na obr\u00e1zky na\u0161ich produkt\u016f v <a href=\"index.php\/gallery\">galerie<\/a><\/p>","protected":false},"excerpt":{"rendered":"<ul>\n<li>Odlitek r\u00e1\u017ee .314<\/li>\n<li>311-410 Lyman clone<\/li>\n<li>Sou\u010d\u00e1st\u00ed balen\u00ed jsou velk\u00e9 kulat\u00e9, mal\u00e9 kulat\u00e9 a pr\u00e1zdn\u00e9 kol\u00edky<\/li>\n<li>pevn\u00fd 135gn., 124gn velk\u00fd n\u00e1boj, 129 mal\u00fd n\u00e1boj s WW slitinou<\/li>\n<li>Ocelov\u00fd vtokov\u00fd plech<\/li>\n<li>Se\u0159izovac\u00ed \u010depy z kalen\u00e9 oceli<\/li>\n<li>imbusov\u00e9 kl\u00ed\u010de jsou sou\u010d\u00e1st\u00ed dod\u00e1vky<\/li>\n<li>V\u010detn\u011b horn\u00edho d\u011brova\u010de RCBS\/Lyman<\/li>\n<li>Pou\u017eijte rukoje\u0165 LEE 6 dutin nebo rukojeti formy MP (NEJSOU sou\u010d\u00e1st\u00ed dod\u00e1vky).<\/li>\n<\/ul>\n<p>Pod\u00edvejte se na obr\u00e1zky na\u0161ich produkt\u016f v <a href=\"index.php\/gallery\">galerie<\/a><\/p>","protected":false},"featured_media":50009,"comment_status":"open","ping_status":"open","template":"","meta":[],"product_brand":[],"product_cat":[42,24,56],"product_tag":[452,453],"class_list":{"0":"post-50008","1":"product","2":"type-product","3":"status-publish","4":"has-post-thumbnail","6":"product_cat-hp-hollow-points-molds","7":"product_cat-molds","8":"product_cat-rifle-hp-molds","9":"product_tag-300blackout","10":"product_tag-308win","11":"pa_brand-mp-molds","12":"pa_caliber-as-cast-389","13":"pa_dodatni_opis-brass-mold-for-hobby-hand-casting-set-contains-mold-allen-keys-metal-pins-e-clips","14":"pa_handles-included-no","15":"pa_manufacturer-mp-molds","16":"pa_material-brass","17":"pa_number-of-cavities-4-cavities","18":"pa_pb-bb-gc-hb-gas-check","19":"pa_pb-bb-gc-hb-plain-base","20":"pa_polica-11-7","21":"pa_polica-pis","23":"first","24":"instock","25":"sale","26":"taxable","27":"shipping-taxable","28":"purchasable","29":"product-type-variable"},"_links":{"self":[{"href":"https:\/\/www.mp-molds.com\/cs\/wp-json\/wp\/v2\/product\/50008","targetHints":{"allow":["GET"]}}],"collection":[{"href":"https:\/\/www.mp-molds.com\/cs\/wp-json\/wp\/v2\/product"}],"about":[{"href":"https:\/\/www.mp-molds.com\/cs\/wp-json\/wp\/v2\/types\/product"}],"replies":[{"embeddable":true,"href":"https:\/\/www.mp-molds.com\/cs\/wp-json\/wp\/v2\/comments?post=50008"}],"wp:featuredmedia":[{"embeddable":true,"href":"https:\/\/www.mp-molds.com\/cs\/wp-json\/wp\/v2\/media\/50009"}],"wp:attachment":[{"href":"https:\/\/www.mp-molds.com\/cs\/wp-json\/wp\/v2\/media?parent=50008"}],"wp:term":[{"taxonomy":"product_brand","embeddable":true,"href":"https:\/\/www.mp-molds.com\/cs\/wp-json\/wp\/v2\/product_brand?post=50008"},{"taxonomy":"product_cat","embeddable":true,"href":"https:\/\/www.mp-molds.com\/cs\/wp-json\/wp\/v2\/product_cat?post=50008"},{"taxonomy":"product_tag","embeddable":true,"href":"https:\/\/www.mp-molds.com\/cs\/wp-json\/wp\/v2\/product_tag?post=50008"}],"curies":[{"name":"wp","href":"https:\/\/api.w.org\/{rel}","templated":true}]}}