{"id":49967,"date":"2019-06-04T14:42:16","date_gmt":"2019-06-04T12:42:16","guid":{"rendered":"https:\/\/www.mp-molds.com\/product\/mp-454-308-keith-hp\/"},"modified":"2026-03-06T10:13:05","modified_gmt":"2026-03-06T09:13:05","slug":"mp-454-308-keith-hp","status":"publish","type":"product","link":"https:\/\/www.mp-molds.com\/cs\/product\/mp-454-308-keith-hp\/","title":{"rendered":"MP 454-308 Keith HP 4 dutiny"},"content":{"rendered":"<ul>\n<li>Odlitek r\u00e1\u017ee .454.<\/li>\n<li>Solid 308 gr., Large\/Penta HP 287 gr., Small HP 301 gr., Cup HP 300 gr.<\/li>\n<li>Dr\u00e1\u017eka od dr\u00e1\u017eky pro lisov\u00e1n\u00ed 0,416\u2033<\/li>\n<li>Kulat\u00e9, mal\u00e9 kulat\u00e9, penta, pr\u00e1zdn\u00e9 kol\u00edky a kol\u00ed\u010dky s kal\u00ed\u0161kem<\/li>\n<li>Ocelov\u00fd vtokov\u00fd plech<\/li>\n<li>Se\u0159izovac\u00ed \u010depy z kalen\u00e9 oceli<\/li>\n<li>imbusov\u00e9 kl\u00ed\u010de jsou sou\u010d\u00e1st\u00ed dod\u00e1vky<\/li>\n<li>V\u010detn\u011b horn\u00edho d\u011brova\u010de RCBS\/Lyman<\/li>\n<li>Pou\u017eijte rukoje\u0165 LEE 6 dutin nebo rukojeti formy MP (NEJSOU sou\u010d\u00e1st\u00ed dod\u00e1vky).<\/li>\n<\/ul>\n<p>Pod\u00edvejte se na obr\u00e1zky na\u0161ich produkt\u016f v <a href=\"http:\/\/mp-molds.com\/index.php\/gallery\">galerie<\/a><\/p>\n<p><img decoding=\"async\" src=\"images\/454308K.png\" alt=\"\" width=\"266\" height=\"157\" title=\"\"><\/p>","protected":false},"excerpt":{"rendered":"<ul>\n<li>Odlitek r\u00e1\u017ee .454.<\/li>\n<li>Solid 308 gr., Large\/Penta HP 287 gr., Small HP 301 gr., Cup HP 300 gr.<\/li>\n<li>Dr\u00e1\u017eka od dr\u00e1\u017eky pro lisov\u00e1n\u00ed 0,416\u2033<\/li>\n<li>Kulat\u00e9, mal\u00e9 kulat\u00e9, penta, pr\u00e1zdn\u00e9 kol\u00edky a kol\u00ed\u010dky s kal\u00ed\u0161kem<\/li>\n<li>Ocelov\u00fd vtokov\u00fd plech<\/li>\n<li>Se\u0159izovac\u00ed \u010depy z kalen\u00e9 oceli<\/li>\n<li>imbusov\u00e9 kl\u00ed\u010de jsou sou\u010d\u00e1st\u00ed dod\u00e1vky<\/li>\n<li>V\u010detn\u011b horn\u00edho d\u011brova\u010de RCBS\/Lyman<\/li>\n<li>Pou\u017eijte rukoje\u0165 LEE 6 dutin nebo rukojeti formy MP (NEJSOU sou\u010d\u00e1st\u00ed dod\u00e1vky).<\/li>\n<\/ul>\n<p>Pod\u00edvejte se na obr\u00e1zky na\u0161ich produkt\u016f v <a href=\"http:\/\/mp-molds.com\/index.php\/gallery\">galerie<\/a><\/p>","protected":false},"featured_media":49968,"comment_status":"open","ping_status":"open","template":"","meta":[],"product_brand":[],"product_cat":[42,24],"product_tag":[439],"class_list":{"0":"post-49967","1":"product","2":"type-product","3":"status-publish","4":"has-post-thumbnail","6":"product_cat-hp-hollow-points-molds","7":"product_cat-molds","8":"product_tag-45colt","9":"pa_brand-mp-molds","10":"pa_caliber-as-cast-383","11":"pa_dodatni_opis-brass-mold-for-hobby-hand-casting-set-contains-mold-allen-keys-metal-pins-e-clips","12":"pa_handles-included-no","13":"pa_manufacturer-mp-molds","14":"pa_material-brass","15":"pa_number-of-cavities-4-cavities","16":"pa_pb-bb-gc-hb-plain-base","17":"pa_polica-13-6","19":"first","20":"instock","21":"sale","22":"taxable","23":"shipping-taxable","24":"purchasable","25":"product-type-simple"},"_links":{"self":[{"href":"https:\/\/www.mp-molds.com\/cs\/wp-json\/wp\/v2\/product\/49967","targetHints":{"allow":["GET"]}}],"collection":[{"href":"https:\/\/www.mp-molds.com\/cs\/wp-json\/wp\/v2\/product"}],"about":[{"href":"https:\/\/www.mp-molds.com\/cs\/wp-json\/wp\/v2\/types\/product"}],"replies":[{"embeddable":true,"href":"https:\/\/www.mp-molds.com\/cs\/wp-json\/wp\/v2\/comments?post=49967"}],"wp:featuredmedia":[{"embeddable":true,"href":"https:\/\/www.mp-molds.com\/cs\/wp-json\/wp\/v2\/media\/49968"}],"wp:attachment":[{"href":"https:\/\/www.mp-molds.com\/cs\/wp-json\/wp\/v2\/media?parent=49967"}],"wp:term":[{"taxonomy":"product_brand","embeddable":true,"href":"https:\/\/www.mp-molds.com\/cs\/wp-json\/wp\/v2\/product_brand?post=49967"},{"taxonomy":"product_cat","embeddable":true,"href":"https:\/\/www.mp-molds.com\/cs\/wp-json\/wp\/v2\/product_cat?post=49967"},{"taxonomy":"product_tag","embeddable":true,"href":"https:\/\/www.mp-molds.com\/cs\/wp-json\/wp\/v2\/product_tag?post=49967"}],"curies":[{"name":"wp","href":"https:\/\/api.w.org\/{rel}","templated":true}]}}