{"id":49933,"date":"2019-06-04T14:42:10","date_gmt":"2019-06-04T12:42:10","guid":{"rendered":"https:\/\/www.mp-molds.com\/product\/mp-411-640-pb-hp-4-cav\/"},"modified":"2026-03-06T10:12:51","modified_gmt":"2026-03-06T09:12:51","slug":"mp-411-640-pb-hp-4-cav","status":"publish","type":"product","link":"https:\/\/www.mp-molds.com\/cs\/product\/mp-411-640-pb-hp-4-cav\/","title":{"rendered":"MP 411-640 PB HP 4 dutinov\u00e1 forma"},"content":{"rendered":"<ul>\n<li>Odlitek r\u00e1\u017ee .412 - 172 dut\u00fdch nebo 184 grainov\u00fdch pln\u00fdch kuli\u010dek<\/li>\n<li>\u00a0Velk\u00fd HP, mal\u00fd HP, penta HP, slep\u00fd kol\u00edk pro ploch\u00fd nos<\/li>\n<li>Ocelov\u00fd vtokov\u00fd plech<\/li>\n<li>Se\u0159izovac\u00ed \u010depy z kalen\u00e9 oceli<\/li>\n<li>imbusov\u00e9 kl\u00ed\u010de jsou sou\u010d\u00e1st\u00ed dod\u00e1vky<\/li>\n<li>V\u010detn\u011b horn\u00edho d\u011brova\u010de RCBS\/Lyman<\/li>\n<li>Pou\u017eijte rukoje\u0165 LEE 6 dutin nebo rukojeti formy MP (NEJSOU sou\u010d\u00e1st\u00ed dod\u00e1vky).<\/li>\n<\/ul>\n<p>Pod\u00edvejte se na obr\u00e1zky na\u0161ich produkt\u016f v <a href=\"index.php\/gallery\">galerie<\/a><\/p>\n<p><img decoding=\"async\" src=\"images\/411640-HPs.JPG\" alt=\"\" title=\"\"><\/p>","protected":false},"excerpt":{"rendered":"<ul>\n<li>Odlitek r\u00e1\u017ee .412 - 172 dut\u00fdch nebo 184 grainov\u00fdch pln\u00fdch kuli\u010dek<\/li>\n<li>\u00a0Velk\u00fd HP, mal\u00fd HP, penta HP, slep\u00fd kol\u00edk pro ploch\u00fd nos<\/li>\n<li>Ocelov\u00fd vtokov\u00fd plech<\/li>\n<li>Se\u0159izovac\u00ed \u010depy z kalen\u00e9 oceli<\/li>\n<li>imbusov\u00e9 kl\u00ed\u010de jsou sou\u010d\u00e1st\u00ed dod\u00e1vky<\/li>\n<li>V\u010detn\u011b horn\u00edho d\u011brova\u010de RCBS\/Lyman<\/li>\n<li>Pou\u017eijte rukoje\u0165 LEE 6 dutin nebo rukojeti formy MP (NEJSOU sou\u010d\u00e1st\u00ed dod\u00e1vky).<\/li>\n<\/ul>\n<p>Pod\u00edvejte se na obr\u00e1zky na\u0161ich produkt\u016f v <a href=\"index.php\/gallery\">galerie<\/a><\/p>\n<p><img decoding=\"async\" src=\"images\/411640-HPs.JPG\" alt=\"\" \/><\/p>","protected":false},"featured_media":49932,"comment_status":"open","ping_status":"open","template":"","meta":[],"product_brand":[],"product_cat":[42,24],"product_tag":[475,474],"class_list":{"0":"post-49933","1":"product","2":"type-product","3":"status-publish","4":"has-post-thumbnail","6":"product_cat-hp-hollow-points-molds","7":"product_cat-molds","8":"product_tag-41-mag","9":"product_tag-41-spl","10":"pa_brand-mp-molds","11":"pa_caliber-as-cast-378","12":"pa_dodatni_opis-brass-mold-for-hobby-hand-casting-set-contains-mold-allen-keys-metal-pins-e-clips","13":"pa_handles-included-no","14":"pa_manufacturer-mp-molds","15":"pa_material-brass","16":"pa_number-of-cavities-4-cavities","17":"pa_pb-bb-gc-hb-plain-base","18":"pa_polica-1-3","20":"first","21":"instock","22":"sale","23":"taxable","24":"shipping-taxable","25":"purchasable","26":"product-type-simple"},"_links":{"self":[{"href":"https:\/\/www.mp-molds.com\/cs\/wp-json\/wp\/v2\/product\/49933","targetHints":{"allow":["GET"]}}],"collection":[{"href":"https:\/\/www.mp-molds.com\/cs\/wp-json\/wp\/v2\/product"}],"about":[{"href":"https:\/\/www.mp-molds.com\/cs\/wp-json\/wp\/v2\/types\/product"}],"replies":[{"embeddable":true,"href":"https:\/\/www.mp-molds.com\/cs\/wp-json\/wp\/v2\/comments?post=49933"}],"wp:featuredmedia":[{"embeddable":true,"href":"https:\/\/www.mp-molds.com\/cs\/wp-json\/wp\/v2\/media\/49932"}],"wp:attachment":[{"href":"https:\/\/www.mp-molds.com\/cs\/wp-json\/wp\/v2\/media?parent=49933"}],"wp:term":[{"taxonomy":"product_brand","embeddable":true,"href":"https:\/\/www.mp-molds.com\/cs\/wp-json\/wp\/v2\/product_brand?post=49933"},{"taxonomy":"product_cat","embeddable":true,"href":"https:\/\/www.mp-molds.com\/cs\/wp-json\/wp\/v2\/product_cat?post=49933"},{"taxonomy":"product_tag","embeddable":true,"href":"https:\/\/www.mp-molds.com\/cs\/wp-json\/wp\/v2\/product_tag?post=49933"}],"curies":[{"name":"wp","href":"https:\/\/api.w.org\/{rel}","templated":true}]}}