{"id":49927,"date":"2019-06-04T14:42:10","date_gmt":"2019-06-04T12:42:10","guid":{"rendered":"https:\/\/www.mp-molds.com\/product\/mp-227-65-gc-nato-6cav\/"},"modified":"2026-03-06T10:12:51","modified_gmt":"2026-03-06T09:12:51","slug":"mp-227-65-gc-nato-6cav","status":"publish","type":"product","link":"https:\/\/www.mp-molds.com\/cs\/product\/mp-227-65-gc-nato-6cav\/","title":{"rendered":"MP 227-65 GC Pevn\u00e1 forma se 6 dutinami"},"content":{"rendered":"<ul>\n<li>Odlitek r\u00e1\u017ee .227 - 65 grain solid<\/li>\n<li>Ocelov\u00fd vtokov\u00fd plech<\/li>\n<li>Se\u0159izovac\u00ed \u010depy z kalen\u00e9 oceli<\/li>\n<li>imbusov\u00e9 kl\u00ed\u010de jsou sou\u010d\u00e1st\u00ed dod\u00e1vky<\/li>\n<li>V\u010detn\u011b horn\u00edho d\u011brova\u010de RCBS\/Lyman<\/li>\n<li>Pou\u017eijte rukoje\u0165 LEE 6 dutin nebo rukojeti formy MP (NEJSOU sou\u010d\u00e1st\u00ed dod\u00e1vky).<\/li>\n<\/ul>\n<p>Pod\u00edvejte se na obr\u00e1zky na\u0161ich produkt\u016f v <a href=\"index.php\/gallery\">galerie<\/a><\/p>","protected":false},"excerpt":{"rendered":"<ul>\n<li>Odlitek r\u00e1\u017ee .227 - 65 grain solid<\/li>\n<li>Ocelov\u00fd vtokov\u00fd plech<\/li>\n<li>Se\u0159izovac\u00ed \u010depy z kalen\u00e9 oceli<\/li>\n<li>imbusov\u00e9 kl\u00ed\u010de jsou sou\u010d\u00e1st\u00ed dod\u00e1vky<\/li>\n<li>V\u010detn\u011b horn\u00edho d\u011brova\u010de RCBS\/Lyman<\/li>\n<li>Pou\u017eijte rukoje\u0165 LEE 6 dutin nebo rukojeti formy MP (NEJSOU sou\u010d\u00e1st\u00ed dod\u00e1vky).<\/li>\n<\/ul>\n<p>Pod\u00edvejte se na obr\u00e1zky na\u0161ich produkt\u016f v <a href=\"index.php\/gallery\">galerie<\/a><\/p>","protected":false},"featured_media":49925,"comment_status":"open","ping_status":"open","template":"","meta":[],"product_brand":[],"product_cat":[24,33],"product_tag":[449,450],"class_list":{"0":"post-49927","1":"product","2":"type-product","3":"status-publish","4":"has-post-thumbnail","6":"product_cat-molds","7":"product_cat-solid-molds","8":"product_tag-223rem","9":"product_tag-5-56nato","10":"pa_brand-mp-molds","11":"pa_caliber-as-cast-375","12":"pa_dodatni_opis-brass-mold-for-hobby-hand-casting-set-contains-mold-allen-keys-metal-pin","13":"pa_handles-included-no","14":"pa_manufacturer-mp-molds","15":"pa_material-brass","16":"pa_number-of-cavities-6-cavities","17":"pa_pb-bb-gc-hb-gas-check","18":"pa_polica-11-6","20":"first","21":"instock","22":"sale","23":"taxable","24":"shipping-taxable","25":"purchasable","26":"product-type-simple"},"_links":{"self":[{"href":"https:\/\/www.mp-molds.com\/cs\/wp-json\/wp\/v2\/product\/49927","targetHints":{"allow":["GET"]}}],"collection":[{"href":"https:\/\/www.mp-molds.com\/cs\/wp-json\/wp\/v2\/product"}],"about":[{"href":"https:\/\/www.mp-molds.com\/cs\/wp-json\/wp\/v2\/types\/product"}],"replies":[{"embeddable":true,"href":"https:\/\/www.mp-molds.com\/cs\/wp-json\/wp\/v2\/comments?post=49927"}],"wp:featuredmedia":[{"embeddable":true,"href":"https:\/\/www.mp-molds.com\/cs\/wp-json\/wp\/v2\/media\/49925"}],"wp:attachment":[{"href":"https:\/\/www.mp-molds.com\/cs\/wp-json\/wp\/v2\/media?parent=49927"}],"wp:term":[{"taxonomy":"product_brand","embeddable":true,"href":"https:\/\/www.mp-molds.com\/cs\/wp-json\/wp\/v2\/product_brand?post=49927"},{"taxonomy":"product_cat","embeddable":true,"href":"https:\/\/www.mp-molds.com\/cs\/wp-json\/wp\/v2\/product_cat?post=49927"},{"taxonomy":"product_tag","embeddable":true,"href":"https:\/\/www.mp-molds.com\/cs\/wp-json\/wp\/v2\/product_tag?post=49927"}],"curies":[{"name":"wp","href":"https:\/\/api.w.org\/{rel}","templated":true}]}}